{"id":44612,"date":"2024-06-10T20:21:19","date_gmt":"2024-06-10T20:21:19","guid":{"rendered":"https:\/\/creadivo.md\/?post_type=product&#038;p=44612"},"modified":"2026-03-31T00:10:56","modified_gmt":"2026-03-31T00:10:56","slug":"set-de-dus-incastrat-lungo-gold-rosebox","status":"publish","type":"product","link":"https:\/\/creadivo.md\/ru\/product\/set-de-dus-incastrat-lungo-gold-rosebox\/","title":{"rendered":"\u0414\u0423\u0428\u0415\u0412\u0410\u042f \u0421\u0418\u0421\u0422\u0415\u041c\u0410 LUNGO GOLD ROSE+BOX"},"content":{"rendered":"<p>Setul de du\u0219 ascuns Lungo este un alt element al colec\u021biei moderne \u0219i foarte populare de baterii de baie Lungo. Culoarea Rose Gold este una dintre multele variante de culoare ale acestei colec\u021bii. Combinat cu un robinet din aur roz \u0219i chiuvete \u0219i cabine frumoase pe care le g\u0103si\u021bi \u00een magazinul nostru, v\u0103 oferim posibilitatea de a decora cele mai frumoase \u0219i sofisticate spa\u021bii de baie.<\/p>\n<p>Robinetul este echipat cu un sistem inovator de asamblare BOX, care faciliteaz\u0103 instalarea \u0219i protejeaz\u0103 elementele interne \u00een timpul instal\u0103rii. O nivel\u0103 cu bul\u0103 de aer plasat\u0103 pe partea superioar\u0103 a carcasei ajut\u0103 la asigurarea nivel\u0103rii corecte a bateriei.<\/p>\n<div style=\"margin: 20px 0;\"><div class=\"qrcswholewtapper\" style=\"text-align:left;\"><div class=\"qrcprowrapper\"  id=\"qrcwraa2leds\"><div class=\"qrc_canvass\" id=\"qrc_cuttenpages_2\" style=\"display:inline-block\" data-text=\"https:\/\/creadivo.md\/ru\/product\/set-de-dus-incastrat-lungo-gold-rosebox\/\"><\/div><\/div><\/div><\/div>","protected":false},"excerpt":{"rendered":"<p>Setul de du\u0219 ascuns Lungo este un alt element al colec\u021biei moderne \u0219i foarte populare de baterii de baie Lungo.<\/p>","protected":false},"featured_media":44613,"template":"","meta":[],"product_brand":[],"product_cat":[1650,2085],"product_tag":[],"class_list":{"0":"post-44612","1":"product","2":"type-product","3":"status-publish","4":"has-post-thumbnail","6":"product_cat-seturi-de-dus","7":"product_cat-sisteme-de-dus","8":"pa_cap-ceramica-cu-mixer","9":"pa_conexiune-1-2-inch","10":"pa_informatii-suplimentare-sistem-anti-calc-articulatia-sferica-permite-orice-pozitionare-a-dusului-cu-ploaie","11":"pa_instalare-montate-pe-perete","13":"first","14":"outofstock","15":"purchasable","16":"product-type-simple"},"_links":{"self":[{"href":"https:\/\/creadivo.md\/ru\/wp-json\/wp\/v2\/product\/44612","targetHints":{"allow":["GET"]}}],"collection":[{"href":"https:\/\/creadivo.md\/ru\/wp-json\/wp\/v2\/product"}],"about":[{"href":"https:\/\/creadivo.md\/ru\/wp-json\/wp\/v2\/types\/product"}],"version-history":[{"count":0,"href":"https:\/\/creadivo.md\/ru\/wp-json\/wp\/v2\/product\/44612\/revisions"}],"wp:featuredmedia":[{"embeddable":true,"href":"https:\/\/creadivo.md\/ru\/wp-json\/wp\/v2\/media\/44613"}],"wp:attachment":[{"href":"https:\/\/creadivo.md\/ru\/wp-json\/wp\/v2\/media?parent=44612"}],"wp:term":[{"taxonomy":"product_brand","embeddable":true,"href":"https:\/\/creadivo.md\/ru\/wp-json\/wp\/v2\/product_brand?post=44612"},{"taxonomy":"product_cat","embeddable":true,"href":"https:\/\/creadivo.md\/ru\/wp-json\/wp\/v2\/product_cat?post=44612"},{"taxonomy":"product_tag","embeddable":true,"href":"https:\/\/creadivo.md\/ru\/wp-json\/wp\/v2\/product_tag?post=44612"}],"curies":[{"name":"wp","href":"https:\/\/api.w.org\/{rel}","templated":true}]}}