{"id":44629,"date":"2024-06-10T20:21:43","date_gmt":"2024-06-10T20:21:43","guid":{"rendered":"https:\/\/creadivo.md\/?post_type=product&#038;p=44629"},"modified":"2024-11-15T17:53:59","modified_gmt":"2024-11-15T17:53:59","slug":"baterie-de-bucatarie-apollo-black-gold-rose","status":"publish","type":"product","link":"https:\/\/creadivo.md\/ru\/product\/baterie-de-bucatarie-apollo-black-gold-rose\/","title":{"rendered":"\u0421\u041c\u0415\u0421\u0418\u0422\u0415\u041b\u042c \u0414\u041b\u042f \u041a\u0423\u0425\u041d\u0418 APOLLO BLACK GOLD ROSE"},"content":{"rendered":"<p>V\u0103 prezent\u0103m un robinet de buc\u0103t\u0103rie mare unic, care se caracterizeaz\u0103 printr-o func\u021bionalitate extraordinar\u0103 datorit\u0103 unui gura de scurgere mobil \u0219i extras. Bateriea de bucatarie Apollo indeplineste cele mai inalte standarde si cerinte tehnice, garanteaza si utilizarea functionala a spatiului din jurul chiuvetei si confort in utilizarea de zi cu zi.<\/p>\n<p>Designul modern \u0219i aten\u021bia la detalii vor satisface chiar \u0219i cele mai sofisticate gusturi.<\/p>\n<div style=\"margin: 20px 0;\"><div class=\"qrcswholewtapper\" style=\"text-align:left;\"><div class=\"qrcprowrapper\"  id=\"qrcwraa2leds\"><div class=\"qrc_canvass\" id=\"qrc_cuttenpages_2\" style=\"display:inline-block\" data-text=\"https:\/\/creadivo.md\/ru\/product\/baterie-de-bucatarie-apollo-black-gold-rose\/\"><\/div><\/div><\/div><\/div>","protected":false},"excerpt":{"rendered":"<p>V\u0103 prezent\u0103m un robinet de buc\u0103t\u0103rie mare unic, care se caracterizeaz\u0103 printr-o func\u021bionalitate extraordinar\u0103 datorit\u0103 unui gura de scurgere mobil<\/p>","protected":false},"featured_media":44630,"template":"","meta":[],"product_brand":[],"product_cat":[29,101],"product_tag":[],"class_list":{"0":"post-44629","1":"product","2":"type-product","3":"status-publish","4":"has-post-thumbnail","6":"product_cat-baterii-sanitare","7":"product_cat-robinete-de-bucatarie","8":"pa_cap-ceramica-cu-mixer","9":"pa_conexiune-3-8-inch","10":"pa_inaltime-420-mm","11":"pa_informatii-suplimentare-mobil-gura-de-scurgere-aerator-de-aerare-cu-2-functii","12":"pa_instalare-pentru-chiuveta-sau-blat","14":"first","15":"instock","16":"purchasable","17":"product-type-simple"},"_links":{"self":[{"href":"https:\/\/creadivo.md\/ru\/wp-json\/wp\/v2\/product\/44629","targetHints":{"allow":["GET"]}}],"collection":[{"href":"https:\/\/creadivo.md\/ru\/wp-json\/wp\/v2\/product"}],"about":[{"href":"https:\/\/creadivo.md\/ru\/wp-json\/wp\/v2\/types\/product"}],"version-history":[{"count":0,"href":"https:\/\/creadivo.md\/ru\/wp-json\/wp\/v2\/product\/44629\/revisions"}],"wp:featuredmedia":[{"embeddable":true,"href":"https:\/\/creadivo.md\/ru\/wp-json\/wp\/v2\/media\/44630"}],"wp:attachment":[{"href":"https:\/\/creadivo.md\/ru\/wp-json\/wp\/v2\/media?parent=44629"}],"wp:term":[{"taxonomy":"product_brand","embeddable":true,"href":"https:\/\/creadivo.md\/ru\/wp-json\/wp\/v2\/product_brand?post=44629"},{"taxonomy":"product_cat","embeddable":true,"href":"https:\/\/creadivo.md\/ru\/wp-json\/wp\/v2\/product_cat?post=44629"},{"taxonomy":"product_tag","embeddable":true,"href":"https:\/\/creadivo.md\/ru\/wp-json\/wp\/v2\/product_tag?post=44629"}],"curies":[{"name":"wp","href":"https:\/\/api.w.org\/{rel}","templated":true}]}}