{"id":44741,"date":"2024-06-10T20:24:04","date_gmt":"2024-06-10T20:24:04","guid":{"rendered":"https:\/\/creadivo.md\/?post_type=product&#038;p=44741"},"modified":"2025-09-29T08:21:41","modified_gmt":"2025-09-29T08:21:41","slug":"baterie-cada-freestanding-lungo-ortis-gold","status":"publish","type":"product","link":"https:\/\/creadivo.md\/ru\/product\/baterie-cada-freestanding-lungo-ortis-gold\/","title":{"rendered":"\u0421\u041c\u0415\u0421\u0418\u0422\u0415\u041b\u042c \u0414\u041b\u042f \u0412\u0410\u041d\u041d\u042b \u041d\u0410\u041f\u041e\u041b\u042c\u041d\u042b\u0419 LUNGO ORTIS GOLD"},"content":{"rendered":"<p>Robinetul de podea auriu modern \u0219i func\u021bional impresioneaz\u0103 prin designul s\u0103u unic. Umple perfect spa\u021biul din baie. Produsul este realizat din alama acoperita cu un strat de aur. Robinetul este foarte rezistent \u0219i u\u0219or de cur\u0103\u021bat.<\/p>\n<p>Bateriile de sine st\u0103t\u0103toare sunt o op\u021biune modern\u0103 \u0219i elegant\u0103 pentru amplasarea robinetelor \u00een fiecare baie. Este o alternativa interesanta la robinetele instalate in pereti si pe marginile chiuvetelor. Sunt perfecte pentru b\u0103ile mai mari, juc\u00e2nd nu doar un rol pur func\u021bional, ci \u0219i unul decorativ. Combinate cu o chiuvet\u0103 de sine st\u0103t\u0103toare, potrivit\u0103 ca design cu robinetul, creeaz\u0103 un efect vizual excelent. Capetele ceramice garanteaz\u0103 o durat\u0103 lung\u0103 de via\u021b\u0103.<\/p>\n<div style=\"margin: 20px 0;\"><div class=\"qrcswholewtapper\" style=\"text-align:left;\"><div class=\"qrcprowrapper\"  id=\"qrcwraa2leds\"><div class=\"qrc_canvass\" id=\"qrc_cuttenpages_2\" style=\"display:inline-block\" data-text=\"https:\/\/creadivo.md\/ru\/product\/baterie-cada-freestanding-lungo-ortis-gold\/\"><\/div><\/div><\/div><\/div>","protected":false},"excerpt":{"rendered":"<p>Robinetul de podea auriu modern \u0219i func\u021bional impresioneaz\u0103 prin designul s\u0103u unic. Umple perfect spa\u021biul din baie. Produsul este realizat<\/p>","protected":false},"featured_media":44742,"template":"","meta":[],"product_brand":[],"product_cat":[29,290],"product_tag":[],"class_list":{"0":"post-44741","1":"product","2":"type-product","3":"status-publish","4":"has-post-thumbnail","6":"product_cat-baterii-sanitare","7":"product_cat-pentru-cada","8":"pa_cap-ceramica-cu-mixer","9":"pa_conexiune-pana-la-podea-3-8-inch","10":"pa_informatii-suplimentare-duza-mobila","11":"pa_instalare-pe-podea","13":"first","14":"instock","15":"purchasable","16":"product-type-simple"},"_links":{"self":[{"href":"https:\/\/creadivo.md\/ru\/wp-json\/wp\/v2\/product\/44741","targetHints":{"allow":["GET"]}}],"collection":[{"href":"https:\/\/creadivo.md\/ru\/wp-json\/wp\/v2\/product"}],"about":[{"href":"https:\/\/creadivo.md\/ru\/wp-json\/wp\/v2\/types\/product"}],"version-history":[{"count":0,"href":"https:\/\/creadivo.md\/ru\/wp-json\/wp\/v2\/product\/44741\/revisions"}],"wp:featuredmedia":[{"embeddable":true,"href":"https:\/\/creadivo.md\/ru\/wp-json\/wp\/v2\/media\/44742"}],"wp:attachment":[{"href":"https:\/\/creadivo.md\/ru\/wp-json\/wp\/v2\/media?parent=44741"}],"wp:term":[{"taxonomy":"product_brand","embeddable":true,"href":"https:\/\/creadivo.md\/ru\/wp-json\/wp\/v2\/product_brand?post=44741"},{"taxonomy":"product_cat","embeddable":true,"href":"https:\/\/creadivo.md\/ru\/wp-json\/wp\/v2\/product_cat?post=44741"},{"taxonomy":"product_tag","embeddable":true,"href":"https:\/\/creadivo.md\/ru\/wp-json\/wp\/v2\/product_tag?post=44741"}],"curies":[{"name":"wp","href":"https:\/\/api.w.org\/{rel}","templated":true}]}}