{"id":44750,"date":"2024-06-10T20:24:25","date_gmt":"2024-06-10T20:24:25","guid":{"rendered":"https:\/\/creadivo.md\/?post_type=product&#038;p=44750"},"modified":"2026-04-07T00:11:17","modified_gmt":"2026-04-07T00:11:17","slug":"lavoar-pe-blat-avia","status":"publish","type":"product","link":"https:\/\/creadivo.md\/ru\/product\/lavoar-pe-blat-avia\/","title":{"rendered":"\u0423\u041c\u042b\u0412\u0410\u041b\u042c\u041d\u0418\u041a AVIA"},"content":{"rendered":"<p>Lavoarul Avia este un model stilat si elegant. Se caracterizeaza prin simplitate si delicatete, asa ca poti fi sigura ca instalarea lui in baie nu va coplesi intreaga amenajare. Aceasta este o solu\u021bie pentru persoanele care pre\u021buiesc clasicele \u00eentr-o versiune modern\u0103. Avia este o chiuveta de blat, asa ca il poti aseza pe un dulap sau blat, castigand spatiu suplimentar si creand o combinatie stilistica interesanta.<\/p>\n<p>Ceramica din care este realizata chiuveta Avia permite o curatare usoara. Forma \u0219i dimensiunea universale fac ca chiuveta s\u0103 se potriveasc\u0103 perfect \u00een b\u0103ile medii \u0219i mici. Instalarea blatului este adesea folosit\u0103 at\u00e2t \u00een locuin\u021be, c\u00e2t \u0219i \u00een locurile folosite de mul\u021bi oameni. Aceast\u0103 metod\u0103 de instalare a lavoarelor devine din ce \u00een ce mai popular\u0103 datorit\u0103 numeroaselor sale avantaje \u0219i aspectului estetic. Pute\u021bi alege un robinet \u0219i un sifon potrivit pentru chiuveta Avia, care se reg\u0103sesc \u00een oferta noastr\u0103.<\/p>\n<div style=\"margin: 20px 0;\"><div class=\"qrcswholewtapper\" style=\"text-align:left;\"><div class=\"qrcprowrapper\"  id=\"qrcwraa2leds\"><div class=\"qrc_canvass\" id=\"qrc_cuttenpages_2\" style=\"display:inline-block\" data-text=\"https:\/\/creadivo.md\/ru\/product\/lavoar-pe-blat-avia\/\"><\/div><\/div><\/div><\/div>","protected":false},"excerpt":{"rendered":"<p>Lavoarul Avia este un model stilat si elegant. Se caracterizeaza prin simplitate si delicatete, asa ca poti fi sigura ca<\/p>","protected":false},"featured_media":44751,"template":"","meta":[],"product_brand":[],"product_cat":[21,286],"product_tag":[],"class_list":{"0":"post-44750","1":"product","2":"type-product","3":"status-publish","4":"has-post-thumbnail","6":"product_cat-lavoare","7":"product_cat-lavoar-pe-blat","8":"pa_gaura-baterie-nu","9":"pa_gaura-de-deversare-nu","10":"pa_marimea-510x345x110-mm","12":"first","13":"instock","14":"purchasable","15":"product-type-simple"},"_links":{"self":[{"href":"https:\/\/creadivo.md\/ru\/wp-json\/wp\/v2\/product\/44750","targetHints":{"allow":["GET"]}}],"collection":[{"href":"https:\/\/creadivo.md\/ru\/wp-json\/wp\/v2\/product"}],"about":[{"href":"https:\/\/creadivo.md\/ru\/wp-json\/wp\/v2\/types\/product"}],"version-history":[{"count":0,"href":"https:\/\/creadivo.md\/ru\/wp-json\/wp\/v2\/product\/44750\/revisions"}],"wp:featuredmedia":[{"embeddable":true,"href":"https:\/\/creadivo.md\/ru\/wp-json\/wp\/v2\/media\/44751"}],"wp:attachment":[{"href":"https:\/\/creadivo.md\/ru\/wp-json\/wp\/v2\/media?parent=44750"}],"wp:term":[{"taxonomy":"product_brand","embeddable":true,"href":"https:\/\/creadivo.md\/ru\/wp-json\/wp\/v2\/product_brand?post=44750"},{"taxonomy":"product_cat","embeddable":true,"href":"https:\/\/creadivo.md\/ru\/wp-json\/wp\/v2\/product_cat?post=44750"},{"taxonomy":"product_tag","embeddable":true,"href":"https:\/\/creadivo.md\/ru\/wp-json\/wp\/v2\/product_tag?post=44750"}],"curies":[{"name":"wp","href":"https:\/\/api.w.org\/{rel}","templated":true}]}}