{"id":44780,"date":"2024-06-10T20:25:05","date_gmt":"2024-06-10T20:25:05","guid":{"rendered":"https:\/\/creadivo.md\/?post_type=product&#038;p=44780"},"modified":"2026-03-27T00:11:27","modified_gmt":"2026-03-27T00:11:27","slug":"paravan-de-dus-bler-100","status":"publish","type":"product","link":"https:\/\/creadivo.md\/ru\/product\/paravan-de-dus-bler-100\/","title":{"rendered":"\u0414\u0423\u0428\u0415\u0412\u0410\u042f \u0421\u0422\u0415\u041d\u041a\u0410 BLER 100"},"content":{"rendered":"<p>Designul modern cu un subtil indiciu de geometrie va re\u00eemprosp\u0103ta cu siguran\u021b\u0103 orice decor de baie \u0219i va introduce o atmosfer\u0103 uimitoare, indiferent dac\u0103 designul interior este modern, vintage sau orice alt stil.<\/p>\n<p>Profilele negre combinate cu sticla transparenta nu sunt altceva decat un echilibru perfect in designul intregului produs. Liniile negre care trec de-a lungul peretelui, cre\u00e2nd un model perfect echilibrat, este un alt avantaj care \u00eenc\u00e2nt\u0103 ochiul chiar \u0219i celor mai rafinate gusturi. Bra\u021bul reglabil din aluminiu completeaz\u0103 \u00eentreaga compozi\u021bie cu minimalismul s\u0103u.<\/p>\n<p>Peretele de dus Bler nu este doar o necesitate pentru igiena de zi cu zi, este si un moment pentru un moment de relaxare pe care il meritati dupa o zi lunga. Am depus toate eforturile pentru a ne asigura c\u0103, pe l\u00e2ng\u0103 func\u021bionalitatea de \u00eenalt\u0103 clas\u0103, produsul este \u0219i un element unic \u00een baia dumneavoastr\u0103 \u0219i aduce pl\u0103cere nu numai corpului, ci \u0219i ochilor. Las\u0103-te s\u0103 faci baia ta s\u0103 devin\u0103 mai mult dec\u00e2t un simplu loc pentru a te \u00eemprosp\u0103ta.<\/p>\n<p>Pentru un confort maxim, peretele nostru este acoperit cu stratul nano inovator Easy Clean, o tehnologie care v\u0103 permite s\u0103 men\u021bine\u021bi peretele \u00een ordine perfect\u0103 cu un efort minim. R\u0103m\u00e2ne\u021bi perfect curat f\u0103r\u0103 a utiliza detergen\u021bi puternici. \u00cen plus, banda de podea ata\u0219at\u0103 protejeaz\u0103 geamul du\u0219ului \u00eempotriva deterior\u0103rii. Culoarea neagr\u0103 se aplic\u0103 \u00een timpul procesului de produc\u021bie \u0219i apoi se \u00eent\u0103re\u0219te de dou\u0103 ori \u00eempreun\u0103 cu frunza la o temperatur\u0103 de 600-800\u00b0C. Acest lucru garanteaz\u0103 durabilitate 100% \u0219i rezisten\u021b\u0103 la zg\u00e2rieturi \u0219i deterior\u0103ri mecanice. Aceasta este singura metod\u0103 care asigur\u0103 cea mai \u00eenalt\u0103 calitate \u0219i durabilitate.<\/p>\n<div style=\"margin: 20px 0;\"><div class=\"qrcswholewtapper\" style=\"text-align:left;\"><div class=\"qrcprowrapper\"  id=\"qrcwraa2leds\"><div class=\"qrc_canvass\" id=\"qrc_cuttenpages_2\" style=\"display:inline-block\" data-text=\"https:\/\/creadivo.md\/ru\/product\/paravan-de-dus-bler-100\/\"><\/div><\/div><\/div><\/div>","protected":false},"excerpt":{"rendered":"<p>Designul modern cu un subtil indiciu de geometrie va re\u00eemprosp\u0103ta cu siguran\u021b\u0103 orice decor de baie \u0219i va introduce o<\/p>","protected":false},"featured_media":44781,"template":"","meta":[],"product_brand":[],"product_cat":[24,297],"product_tag":[],"class_list":{"0":"post-44780","1":"product","2":"type-product","3":"status-publish","4":"has-post-thumbnail","6":"product_cat-cabine-de-dus","7":"product_cat-paravan-pentru-dus","8":"pa_acoperire-usor-curatat","9":"pa_directia-de-instalare-universal","10":"pa_grosime-de-sticla-8-mm-intarit","11":"pa_inaltime-195-cm","12":"pa_informatii-suplimentare-are-o-banda-de-etaj-inferioara","13":"pa_instalare-pe-cabina-de-dus-sau-direct-pe-podea","14":"pa_suport-superior-1200-mm-cu-posibilitate-de-taiere","16":"first","17":"instock","18":"purchasable","19":"product-type-simple"},"_links":{"self":[{"href":"https:\/\/creadivo.md\/ru\/wp-json\/wp\/v2\/product\/44780","targetHints":{"allow":["GET"]}}],"collection":[{"href":"https:\/\/creadivo.md\/ru\/wp-json\/wp\/v2\/product"}],"about":[{"href":"https:\/\/creadivo.md\/ru\/wp-json\/wp\/v2\/types\/product"}],"version-history":[{"count":0,"href":"https:\/\/creadivo.md\/ru\/wp-json\/wp\/v2\/product\/44780\/revisions"}],"wp:featuredmedia":[{"embeddable":true,"href":"https:\/\/creadivo.md\/ru\/wp-json\/wp\/v2\/media\/44781"}],"wp:attachment":[{"href":"https:\/\/creadivo.md\/ru\/wp-json\/wp\/v2\/media?parent=44780"}],"wp:term":[{"taxonomy":"product_brand","embeddable":true,"href":"https:\/\/creadivo.md\/ru\/wp-json\/wp\/v2\/product_brand?post=44780"},{"taxonomy":"product_cat","embeddable":true,"href":"https:\/\/creadivo.md\/ru\/wp-json\/wp\/v2\/product_cat?post=44780"},{"taxonomy":"product_tag","embeddable":true,"href":"https:\/\/creadivo.md\/ru\/wp-json\/wp\/v2\/product_tag?post=44780"}],"curies":[{"name":"wp","href":"https:\/\/api.w.org\/{rel}","templated":true}]}}