{"id":44844,"date":"2024-06-10T20:26:04","date_gmt":"2024-06-10T20:26:04","guid":{"rendered":"https:\/\/creadivo.md\/?post_type=product&#038;p=44844"},"modified":"2026-04-08T00:11:08","modified_gmt":"2026-04-08T00:11:08","slug":"paravan-pentru-cada-idea-chrome-120","status":"publish","type":"product","link":"https:\/\/creadivo.md\/ru\/product\/paravan-pentru-cada-idea-chrome-120\/","title":{"rendered":"\u0428\u0422\u041e\u0420\u041a\u0410 \u0414\u041b\u042f \u0412\u0410\u041d\u041d\u042b IDEA CHROME 120"},"content":{"rendered":"<p>Paravan\u00a0 inovator \u0219i universal, datorit\u0103 designului s\u0103u cu 5 aripi, se va potrivi perfect cu orice form\u0103 a c\u0103zii. Balamalele avansate din punct de vedere tehnologic vor permite tuturor cercevelelor s\u0103 fie complet pliate pe perete.<\/p>\n<div style=\"margin: 20px 0;\"><div class=\"qrcswholewtapper\" style=\"text-align:left;\"><div class=\"qrcprowrapper\"  id=\"qrcwraa2leds\"><div class=\"qrc_canvass\" id=\"qrc_cuttenpages_2\" style=\"display:inline-block\" data-text=\"https:\/\/creadivo.md\/ru\/product\/paravan-pentru-cada-idea-chrome-120\/\"><\/div><\/div><\/div><\/div>","protected":false},"excerpt":{"rendered":"<p>Paravan\u00a0 inovator \u0219i universal, datorit\u0103 designului s\u0103u cu 5 aripi, se va potrivi perfect cu orice form\u0103 a c\u0103zii. Balamalele<\/p>","protected":false},"featured_media":44845,"template":"","meta":[],"product_brand":[],"product_cat":[23,2068],"product_tag":[],"class_list":{"0":"post-44844","1":"product","2":"type-product","3":"status-publish","4":"has-post-thumbnail","6":"product_cat-cazi-de-baie","7":"product_cat-paravane-pentru-cazi-de-baie","8":"pa_directia-de-instalare-universal","9":"pa_grosime-de-sticla-4mm-intarit","10":"pa_informatii-suplimentare-ecran-cu-5-foi-cu-etansare-inferioara","11":"pa_pliere-in-afara","13":"first","14":"instock","15":"purchasable","16":"product-type-simple"},"_links":{"self":[{"href":"https:\/\/creadivo.md\/ru\/wp-json\/wp\/v2\/product\/44844","targetHints":{"allow":["GET"]}}],"collection":[{"href":"https:\/\/creadivo.md\/ru\/wp-json\/wp\/v2\/product"}],"about":[{"href":"https:\/\/creadivo.md\/ru\/wp-json\/wp\/v2\/types\/product"}],"version-history":[{"count":0,"href":"https:\/\/creadivo.md\/ru\/wp-json\/wp\/v2\/product\/44844\/revisions"}],"wp:featuredmedia":[{"embeddable":true,"href":"https:\/\/creadivo.md\/ru\/wp-json\/wp\/v2\/media\/44845"}],"wp:attachment":[{"href":"https:\/\/creadivo.md\/ru\/wp-json\/wp\/v2\/media?parent=44844"}],"wp:term":[{"taxonomy":"product_brand","embeddable":true,"href":"https:\/\/creadivo.md\/ru\/wp-json\/wp\/v2\/product_brand?post=44844"},{"taxonomy":"product_cat","embeddable":true,"href":"https:\/\/creadivo.md\/ru\/wp-json\/wp\/v2\/product_cat?post=44844"},{"taxonomy":"product_tag","embeddable":true,"href":"https:\/\/creadivo.md\/ru\/wp-json\/wp\/v2\/product_tag?post=44844"}],"curies":[{"name":"wp","href":"https:\/\/api.w.org\/{rel}","templated":true}]}}