{"id":44861,"date":"2024-06-10T20:26:31","date_gmt":"2024-06-10T20:26:31","guid":{"rendered":"https:\/\/creadivo.md\/?post_type=product&#038;p=44861"},"modified":"2026-03-27T00:11:32","modified_gmt":"2026-03-27T00:11:32","slug":"coloana-de-dus-bravo-black","status":"publish","type":"product","link":"https:\/\/creadivo.md\/ru\/product\/coloana-de-dus-bravo-black\/","title":{"rendered":"\u0414\u0423\u0428\u0415\u0412\u0410\u042f \u0421\u0422\u041e\u0419\u041a\u0410 BRAVO BLACK"},"content":{"rendered":"<p>Coloana de du\u0219 Bravo Black a fost conceput\u0103 pentru confort \u0219i func\u021bionalitate. Cele mai bune tehnologii de v\u00e2rf au fost utilizate \u00een produc\u021bie pentru a garanta siguran\u021b\u0103 \u0219i confort maxim \u00een utilizarea de zi cu zi. Designul modern \u0219i unic \u0219i calitatea \u00eenalt\u0103 a materialelor utilizate garanteaz\u0103 durabilitate \u0219i fiabilitate pentru mul\u021bi ani.<\/p>\n<p>Aparatul este realizat din materiale de \u00eenalt\u0103 calitate, cum ar fi o\u021bel inoxidabil \u0219i alam\u0103. Coloana include un du\u0219 cu efect de ploaie \u0219i un receptor tradi\u021bional, f\u0103c\u00e2nd setul montat pe suprafa\u021b\u0103 Bravo Black nu numai atractiv din punct de vedere vizual, ci \u0219i func\u021bional. Robinetul este echipat cu un m\u00e2ner practic care v\u0103 permite s\u0103 controla\u021bi cu precizie fluxul de ap\u0103.<\/p>\n<div style=\"margin: 20px 0;\"><div class=\"qrcswholewtapper\" style=\"text-align:left;\"><div class=\"qrcprowrapper\"  id=\"qrcwraa2leds\"><div class=\"qrc_canvass\" id=\"qrc_cuttenpages_2\" style=\"display:inline-block\" data-text=\"https:\/\/creadivo.md\/ru\/product\/coloana-de-dus-bravo-black\/\"><\/div><\/div><\/div><\/div>","protected":false},"excerpt":{"rendered":"<p>Coloana de du\u0219 Bravo Black a fost conceput\u0103 pentru confort \u0219i func\u021bionalitate. Cele mai bune tehnologii de v\u00e2rf au fost<\/p>","protected":false},"featured_media":44862,"template":"","meta":[],"product_brand":[],"product_cat":[100,2085],"product_tag":[],"class_list":{"0":"post-44861","1":"product","2":"type-product","3":"status-publish","4":"has-post-thumbnail","6":"product_cat-coloane-de-dus","7":"product_cat-sisteme-de-dus","8":"pa_cap-ceramica-cu-mixer","9":"pa_conexiune-1-2-inch","10":"pa_inaltime-1050-mm","11":"pa_informatii-suplimentare-sistem-anti-calc-rotula-permite-orice-pozitionare-a-dusului-de-ploaie","12":"pa_instalare-montat-la-suprafata","14":"first","15":"instock","16":"purchasable","17":"product-type-simple"},"_links":{"self":[{"href":"https:\/\/creadivo.md\/ru\/wp-json\/wp\/v2\/product\/44861","targetHints":{"allow":["GET"]}}],"collection":[{"href":"https:\/\/creadivo.md\/ru\/wp-json\/wp\/v2\/product"}],"about":[{"href":"https:\/\/creadivo.md\/ru\/wp-json\/wp\/v2\/types\/product"}],"version-history":[{"count":0,"href":"https:\/\/creadivo.md\/ru\/wp-json\/wp\/v2\/product\/44861\/revisions"}],"wp:featuredmedia":[{"embeddable":true,"href":"https:\/\/creadivo.md\/ru\/wp-json\/wp\/v2\/media\/44862"}],"wp:attachment":[{"href":"https:\/\/creadivo.md\/ru\/wp-json\/wp\/v2\/media?parent=44861"}],"wp:term":[{"taxonomy":"product_brand","embeddable":true,"href":"https:\/\/creadivo.md\/ru\/wp-json\/wp\/v2\/product_brand?post=44861"},{"taxonomy":"product_cat","embeddable":true,"href":"https:\/\/creadivo.md\/ru\/wp-json\/wp\/v2\/product_cat?post=44861"},{"taxonomy":"product_tag","embeddable":true,"href":"https:\/\/creadivo.md\/ru\/wp-json\/wp\/v2\/product_tag?post=44861"}],"curies":[{"name":"wp","href":"https:\/\/api.w.org\/{rel}","templated":true}]}}