{"id":45014,"date":"2024-06-10T20:29:13","date_gmt":"2024-06-10T20:29:13","guid":{"rendered":"https:\/\/creadivo.md\/?post_type=product&#038;p=45014"},"modified":"2026-04-01T17:20:29","modified_gmt":"2026-04-01T17:20:29","slug":"lavoar-freestanding-agnes","status":"publish","type":"product","link":"https:\/\/creadivo.md\/ru\/product\/lavoar-freestanding-agnes\/","title":{"rendered":"\u0423\u041c\u042b\u0412\u0410\u041b\u042c\u041d\u0418\u041a \u041d\u0410\u041f\u041e\u041b\u042c\u041d\u042b\u0419 AGNES"},"content":{"rendered":"<p>Lavoar monolit, din ceramic\u0103 de \u00eenalt\u0103 calitate, cu preaplin argintiu. Datorit\u0103 formelor sale simple \u0219i elegante, va fi perfect\u0103 pentru orice baie elegant\u0103. O propunere clasic\u0103 pentru persoanele care doresc s\u0103 introduc\u0103 o not\u0103 de lux \u00een baia lor.<\/p>\n<p>Datorit\u0103 utiliz\u0103rii celor mai noi tehnologii \u00een timpul procesului de produc\u021bie, chiuveta noastr\u0103 nu numai c\u0103 arat\u0103 fenomenal, dar este \u0219i u\u0219or de p\u0103strat curat \u0219i extrem de durabil.<\/p>\n<div style=\"margin: 20px 0;\"><div class=\"qrcswholewtapper\" style=\"text-align:left;\"><div class=\"qrcprowrapper\"  id=\"qrcwraa2leds\"><div class=\"qrc_canvass\" id=\"qrc_cuttenpages_2\" style=\"display:inline-block\" data-text=\"https:\/\/creadivo.md\/ru\/product\/lavoar-freestanding-agnes\/\"><\/div><\/div><\/div><\/div>","protected":false},"excerpt":{"rendered":"<p>Lavoar monolit, din ceramic\u0103 de \u00eenalt\u0103 calitate, cu preaplin argintiu. Datorit\u0103 formelor sale simple \u0219i elegante, va fi perfect\u0103 pentru<\/p>","protected":false},"featured_media":45015,"template":"","meta":[],"product_brand":[],"product_cat":[21,288],"product_tag":[],"class_list":{"0":"post-45014","1":"product","2":"type-product","3":"status-publish","4":"has-post-thumbnail","6":"product_cat-lavoare","7":"product_cat-lavoar-freestanding","8":"pa_gaura-baterie-da","9":"pa_gaura-de-deversare-da","10":"pa_marimea-455x455x870mm","12":"first","13":"instock","14":"purchasable","15":"product-type-simple"},"_links":{"self":[{"href":"https:\/\/creadivo.md\/ru\/wp-json\/wp\/v2\/product\/45014","targetHints":{"allow":["GET"]}}],"collection":[{"href":"https:\/\/creadivo.md\/ru\/wp-json\/wp\/v2\/product"}],"about":[{"href":"https:\/\/creadivo.md\/ru\/wp-json\/wp\/v2\/types\/product"}],"version-history":[{"count":0,"href":"https:\/\/creadivo.md\/ru\/wp-json\/wp\/v2\/product\/45014\/revisions"}],"wp:featuredmedia":[{"embeddable":true,"href":"https:\/\/creadivo.md\/ru\/wp-json\/wp\/v2\/media\/45015"}],"wp:attachment":[{"href":"https:\/\/creadivo.md\/ru\/wp-json\/wp\/v2\/media?parent=45014"}],"wp:term":[{"taxonomy":"product_brand","embeddable":true,"href":"https:\/\/creadivo.md\/ru\/wp-json\/wp\/v2\/product_brand?post=45014"},{"taxonomy":"product_cat","embeddable":true,"href":"https:\/\/creadivo.md\/ru\/wp-json\/wp\/v2\/product_cat?post=45014"},{"taxonomy":"product_tag","embeddable":true,"href":"https:\/\/creadivo.md\/ru\/wp-json\/wp\/v2\/product_tag?post=45014"}],"curies":[{"name":"wp","href":"https:\/\/api.w.org\/{rel}","templated":true}]}}