{"id":45184,"date":"2024-06-10T20:32:29","date_gmt":"2024-06-10T20:32:29","guid":{"rendered":"https:\/\/creadivo.md\/?post_type=product&#038;p=45184"},"modified":"2026-03-27T00:11:41","modified_gmt":"2026-03-27T00:11:41","slug":"cabina-de-dus-fargo-black-90x90","status":"publish","type":"product","link":"https:\/\/creadivo.md\/ru\/product\/cabina-de-dus-fargo-black-90x90\/","title":{"rendered":"\u0414\u0423\u0428\u0415\u0412\u0410\u042f \u041a\u0410\u0411\u0418\u041d\u0410 FARGO BLACK 90\u00d790"},"content":{"rendered":"<p>V\u0103 prezent\u0103m frumoasa \u0219i extrem de func\u021bional\u0103 cabin\u0103 de col\u021b Fargo. Acesta este un produs care \u00ee\u021bi va umple perfect spa\u021biul de baie, p\u0103str\u00e2nd \u00een acela\u0219i timp aspectul \u0219i estetica impecabile a interiorului.<\/p>\n<p>Geamul pentru cabin\u0103 Fargo este fabricat din sticl\u0103 securizat\u0103 temperat\u0103 Crystal Clear de \u00eenalt\u0103 calitate, cu un strat Easy Clean aplicat cu laser.<\/p>\n<p>Datorita elementelor de finisaj negre, produsul nostru este extrem de elegant si in acelasi timp universal si cu siguranta se va potrivi in decorul camerei tale, indiferent daca este o baie moderna sau clasica.<\/p>\n<p>Cabina are un profil universal, montat pe partea dreapta sau stanga. Datorit\u0103 designului s\u0103u, cabina Fargo permite instalarea pe o cad\u0103 de du\u0219 de diferite \u00een\u0103l\u021bimi sau direct pe podea. Setul include tot ce este necesar pentru asamblarea cabinei: garnituri, maner, balamale<\/p>\n<p>\u00cenainte de a cump\u0103ra, m\u0103sura\u021bi cu aten\u021bie l\u0103\u021bimea \u0219i \u00een\u0103l\u021bimea loca\u0219ului. O cabin\u0103 bine aleas\u0103 va crea aspectul perfect al b\u0103ii \u0219i va oferi cantitatea potrivit\u0103 de intimitate.<\/p>\n<p>Acoperirea Nano Easy Clean, cu care am acoperit sticla \u00een etapa de produc\u021bie, face ca apa s\u0103 se condenseze pe suprafa\u021ba sticlei \u0219i s\u0103 se scurg\u0103 \u00eempreun\u0103 cu toate impurit\u0103\u021bile. Datorit\u0103 acestui lucru, \u00ee\u021bi po\u021bi p\u0103stra cu u\u0219urin\u021b\u0103 baia impecabil de curat\u0103.<\/p>\n<div style=\"margin: 20px 0;\"><div class=\"qrcswholewtapper\" style=\"text-align:left;\"><div class=\"qrcprowrapper\"  id=\"qrcwraa2leds\"><div class=\"qrc_canvass\" id=\"qrc_cuttenpages_2\" style=\"display:inline-block\" data-text=\"https:\/\/creadivo.md\/ru\/product\/cabina-de-dus-fargo-black-90x90\/\"><\/div><\/div><\/div><\/div>","protected":false},"excerpt":{"rendered":"<p>V\u0103 prezent\u0103m frumoasa \u0219i extrem de func\u021bional\u0103 cabin\u0103 de col\u021b Fargo. Acesta este un produs care \u00ee\u021bi va umple perfect<\/p>","protected":false},"featured_media":45185,"template":"","meta":[],"product_brand":[],"product_cat":[24,298],"product_tag":[],"class_list":{"0":"post-45184","1":"product","2":"type-product","3":"status-publish","4":"has-post-thumbnail","6":"product_cat-cabine-de-dus","7":"product_cat-cabine-de-colt","8":"pa_acoperire-usor-curatat","9":"pa_directia-de-instalare-universal","10":"pa_grosime-de-sticla-6-mm-intarit","11":"pa_inaltime-195-cm","12":"pa_informatii-suplimentare-usile-se-deschid-spre-exterior","13":"pa_instalare-pe-cabina-de-dus-sau-direct-pe-podea","14":"pa_tip-cabina-colt-deschis","16":"first","17":"instock","18":"purchasable","19":"product-type-simple"},"_links":{"self":[{"href":"https:\/\/creadivo.md\/ru\/wp-json\/wp\/v2\/product\/45184","targetHints":{"allow":["GET"]}}],"collection":[{"href":"https:\/\/creadivo.md\/ru\/wp-json\/wp\/v2\/product"}],"about":[{"href":"https:\/\/creadivo.md\/ru\/wp-json\/wp\/v2\/types\/product"}],"version-history":[{"count":0,"href":"https:\/\/creadivo.md\/ru\/wp-json\/wp\/v2\/product\/45184\/revisions"}],"wp:featuredmedia":[{"embeddable":true,"href":"https:\/\/creadivo.md\/ru\/wp-json\/wp\/v2\/media\/45185"}],"wp:attachment":[{"href":"https:\/\/creadivo.md\/ru\/wp-json\/wp\/v2\/media?parent=45184"}],"wp:term":[{"taxonomy":"product_brand","embeddable":true,"href":"https:\/\/creadivo.md\/ru\/wp-json\/wp\/v2\/product_brand?post=45184"},{"taxonomy":"product_cat","embeddable":true,"href":"https:\/\/creadivo.md\/ru\/wp-json\/wp\/v2\/product_cat?post=45184"},{"taxonomy":"product_tag","embeddable":true,"href":"https:\/\/creadivo.md\/ru\/wp-json\/wp\/v2\/product_tag?post=45184"}],"curies":[{"name":"wp","href":"https:\/\/api.w.org\/{rel}","templated":true}]}}