{"id":45205,"date":"2024-06-10T20:33:02","date_gmt":"2024-06-10T20:33:02","guid":{"rendered":"https:\/\/creadivo.md\/?post_type=product&#038;p=45205"},"modified":"2024-12-17T08:11:00","modified_gmt":"2024-12-17T08:11:00","slug":"usa-de-dus-fargo-black-120","status":"publish","type":"product","link":"https:\/\/creadivo.md\/ru\/product\/usa-de-dus-fargo-black-120\/","title":{"rendered":"\u0414\u0423\u0428\u0415\u0412\u0410\u042f \u0414\u0412\u0415\u0420\u042c FARGO BLACK 120"},"content":{"rendered":"<p>U\u0219ile Fargo sunt fabricate din sticl\u0103 securizat\u0103 Crystal Clear de \u00eenalt\u0103 calitate, cu un strat Easy Clean aplicat cu laser. M\u00e2nerul lung de aproape un metru nu este doar atractiv, ci \u0219i foarte practic \u0219i convenabil de deschis at\u00e2t pentru oamenii mari, c\u00e2t \u0219i pentru copiii mici. Datorit\u0103 structurii lor, u\u0219ile Fargo pot fi instalate pe o cad\u0103 de du\u0219 de diferite \u00een\u0103l\u021bimi sau direct pe podea. Setul include tot ce este necesar pentru instalarea u\u0219ii: garnituri, m\u00e2ner, balamale.<\/p>\n<div style=\"margin: 20px 0;\"><div class=\"qrcswholewtapper\" style=\"text-align:left;\"><div class=\"qrcprowrapper\"  id=\"qrcwraa2leds\"><div class=\"qrc_canvass\" id=\"qrc_cuttenpages_2\" style=\"display:inline-block\" data-text=\"https:\/\/creadivo.md\/ru\/product\/usa-de-dus-fargo-black-120\/\"><\/div><\/div><\/div><\/div>","protected":false},"excerpt":{"rendered":"<p>U\u0219ile Fargo sunt fabricate din sticl\u0103 securizat\u0103 Crystal Clear de \u00eenalt\u0103 calitate, cu un strat Easy Clean aplicat cu laser.<\/p>","protected":false},"featured_media":45206,"template":"","meta":[],"product_brand":[],"product_cat":[24,1335],"product_tag":[],"class_list":{"0":"post-45205","1":"product","2":"type-product","3":"status-publish","4":"has-post-thumbnail","6":"product_cat-cabine-de-dus","7":"product_cat-usi-pentru-cabine-de-dus","8":"pa_acoperire-usor-curatat","9":"pa_directia-de-instalare-universal","10":"pa_grosime-de-sticla-6-mm-intarit","11":"pa_inaltime-195-cm","12":"pa_informatii-suplimentare-posibilitate-de-utilizare-a-adaptorului-de-extensie-negru-rea-k6351","13":"pa_instalare-pe-cabina-de-dus-sau-direct-pe-podea","14":"pa_tip-de-usa-deschis","16":"first","17":"instock","18":"purchasable","19":"product-type-simple"},"_links":{"self":[{"href":"https:\/\/creadivo.md\/ru\/wp-json\/wp\/v2\/product\/45205","targetHints":{"allow":["GET"]}}],"collection":[{"href":"https:\/\/creadivo.md\/ru\/wp-json\/wp\/v2\/product"}],"about":[{"href":"https:\/\/creadivo.md\/ru\/wp-json\/wp\/v2\/types\/product"}],"version-history":[{"count":0,"href":"https:\/\/creadivo.md\/ru\/wp-json\/wp\/v2\/product\/45205\/revisions"}],"wp:featuredmedia":[{"embeddable":true,"href":"https:\/\/creadivo.md\/ru\/wp-json\/wp\/v2\/media\/45206"}],"wp:attachment":[{"href":"https:\/\/creadivo.md\/ru\/wp-json\/wp\/v2\/media?parent=45205"}],"wp:term":[{"taxonomy":"product_brand","embeddable":true,"href":"https:\/\/creadivo.md\/ru\/wp-json\/wp\/v2\/product_brand?post=45205"},{"taxonomy":"product_cat","embeddable":true,"href":"https:\/\/creadivo.md\/ru\/wp-json\/wp\/v2\/product_cat?post=45205"},{"taxonomy":"product_tag","embeddable":true,"href":"https:\/\/creadivo.md\/ru\/wp-json\/wp\/v2\/product_tag?post=45205"}],"curies":[{"name":"wp","href":"https:\/\/api.w.org\/{rel}","templated":true}]}}