{"id":45253,"date":"2024-06-10T20:33:50","date_gmt":"2024-06-10T20:33:50","guid":{"rendered":"https:\/\/creadivo.md\/?post_type=product&#038;p=45253"},"modified":"2026-04-04T00:10:56","modified_gmt":"2026-04-04T00:10:56","slug":"cada-olimpia-170cm","status":"publish","type":"product","link":"https:\/\/creadivo.md\/ru\/product\/cada-olimpia-170cm\/","title":{"rendered":"\u0412\u0410\u041d\u041d\u0410 OLIMPIA 170 \u0441\u043c"},"content":{"rendered":"<p>\u041f\u0440\u0435\u0434\u0441\u0442\u0430\u0432\u043b\u044f\u0435\u043c \u0432\u0430\u043c \u043a\u0440\u0430\u0441\u0438\u0432\u0443\u044e, \u043e\u0447\u0435\u043d\u044c \u0444\u0443\u043d\u043a\u0446\u0438\u043e\u043d\u0430\u043b\u044c\u043d\u0443\u044e \u0438 \u0441\u043e\u0432\u0440\u0435\u043c\u0435\u043d\u043d\u0443\u044e \u0432\u0430\u043d\u043d\u0443. \u042d\u0442\u043e \u0438\u0437\u0434\u0435\u043b\u0438\u0435, \u043a\u043e\u0442\u043e\u0440\u043e\u0435 \u043f\u0440\u0435\u043a\u0440\u0430\u0441\u043d\u043e \u0437\u0430\u043f\u043e\u043b\u043d\u0438\u0442 \u043f\u0440\u043e\u0441\u0442\u0440\u0430\u043d\u0441\u0442\u0432\u043e \u0432\u0430\u0448\u0435\u0439 \u0432\u0430\u043d\u043d\u043e\u0439 \u043a\u043e\u043c\u043d\u0430\u0442\u044b, \u0441\u043e\u0445\u0440\u0430\u043d\u0438\u0432 \u043f\u0440\u0438 \u044d\u0442\u043e\u043c \u0431\u0435\u0437\u0443\u043f\u0440\u0435\u0447\u043d\u044b\u0439 \u0432\u043d\u0435\u0448\u043d\u0438\u0439 \u0432\u0438\u0434 \u0438 \u044d\u0441\u0442\u0435\u0442\u0438\u043a\u0443 \u0438\u043d\u0442\u0435\u0440\u044c\u0435\u0440\u0430. \u0412\u0430\u043d\u043d\u0430 \u043f\u0440\u0435\u0434\u043d\u0430\u0437\u043d\u0430\u0447\u0435\u043d\u0430 \u0434\u043b\u044f \u0443\u0441\u0442\u0430\u043d\u043e\u0432\u043a\u0438 \u043d\u0430 \u0441\u0442\u0435\u043d\u0443. \u041e\u043d \u0438\u0437\u0433\u043e\u0442\u043e\u0432\u043b\u0435\u043d \u0438\u0437 \u043f\u0440\u043e\u0447\u043d\u043e\u0433\u043e \u0430\u043a\u0440\u0438\u043b\u0430, \u0443\u0441\u0442\u043e\u0439\u0447\u0438\u0432\u043e\u0433\u043e \u043a \u043f\u043e\u0432\u0440\u0435\u0436\u0434\u0435\u043d\u0438\u044f\u043c \u0438 \u0446\u0430\u0440\u0430\u043f\u0438\u043d\u0430\u043c. \u0411\u043b\u0430\u0433\u043e\u0434\u0430\u0440\u044f \u0441\u043f\u0435\u0446\u0438\u0430\u043b\u044c\u043d\u043e\u043c\u0443 \u044d\u0442\u0430\u043f\u0443 \u043f\u0440\u043e\u0438\u0437\u0432\u043e\u0434\u0441\u0442\u0432\u0430 \u043e\u043d \u0434\u043e\u043b\u0433\u043e\u0432\u0435\u0447\u0435\u043d \u0438 \u0435\u0433\u043e \u043b\u0435\u0433\u043a\u043e \u0441\u043e\u0434\u0435\u0440\u0436\u0430\u0442\u044c \u0432 \u0447\u0438\u0441\u0442\u043e\u0442\u0435.<\/p>\n<div style=\"margin: 20px 0;\"><div class=\"qrcswholewtapper\" style=\"text-align:left;\"><div class=\"qrcprowrapper\"  id=\"qrcwraa2leds\"><div class=\"qrc_canvass\" id=\"qrc_cuttenpages_2\" style=\"display:inline-block\" data-text=\"https:\/\/creadivo.md\/ru\/product\/cada-olimpia-170cm\/\"><\/div><\/div><\/div><\/div>","protected":false},"excerpt":{"rendered":"<p>V\u0103 prezent\u0103m o cad\u0103 frumoas\u0103, extrem de func\u021bional\u0103 \u0219i modern\u0103. Acesta este un produs care \u00ee\u021bi va umple perfect spa\u021biul<\/p>","protected":false},"featured_media":70151,"template":"","meta":[],"product_brand":[],"product_cat":[23,104],"product_tag":[],"class_list":{"0":"post-45253","1":"product","2":"type-product","3":"status-publish","4":"has-post-thumbnail","6":"product_cat-cazi-de-baie","7":"product_cat-cada-freestanding","8":"pa_acoperire-anti-stergere","9":"pa_capacitate-150-240-litri-170-305-litri","10":"pa_informatii-suplimentare-strat-mirror-coat-sifon-si-mufa-click-clack-incluse","12":"first","13":"outofstock","14":"purchasable","15":"product-type-simple"},"_links":{"self":[{"href":"https:\/\/creadivo.md\/ru\/wp-json\/wp\/v2\/product\/45253","targetHints":{"allow":["GET"]}}],"collection":[{"href":"https:\/\/creadivo.md\/ru\/wp-json\/wp\/v2\/product"}],"about":[{"href":"https:\/\/creadivo.md\/ru\/wp-json\/wp\/v2\/types\/product"}],"version-history":[{"count":0,"href":"https:\/\/creadivo.md\/ru\/wp-json\/wp\/v2\/product\/45253\/revisions"}],"wp:featuredmedia":[{"embeddable":true,"href":"https:\/\/creadivo.md\/ru\/wp-json\/wp\/v2\/media\/70151"}],"wp:attachment":[{"href":"https:\/\/creadivo.md\/ru\/wp-json\/wp\/v2\/media?parent=45253"}],"wp:term":[{"taxonomy":"product_brand","embeddable":true,"href":"https:\/\/creadivo.md\/ru\/wp-json\/wp\/v2\/product_brand?post=45253"},{"taxonomy":"product_cat","embeddable":true,"href":"https:\/\/creadivo.md\/ru\/wp-json\/wp\/v2\/product_cat?post=45253"},{"taxonomy":"product_tag","embeddable":true,"href":"https:\/\/creadivo.md\/ru\/wp-json\/wp\/v2\/product_tag?post=45253"}],"curies":[{"name":"wp","href":"https:\/\/api.w.org\/{rel}","templated":true}]}}