{"id":45332,"date":"2024-06-10T20:35:10","date_gmt":"2024-06-10T20:35:10","guid":{"rendered":"https:\/\/creadivo.md\/?post_type=product&#038;p=45332"},"modified":"2026-03-27T00:11:47","modified_gmt":"2026-03-27T00:11:47","slug":"lavoar-pe-blat-aura-2","status":"publish","type":"product","link":"https:\/\/creadivo.md\/ru\/product\/lavoar-pe-blat-aura-2\/","title":{"rendered":"\u0423\u041c\u042b\u0412\u0410\u041b\u042c\u041d\u0418\u041a AURA"},"content":{"rendered":"<p>Lavoarul Aura \u00eentr-o form\u0103 interesant\u0103, eliptic\u0103, va completa perfect orice interior modern. Este conceput pentru a fi montat pe blat sau dulap. O chiuvet\u0103 de blat este un element de echipament care devine din ce \u00een ce mai popular \u00een r\u00e2ndul clien\u021bilor. Acest lucru se datoreaz\u0103 \u00een primul r\u00e2nd confortului de utilizare \u0219i formei elegante.<\/p>\n<p>Lavoarul Aura arat\u0103 deosebit de bine pe un blat din lemn, dar \u00eel pute\u021bi combina \u0219i cu alte materiale de finisare. Forma atemporal\u0103, elegant\u0103 face din acest element un decor pentru orice baie.<\/p>\n<p>Lavoarul Aura este realizat din ceramic\u0103 sanitar\u0103 de \u00eenalt\u0103 calitate. Datorit\u0103 unei faze speciale de produc\u021bie, este durabil, u\u0219or de cur\u0103\u021bat \u0219i rezistent la zg\u00e2rieturi \u0219i alte deterior\u0103ri. Oferta include si diverse modele de baterii care pot fi asortate cu aceasta lavoar.<\/p>\n<div style=\"margin: 20px 0;\"><div class=\"qrcswholewtapper\" style=\"text-align:left;\"><div class=\"qrcprowrapper\"  id=\"qrcwraa2leds\"><div class=\"qrc_canvass\" id=\"qrc_cuttenpages_2\" style=\"display:inline-block\" data-text=\"https:\/\/creadivo.md\/ru\/product\/lavoar-pe-blat-aura-2\/\"><\/div><\/div><\/div><\/div>","protected":false},"excerpt":{"rendered":"<p>Lavoarul Aura \u00eentr-o form\u0103 interesant\u0103, eliptic\u0103, va completa perfect orice interior modern. Este conceput pentru a fi montat pe blat<\/p>","protected":false},"featured_media":45333,"template":"","meta":[],"product_brand":[],"product_cat":[21,286],"product_tag":[],"class_list":{"0":"post-45332","1":"product","2":"type-product","3":"status-publish","4":"has-post-thumbnail","6":"product_cat-lavoare","7":"product_cat-lavoar-pe-blat","8":"pa_gaura-baterie-da","9":"pa_gaura-de-deversare-nu","10":"pa_marimea-605x405x135mm","12":"first","13":"instock","14":"purchasable","15":"product-type-simple"},"_links":{"self":[{"href":"https:\/\/creadivo.md\/ru\/wp-json\/wp\/v2\/product\/45332","targetHints":{"allow":["GET"]}}],"collection":[{"href":"https:\/\/creadivo.md\/ru\/wp-json\/wp\/v2\/product"}],"about":[{"href":"https:\/\/creadivo.md\/ru\/wp-json\/wp\/v2\/types\/product"}],"version-history":[{"count":0,"href":"https:\/\/creadivo.md\/ru\/wp-json\/wp\/v2\/product\/45332\/revisions"}],"wp:featuredmedia":[{"embeddable":true,"href":"https:\/\/creadivo.md\/ru\/wp-json\/wp\/v2\/media\/45333"}],"wp:attachment":[{"href":"https:\/\/creadivo.md\/ru\/wp-json\/wp\/v2\/media?parent=45332"}],"wp:term":[{"taxonomy":"product_brand","embeddable":true,"href":"https:\/\/creadivo.md\/ru\/wp-json\/wp\/v2\/product_brand?post=45332"},{"taxonomy":"product_cat","embeddable":true,"href":"https:\/\/creadivo.md\/ru\/wp-json\/wp\/v2\/product_cat?post=45332"},{"taxonomy":"product_tag","embeddable":true,"href":"https:\/\/creadivo.md\/ru\/wp-json\/wp\/v2\/product_tag?post=45332"}],"curies":[{"name":"wp","href":"https:\/\/api.w.org\/{rel}","templated":true}]}}