{"id":45408,"date":"2024-06-10T20:36:33","date_gmt":"2024-06-10T20:36:33","guid":{"rendered":"https:\/\/creadivo.md\/?post_type=product&#038;p=45408"},"modified":"2026-03-27T00:11:49","modified_gmt":"2026-03-27T00:11:49","slug":"coloana-de-dus-mike-black","status":"publish","type":"product","link":"https:\/\/creadivo.md\/ru\/product\/coloana-de-dus-mike-black\/","title":{"rendered":"\u0414\u0423\u0428\u0415\u0412\u0410\u042f \u0421\u0422\u041e\u0419\u041a\u0410 MIKE BLACK"},"content":{"rendered":"<p>Coloana de du\u0219 Mike a fost proiectat\u0103 av\u00e2nd \u00een vedere confortul \u0219i func\u021bionalitatea. Designul modern \u0219i unic \u0219i calitatea \u00eenalt\u0103 a materialelor utilizate garanteaz\u0103 durabilitate \u0219i fiabilitate pentru mul\u021bi ani.<\/p>\n<p>Dispozitivul propus este realizat din alam\u0103 \u0219i o\u021bel inoxidabil, f\u0103c\u00e2ndu-l rezistent la umiditate \u0219i vapori de ap\u0103. Setul de du\u0219 Mike Black cu termostat este echipat suplimentar cu solu\u021bii inteligente care previn op\u0103rirea accidental\u0103 de la apa fierbinte. Prin urmare, va fi o alegere excelent\u0103 pentru familiile cu copii \u0219i persoanele \u00een v\u00e2rst\u0103 \u0219i bolnave. Pe l\u00e2ng\u0103 faptul c\u0103 este func\u021bional, coloana de du\u0219 impresioneaz\u0103 \u0219i prin designul s\u0103u elegant. Culoarea neagr\u0103 a robinetului face ca dispozitivul s\u0103 se potriveasc\u0103 \u00een orice aranjament de cabin\u0103 de du\u0219.<\/p>\n<div style=\"margin: 20px 0;\"><div class=\"qrcswholewtapper\" style=\"text-align:left;\"><div class=\"qrcprowrapper\"  id=\"qrcwraa2leds\"><div class=\"qrc_canvass\" id=\"qrc_cuttenpages_2\" style=\"display:inline-block\" data-text=\"https:\/\/creadivo.md\/ru\/product\/coloana-de-dus-mike-black\/\"><\/div><\/div><\/div><\/div>","protected":false},"excerpt":{"rendered":"<p>Coloana de du\u0219 Mike a fost proiectat\u0103 av\u00e2nd \u00een vedere confortul \u0219i func\u021bionalitatea. Designul modern \u0219i unic \u0219i calitatea \u00eenalt\u0103<\/p>","protected":false},"featured_media":45409,"template":"","meta":[],"product_brand":[],"product_cat":[100,2085],"product_tag":[],"class_list":{"0":"post-45408","1":"product","2":"type-product","3":"status-publish","4":"has-post-thumbnail","6":"product_cat-coloane-de-dus","7":"product_cat-sisteme-de-dus","8":"pa_cap-termostatic","9":"pa_conexiune-1-2-inch","10":"pa_inaltime-985-mm","11":"pa_informatii-suplimentare-sistem-anti-calc-rotula-permite-orice-pozitionare-a-dusului-de-ploaie","12":"pa_instalare-montat-la-suprafata","14":"first","15":"instock","16":"purchasable","17":"product-type-simple"},"_links":{"self":[{"href":"https:\/\/creadivo.md\/ru\/wp-json\/wp\/v2\/product\/45408","targetHints":{"allow":["GET"]}}],"collection":[{"href":"https:\/\/creadivo.md\/ru\/wp-json\/wp\/v2\/product"}],"about":[{"href":"https:\/\/creadivo.md\/ru\/wp-json\/wp\/v2\/types\/product"}],"version-history":[{"count":0,"href":"https:\/\/creadivo.md\/ru\/wp-json\/wp\/v2\/product\/45408\/revisions"}],"wp:featuredmedia":[{"embeddable":true,"href":"https:\/\/creadivo.md\/ru\/wp-json\/wp\/v2\/media\/45409"}],"wp:attachment":[{"href":"https:\/\/creadivo.md\/ru\/wp-json\/wp\/v2\/media?parent=45408"}],"wp:term":[{"taxonomy":"product_brand","embeddable":true,"href":"https:\/\/creadivo.md\/ru\/wp-json\/wp\/v2\/product_brand?post=45408"},{"taxonomy":"product_cat","embeddable":true,"href":"https:\/\/creadivo.md\/ru\/wp-json\/wp\/v2\/product_cat?post=45408"},{"taxonomy":"product_tag","embeddable":true,"href":"https:\/\/creadivo.md\/ru\/wp-json\/wp\/v2\/product_tag?post=45408"}],"curies":[{"name":"wp","href":"https:\/\/api.w.org\/{rel}","templated":true}]}}