{"id":45430,"date":"2024-06-10T20:36:47","date_gmt":"2024-06-10T20:36:47","guid":{"rendered":"https:\/\/creadivo.md\/?post_type=product&#038;p=45430"},"modified":"2024-09-11T15:50:17","modified_gmt":"2024-09-11T15:50:17","slug":"baterie-de-bucatarie-gaspar-black-gold","status":"publish","type":"product","link":"https:\/\/creadivo.md\/ru\/product\/baterie-de-bucatarie-gaspar-black-gold\/","title":{"rendered":"\u0421\u041c\u0415\u0421\u0418\u0422\u0415\u041b\u042c \u0414\u041b\u042f \u041a\u0423\u0425\u041d\u0418 GASPAR BLACK GOLD"},"content":{"rendered":"<p>Va prezentam o baterie frumoasa, extrem de functionala si moderna. Acesta este un produs care \u00ee\u021bi va umple perfect spa\u021biul din buc\u0103t\u0103rie, p\u0103str\u00e2nd \u00een acela\u0219i timp aspectul \u0219i estetica impecabile a interiorului. Robinetul este proiectat pentru a fi montat pe blat sau chiuvet\u0103.<\/p>\n<p>Este confectionat din alama acoperit cu un strat triplu de crom auriu, in timp ce duza flexibila este realizata din silicon de inalta calitate. Datorit\u0103 unei faze speciale de produc\u021bie, este durabil \u0219i u\u0219or de p\u0103strat curat.<\/p>\n<div style=\"margin: 20px 0;\"><div class=\"qrcswholewtapper\" style=\"text-align:left;\"><div class=\"qrcprowrapper\"  id=\"qrcwraa2leds\"><div class=\"qrc_canvass\" id=\"qrc_cuttenpages_2\" style=\"display:inline-block\" data-text=\"https:\/\/creadivo.md\/ru\/product\/baterie-de-bucatarie-gaspar-black-gold\/\"><\/div><\/div><\/div><\/div>","protected":false},"excerpt":{"rendered":"<p>Va prezentam o baterie frumoasa, extrem de functionala si moderna. Acesta este un produs care \u00ee\u021bi va umple perfect spa\u021biul<\/p>","protected":false},"featured_media":45431,"template":"","meta":[],"product_brand":[],"product_cat":[29,101],"product_tag":[],"class_list":{"0":"post-45430","1":"product","2":"type-product","3":"status-publish","4":"has-post-thumbnail","6":"product_cat-baterii-sanitare","7":"product_cat-robinete-de-bucatarie","8":"pa_cap-ceramica-cu-mixer","9":"pa_conexiune-3-8-inch","10":"pa_inaltime-440-mm","11":"pa_informatii-suplimentare-mobil-gura-flexibila-aerator-de-aerare-cu-2-functii","12":"pa_instalare-pentru-chiuveta-sau-blat","14":"first","15":"instock","16":"purchasable","17":"product-type-simple"},"_links":{"self":[{"href":"https:\/\/creadivo.md\/ru\/wp-json\/wp\/v2\/product\/45430","targetHints":{"allow":["GET"]}}],"collection":[{"href":"https:\/\/creadivo.md\/ru\/wp-json\/wp\/v2\/product"}],"about":[{"href":"https:\/\/creadivo.md\/ru\/wp-json\/wp\/v2\/types\/product"}],"version-history":[{"count":0,"href":"https:\/\/creadivo.md\/ru\/wp-json\/wp\/v2\/product\/45430\/revisions"}],"wp:featuredmedia":[{"embeddable":true,"href":"https:\/\/creadivo.md\/ru\/wp-json\/wp\/v2\/media\/45431"}],"wp:attachment":[{"href":"https:\/\/creadivo.md\/ru\/wp-json\/wp\/v2\/media?parent=45430"}],"wp:term":[{"taxonomy":"product_brand","embeddable":true,"href":"https:\/\/creadivo.md\/ru\/wp-json\/wp\/v2\/product_brand?post=45430"},{"taxonomy":"product_cat","embeddable":true,"href":"https:\/\/creadivo.md\/ru\/wp-json\/wp\/v2\/product_cat?post=45430"},{"taxonomy":"product_tag","embeddable":true,"href":"https:\/\/creadivo.md\/ru\/wp-json\/wp\/v2\/product_tag?post=45430"}],"curies":[{"name":"wp","href":"https:\/\/api.w.org\/{rel}","templated":true}]}}