{"id":45477,"date":"2024-06-10T20:37:44","date_gmt":"2024-06-10T20:37:44","guid":{"rendered":"https:\/\/creadivo.md\/?post_type=product&#038;p=45477"},"modified":"2026-04-11T00:10:49","modified_gmt":"2026-04-11T00:10:49","slug":"baterie-lavoar-lugano-chrome-high","status":"publish","type":"product","link":"https:\/\/creadivo.md\/ru\/product\/baterie-lavoar-lugano-chrome-high\/","title":{"rendered":"\u0421\u041c\u0415\u0421\u0418\u0422\u0415\u041b\u042c \u0414\u041b\u042f \u0423\u041c\u042b\u0412\u0410\u041b\u042c\u041d\u0418\u041a\u0410 LUGANO CHROME HIGH"},"content":{"rendered":"<p>O baterie de lavoar modern\u0103 \u00een cel mai la mod\u0103 tip Slim, echipat\u0103 cu o gura de ap\u0103 pivotant\u0103 la 360\u00b0 Un corp sub\u021bire \u0219i o gura de scurgere lung\u0103 garanteaz\u0103 confort \u0219i un aspect uimitor.<br \/>\nAcest model se potrive\u0219te perfect cu chiuvetele Slim. Metoda de aplicare a stratului bateriei asigur\u0103 rezisten\u021ba la zg\u00e2rieturi \u0219i deterior\u0103ri mecanice.<\/p>\n<div style=\"margin: 20px 0;\"><div class=\"qrcswholewtapper\" style=\"text-align:left;\"><div class=\"qrcprowrapper\"  id=\"qrcwraa2leds\"><div class=\"qrc_canvass\" id=\"qrc_cuttenpages_2\" style=\"display:inline-block\" data-text=\"https:\/\/creadivo.md\/ru\/product\/baterie-lavoar-lugano-chrome-high\/\"><\/div><\/div><\/div><\/div>","protected":false},"excerpt":{"rendered":"<p>O baterie de lavoar modern\u0103 \u00een cel mai la mod\u0103 tip Slim, echipat\u0103 cu o gura de ap\u0103 pivotant\u0103 la<\/p>","protected":false},"featured_media":45478,"template":"","meta":[],"product_brand":[],"product_cat":[29,289],"product_tag":[],"class_list":{"0":"post-45477","1":"product","2":"type-product","3":"status-publish","4":"has-post-thumbnail","6":"product_cat-baterii-sanitare","7":"product_cat-pentru-lavoar","8":"pa_cap-ceramica-cu-mixer","9":"pa_conexiune-3-8-inch","10":"pa_inaltime-340-mm","11":"pa_informatii-suplimentare-duza-mobila-aerator-de-aerare","12":"pa_instalare-pentru-lavoar-sau-blat","14":"first","15":"instock","16":"purchasable","17":"product-type-simple"},"_links":{"self":[{"href":"https:\/\/creadivo.md\/ru\/wp-json\/wp\/v2\/product\/45477","targetHints":{"allow":["GET"]}}],"collection":[{"href":"https:\/\/creadivo.md\/ru\/wp-json\/wp\/v2\/product"}],"about":[{"href":"https:\/\/creadivo.md\/ru\/wp-json\/wp\/v2\/types\/product"}],"version-history":[{"count":0,"href":"https:\/\/creadivo.md\/ru\/wp-json\/wp\/v2\/product\/45477\/revisions"}],"wp:featuredmedia":[{"embeddable":true,"href":"https:\/\/creadivo.md\/ru\/wp-json\/wp\/v2\/media\/45478"}],"wp:attachment":[{"href":"https:\/\/creadivo.md\/ru\/wp-json\/wp\/v2\/media?parent=45477"}],"wp:term":[{"taxonomy":"product_brand","embeddable":true,"href":"https:\/\/creadivo.md\/ru\/wp-json\/wp\/v2\/product_brand?post=45477"},{"taxonomy":"product_cat","embeddable":true,"href":"https:\/\/creadivo.md\/ru\/wp-json\/wp\/v2\/product_cat?post=45477"},{"taxonomy":"product_tag","embeddable":true,"href":"https:\/\/creadivo.md\/ru\/wp-json\/wp\/v2\/product_tag?post=45477"}],"curies":[{"name":"wp","href":"https:\/\/api.w.org\/{rel}","templated":true}]}}