{"id":45483,"date":"2024-06-10T20:37:44","date_gmt":"2024-06-10T20:37:44","guid":{"rendered":"https:\/\/creadivo.md\/?post_type=product&#038;p=45483"},"modified":"2026-04-11T00:10:50","modified_gmt":"2026-04-11T00:10:50","slug":"baterie-lavoar-lugano-black-high","status":"publish","type":"product","link":"https:\/\/creadivo.md\/ru\/product\/baterie-lavoar-lugano-black-high\/","title":{"rendered":"\u0421\u041c\u0415\u0421\u0418\u0422\u0415\u041b\u042c \u0414\u041b\u042f \u0423\u041c\u042b\u0412\u0410\u041b\u042c\u041d\u0418\u041a\u0410 LUGANO BLACK HIGH"},"content":{"rendered":"<p>Un robinet modern Lugano \u00een cel mai la mod\u0103 tip Slim, echipat cu un gura de scurgere pivotant\u0103 la 360\u00b0 Un corp sub\u021bire \u0219i o gura lung\u0103 pivotant\u0103 garanteaz\u0103 confort \u0219i un aspect uimitor.<\/p>\n<p>Acest model se potrive\u0219te perfect cu chiuvete de tip Slim. Metoda de aplicare a stratului bateriei asigur\u0103 rezisten\u021ba la zg\u00e2rieturi \u0219i deterior\u0103ri mecanice.<\/p>\n<p>Robinetul de lavoar \u00eenalt negru Lugano Slim se remarc\u0103 prin designul s\u0103u atractiv. Este realizat din alam\u0103 \u0219i echipat cu un cap ceramic \u0219i un aerator, datorit\u0103 c\u0103ruia se reduce efectiv consumul de ap\u0103 care curge de la robinet. Produsul este potrivit pentru utilizarea pe chiuvete de blat. Avantajul robinetului este u\u0219urin\u021ba de instalare. \u00cel po\u021bi instala singur. Procesul de ata\u0219are a acestuia pe blat va dura doar c\u00e2teva momente. Accesoriul este usor de folosit. Pentru a-l porni, trebuie doar s\u0103 ap\u0103sa\u021bi butonul situat \u00een partea de sus a produsului.<\/p>\n<div style=\"margin: 20px 0;\"><div class=\"qrcswholewtapper\" style=\"text-align:left;\"><div class=\"qrcprowrapper\"  id=\"qrcwraa2leds\"><div class=\"qrc_canvass\" id=\"qrc_cuttenpages_2\" style=\"display:inline-block\" data-text=\"https:\/\/creadivo.md\/ru\/product\/baterie-lavoar-lugano-black-high\/\"><\/div><\/div><\/div><\/div>","protected":false},"excerpt":{"rendered":"<p>Un robinet modern Lugano \u00een cel mai la mod\u0103 tip Slim, echipat cu un gura de scurgere pivotant\u0103 la 360\u00b0<\/p>","protected":false},"featured_media":45484,"template":"","meta":[],"product_brand":[],"product_cat":[29,289],"product_tag":[],"class_list":{"0":"post-45483","1":"product","2":"type-product","3":"status-publish","4":"has-post-thumbnail","6":"product_cat-baterii-sanitare","7":"product_cat-pentru-lavoar","8":"pa_cap-ceramica-cu-mixer","9":"pa_conexiune-3-8-inch","10":"pa_inaltime-340-mm","11":"pa_informatii-suplimentare-duza-mobila-aerator-de-aerare","12":"pa_instalare-pentru-lavoar-sau-blat","14":"first","15":"instock","16":"purchasable","17":"product-type-simple"},"_links":{"self":[{"href":"https:\/\/creadivo.md\/ru\/wp-json\/wp\/v2\/product\/45483","targetHints":{"allow":["GET"]}}],"collection":[{"href":"https:\/\/creadivo.md\/ru\/wp-json\/wp\/v2\/product"}],"about":[{"href":"https:\/\/creadivo.md\/ru\/wp-json\/wp\/v2\/types\/product"}],"version-history":[{"count":0,"href":"https:\/\/creadivo.md\/ru\/wp-json\/wp\/v2\/product\/45483\/revisions"}],"wp:featuredmedia":[{"embeddable":true,"href":"https:\/\/creadivo.md\/ru\/wp-json\/wp\/v2\/media\/45484"}],"wp:attachment":[{"href":"https:\/\/creadivo.md\/ru\/wp-json\/wp\/v2\/media?parent=45483"}],"wp:term":[{"taxonomy":"product_brand","embeddable":true,"href":"https:\/\/creadivo.md\/ru\/wp-json\/wp\/v2\/product_brand?post=45483"},{"taxonomy":"product_cat","embeddable":true,"href":"https:\/\/creadivo.md\/ru\/wp-json\/wp\/v2\/product_cat?post=45483"},{"taxonomy":"product_tag","embeddable":true,"href":"https:\/\/creadivo.md\/ru\/wp-json\/wp\/v2\/product_tag?post=45483"}],"curies":[{"name":"wp","href":"https:\/\/api.w.org\/{rel}","templated":true}]}}