{"id":45576,"date":"2024-06-10T20:39:29","date_gmt":"2024-06-10T20:39:29","guid":{"rendered":"https:\/\/creadivo.md\/?post_type=product&#038;p=45576"},"modified":"2026-03-31T00:11:16","modified_gmt":"2026-03-31T00:11:16","slug":"lavoar-pe-blat-pamela","status":"publish","type":"product","link":"https:\/\/creadivo.md\/ru\/product\/lavoar-pe-blat-pamela\/","title":{"rendered":"\u0423\u041c\u042b\u0412\u0410\u041b\u042c\u041d\u0418\u041a PAMELA"},"content":{"rendered":"<p>Lavoarul Pamela cu forma ovala este realizat din ceramica alba de cea mai inalta calitate. Materialul din care este confectionat acest produs este rezistent la deteriorare si isi pastreaza nuanta multi ani, chiar si dupa o utilizare intensiva. Finisajul lucios al chiuvetei Pamela va ad\u0103uga clas\u0103 \u0219i va decora interiorul.<\/p>\n<p>Acest produs va fi o solu\u021bie practic\u0103 deoarece este foarte u\u0219or de p\u0103strat curat. Va fi un mare plus pentru iubitorii formelor ovale, aducand eleganta amenajarii baii acasa si la birou.<\/p>\n<p>Lavoarul de blat arat\u0103 grozav \u00een interioare \u00een diferite stiluri. Lavoarul Pamela va func\u021biona deosebit de bine \u00een b\u0103ile moderne, precum \u0219i \u00een cele \u00een care predomin\u0103 lemnul ca material de finisare. Pute\u021bi alege un robinet confortabil, \u00eenalt, pentru acest element, care va cre\u0219te confortul de utilizare \u0219i va completa \u0219i aranjamentul vizual.<\/p>\n<div style=\"margin: 20px 0;\"><div class=\"qrcswholewtapper\" style=\"text-align:left;\"><div class=\"qrcprowrapper\"  id=\"qrcwraa2leds\"><div class=\"qrc_canvass\" id=\"qrc_cuttenpages_2\" style=\"display:inline-block\" data-text=\"https:\/\/creadivo.md\/ru\/product\/lavoar-pe-blat-pamela\/\"><\/div><\/div><\/div><\/div>","protected":false},"excerpt":{"rendered":"<p>Lavoarul Pamela cu forma ovala este realizat din ceramica alba de cea mai inalta calitate. Materialul din care este confectionat<\/p>","protected":false},"featured_media":45577,"template":"","meta":[],"product_brand":[],"product_cat":[21,286],"product_tag":[],"class_list":{"0":"post-45576","1":"product","2":"type-product","3":"status-publish","4":"has-post-thumbnail","6":"product_cat-lavoare","7":"product_cat-lavoar-pe-blat","8":"pa_gaura-baterie-nu","9":"pa_gaura-de-deversare-nu","10":"pa_marimea-530x330x150mm","12":"first","13":"instock","14":"purchasable","15":"product-type-simple"},"_links":{"self":[{"href":"https:\/\/creadivo.md\/ru\/wp-json\/wp\/v2\/product\/45576","targetHints":{"allow":["GET"]}}],"collection":[{"href":"https:\/\/creadivo.md\/ru\/wp-json\/wp\/v2\/product"}],"about":[{"href":"https:\/\/creadivo.md\/ru\/wp-json\/wp\/v2\/types\/product"}],"version-history":[{"count":0,"href":"https:\/\/creadivo.md\/ru\/wp-json\/wp\/v2\/product\/45576\/revisions"}],"wp:featuredmedia":[{"embeddable":true,"href":"https:\/\/creadivo.md\/ru\/wp-json\/wp\/v2\/media\/45577"}],"wp:attachment":[{"href":"https:\/\/creadivo.md\/ru\/wp-json\/wp\/v2\/media?parent=45576"}],"wp:term":[{"taxonomy":"product_brand","embeddable":true,"href":"https:\/\/creadivo.md\/ru\/wp-json\/wp\/v2\/product_brand?post=45576"},{"taxonomy":"product_cat","embeddable":true,"href":"https:\/\/creadivo.md\/ru\/wp-json\/wp\/v2\/product_cat?post=45576"},{"taxonomy":"product_tag","embeddable":true,"href":"https:\/\/creadivo.md\/ru\/wp-json\/wp\/v2\/product_tag?post=45576"}],"curies":[{"name":"wp","href":"https:\/\/api.w.org\/{rel}","templated":true}]}}