{"id":45616,"date":"2024-06-10T20:40:21","date_gmt":"2024-06-10T20:40:21","guid":{"rendered":"https:\/\/creadivo.md\/?post_type=product&#038;p=45616"},"modified":"2026-04-08T00:11:22","modified_gmt":"2026-04-08T00:11:22","slug":"paravan-de-dus-cortis-chrome-120","status":"publish","type":"product","link":"https:\/\/creadivo.md\/ru\/product\/paravan-de-dus-cortis-chrome-120\/","title":{"rendered":"\u0414\u0423\u0428\u0415\u0412\u0410\u042f \u0421\u0422\u0415\u041d\u041a\u0410 CORTIS CHROME 120"},"content":{"rendered":"<p>Un efect vizual extraordinar &#8211; o solutie simpla si functionala care, datorita mecanismului de deschidere culisant, ocupa foarte putin spatiu.<\/p>\n<p>Peretele este potrivit pentru instalare pe o cad\u0103 de du\u0219 sau cu scurgere liniar\u0103. Este ata\u0219at de perete folosind un suport care poate fi t\u0103iat la dimensiunea corespunz\u0103toare. Modelul Cortis are un maner confortabil, lung de care poti agata un prosop. Este fabricat din sticl\u0103 securizat\u0103, de \u00eenalt\u0103 calitate, cu o transparen\u021b\u0103 excelent\u0103. Datorit\u0103 unei faze speciale de produc\u021bie \u0219i a stratului Easy Clean, este durabil \u0219i u\u0219or de p\u0103strat curat.<\/p>\n<div style=\"margin: 20px 0;\"><div class=\"qrcswholewtapper\" style=\"text-align:left;\"><div class=\"qrcprowrapper\"  id=\"qrcwraa2leds\"><div class=\"qrc_canvass\" id=\"qrc_cuttenpages_2\" style=\"display:inline-block\" data-text=\"https:\/\/creadivo.md\/ru\/product\/paravan-de-dus-cortis-chrome-120\/\"><\/div><\/div><\/div><\/div>","protected":false},"excerpt":{"rendered":"<p>Un efect vizual extraordinar &#8211; o solutie simpla si functionala care, datorita mecanismului de deschidere culisant, ocupa foarte putin spatiu.<\/p>","protected":false},"featured_media":45617,"template":"","meta":[],"product_brand":[],"product_cat":[24,297],"product_tag":[],"class_list":{"0":"post-45616","1":"product","2":"type-product","3":"status-publish","4":"has-post-thumbnail","6":"product_cat-cabine-de-dus","7":"product_cat-paravan-pentru-dus","8":"pa_acoperire-usor-de-curatat","9":"pa_directia-de-instalare-universal","10":"pa_grosime-de-sticla-6-mm-intarit","11":"pa_inaltime-1995-cm","12":"pa_instalare-pe-cada-de-dus-sau-direct-pe-podea","13":"pa_suport-superior-700-1200-mm-cu-posibilitate-de-taiere","15":"first","16":"instock","17":"purchasable","18":"product-type-simple"},"_links":{"self":[{"href":"https:\/\/creadivo.md\/ru\/wp-json\/wp\/v2\/product\/45616","targetHints":{"allow":["GET"]}}],"collection":[{"href":"https:\/\/creadivo.md\/ru\/wp-json\/wp\/v2\/product"}],"about":[{"href":"https:\/\/creadivo.md\/ru\/wp-json\/wp\/v2\/types\/product"}],"version-history":[{"count":0,"href":"https:\/\/creadivo.md\/ru\/wp-json\/wp\/v2\/product\/45616\/revisions"}],"wp:featuredmedia":[{"embeddable":true,"href":"https:\/\/creadivo.md\/ru\/wp-json\/wp\/v2\/media\/45617"}],"wp:attachment":[{"href":"https:\/\/creadivo.md\/ru\/wp-json\/wp\/v2\/media?parent=45616"}],"wp:term":[{"taxonomy":"product_brand","embeddable":true,"href":"https:\/\/creadivo.md\/ru\/wp-json\/wp\/v2\/product_brand?post=45616"},{"taxonomy":"product_cat","embeddable":true,"href":"https:\/\/creadivo.md\/ru\/wp-json\/wp\/v2\/product_cat?post=45616"},{"taxonomy":"product_tag","embeddable":true,"href":"https:\/\/creadivo.md\/ru\/wp-json\/wp\/v2\/product_tag?post=45616"}],"curies":[{"name":"wp","href":"https:\/\/api.w.org\/{rel}","templated":true}]}}