{"id":45624,"date":"2024-06-10T20:40:21","date_gmt":"2024-06-10T20:40:21","guid":{"rendered":"https:\/\/creadivo.md\/?post_type=product&#038;p=45624"},"modified":"2026-03-27T00:11:56","modified_gmt":"2026-03-27T00:11:56","slug":"profil-de-extensie-pentru-cabine-de-dus-solar-fargo-rapid-black-195cm","status":"publish","type":"product","link":"https:\/\/creadivo.md\/ru\/product\/profil-de-extensie-pentru-cabine-de-dus-solar-fargo-rapid-black-195cm\/","title":{"rendered":"\u041f\u0420\u041e\u0424\u0418\u041b\u042c \u0414\u041b\u042f \u0414\u0423\u0428\u0415\u0412\u041e\u0419 \u041a\u0410\u0411\u0418\u041d\u042b SOLAR FARGO RAPID BLACK 195cm"},"content":{"rendered":"<p>Profilul de extensie este un element perfect care v\u0103 permite s\u0103 l\u0103rgi\u021bi cabina sau u\u0219a la dimensiuni nestandard ale loca\u021biei sau locului de instalare. Profilele v\u0103 permit s\u0103 m\u0103ri\u021bi dimensiunile cu c\u00e2\u021biva centimetri.<\/p>\n<p>Profilul poate fi folosit pentru usi si cabine: Solar Fargo Rapid.<\/p>\n<div style=\"margin: 20px 0;\"><div class=\"qrcswholewtapper\" style=\"text-align:left;\"><div class=\"qrcprowrapper\"  id=\"qrcwraa2leds\"><div class=\"qrc_canvass\" id=\"qrc_cuttenpages_2\" style=\"display:inline-block\" data-text=\"https:\/\/creadivo.md\/ru\/product\/profil-de-extensie-pentru-cabine-de-dus-solar-fargo-rapid-black-195cm\/\"><\/div><\/div><\/div><\/div>","protected":false},"excerpt":{"rendered":"<p>Profilul de extensie este un element perfect care v\u0103 permite s\u0103 l\u0103rgi\u021bi cabina sau u\u0219a la dimensiuni nestandard ale loca\u021biei<\/p>","protected":false},"featured_media":45625,"template":"","meta":[],"product_brand":[],"product_cat":[27],"product_tag":[],"class_list":{"0":"post-45624","1":"product","2":"type-product","3":"status-publish","4":"has-post-thumbnail","6":"product_cat-accesorii-pentru-casa","7":"pa_aplicare-pentru-usi-si-cabine-solar-fargo-si-rapid","8":"pa_marimea-35x26x1950mm","10":"first","11":"instock","12":"purchasable","13":"product-type-simple"},"_links":{"self":[{"href":"https:\/\/creadivo.md\/ru\/wp-json\/wp\/v2\/product\/45624","targetHints":{"allow":["GET"]}}],"collection":[{"href":"https:\/\/creadivo.md\/ru\/wp-json\/wp\/v2\/product"}],"about":[{"href":"https:\/\/creadivo.md\/ru\/wp-json\/wp\/v2\/types\/product"}],"version-history":[{"count":0,"href":"https:\/\/creadivo.md\/ru\/wp-json\/wp\/v2\/product\/45624\/revisions"}],"wp:featuredmedia":[{"embeddable":true,"href":"https:\/\/creadivo.md\/ru\/wp-json\/wp\/v2\/media\/45625"}],"wp:attachment":[{"href":"https:\/\/creadivo.md\/ru\/wp-json\/wp\/v2\/media?parent=45624"}],"wp:term":[{"taxonomy":"product_brand","embeddable":true,"href":"https:\/\/creadivo.md\/ru\/wp-json\/wp\/v2\/product_brand?post=45624"},{"taxonomy":"product_cat","embeddable":true,"href":"https:\/\/creadivo.md\/ru\/wp-json\/wp\/v2\/product_cat?post=45624"},{"taxonomy":"product_tag","embeddable":true,"href":"https:\/\/creadivo.md\/ru\/wp-json\/wp\/v2\/product_tag?post=45624"}],"curies":[{"name":"wp","href":"https:\/\/api.w.org\/{rel}","templated":true}]}}