{"id":45627,"date":"2024-06-10T20:40:39","date_gmt":"2024-06-10T20:40:39","guid":{"rendered":"https:\/\/creadivo.md\/?post_type=product&#038;p=45627"},"modified":"2026-03-27T00:11:56","modified_gmt":"2026-03-27T00:11:56","slug":"usa-de-dus-rapid-slide-black-100","status":"publish","type":"product","link":"https:\/\/creadivo.md\/ru\/product\/usa-de-dus-rapid-slide-black-100\/","title":{"rendered":"\u0414\u0423\u0428\u0415\u0412\u0410\u042f \u0414\u0412\u0415\u0420\u042c RAPID SLIDE BLACK 100"},"content":{"rendered":"<p>V\u0103 prezent\u0103m un model excep\u021bional de frumos al u\u0219ii de du\u0219 Rapid Slide. U\u0219ile sunt realizate din sticl\u0103 c\u0103lit\u0103 de \u00eenalt\u0103 calitate, cu grosimea de 6 mm. Au un strat de protec\u021bie Easy Clean care faciliteaz\u0103 men\u021binerea curat\u0103 a cabinei. Datorit\u0103 unei faze speciale de produc\u021bie, acestea sunt durabile \u0219i u\u0219or de cur\u0103\u021bat.<\/p>\n<p>Modelul Rapid Slide are un sistem de glisare eficient care permite deschiderea si inchiderea usoara a usii. U\u0219ile au role superioare simple. Sistemul de rulare a fost conceput pentru a func\u021biona perfect f\u0103r\u0103 probleme pe tot parcursul utiliz\u0103rii. Datorit\u0103 solu\u021biilor extrem de bine g\u00e2ndite, etan\u0219\u0103rile folosite la u\u0219i asigur\u0103 100% etan\u0219eitate \u0219i fiabilitate \u00een timpul utiliz\u0103rii.<\/p>\n<p>U\u0219ile de du\u0219 din sticl\u0103 sunt disponibile \u00een \u0219apte dimensiuni, astfel \u00eenc\u00e2t fiecare poate alege cea potrivit\u0103 pentru proiectul s\u0103u. \u00cenainte de a cump\u0103ra, m\u0103sura\u021bi cu aten\u021bie l\u0103\u021bimea \u0219i \u00een\u0103l\u021bimea loca\u0219ului. O u\u0219\u0103 de du\u0219 bine aleas\u0103 va crea aspectul perfect al b\u0103ii \u0219i va oferi cantitatea potrivit\u0103 de intimitate.<\/p>\n<p>U\u0219ile sunt proiectate pentru a fi instalate pe o pardoseal\u0103 cu scurgere liniar\u0103 \u0219i pe o cad\u0103 de du\u0219.<\/p>\n<div style=\"margin: 20px 0;\"><div class=\"qrcswholewtapper\" style=\"text-align:left;\"><div class=\"qrcprowrapper\"  id=\"qrcwraa2leds\"><div class=\"qrc_canvass\" id=\"qrc_cuttenpages_2\" style=\"display:inline-block\" data-text=\"https:\/\/creadivo.md\/ru\/product\/usa-de-dus-rapid-slide-black-100\/\"><\/div><\/div><\/div><\/div>","protected":false},"excerpt":{"rendered":"<p>V\u0103 prezent\u0103m un model excep\u021bional de frumos al u\u0219ii de du\u0219 Rapid Slide. U\u0219ile sunt realizate din sticl\u0103 c\u0103lit\u0103 de<\/p>","protected":false},"featured_media":45628,"template":"","meta":[],"product_brand":[],"product_cat":[24,1335],"product_tag":[],"class_list":{"0":"post-45627","1":"product","2":"type-product","3":"status-publish","4":"has-post-thumbnail","6":"product_cat-cabine-de-dus","7":"product_cat-usi-pentru-cabine-de-dus","8":"pa_acoperire-usor-curatat","9":"pa_directia-de-instalare-universal","10":"pa_grosime-de-sticla-6-mm-intarit","11":"pa_inaltime-195-cm","12":"pa_informatii-suplimentare-posibilitatea-de-a-taia-ghidajul","13":"pa_instalare-pe-cada-de-dus-sau-direct-pe-podea","14":"pa_posibilitate-de-prelungire-da-adaptor-dedicat-rea-k6351","15":"pa_tip-de-usa-alunecare","17":"first","18":"instock","19":"purchasable","20":"product-type-simple"},"_links":{"self":[{"href":"https:\/\/creadivo.md\/ru\/wp-json\/wp\/v2\/product\/45627","targetHints":{"allow":["GET"]}}],"collection":[{"href":"https:\/\/creadivo.md\/ru\/wp-json\/wp\/v2\/product"}],"about":[{"href":"https:\/\/creadivo.md\/ru\/wp-json\/wp\/v2\/types\/product"}],"version-history":[{"count":0,"href":"https:\/\/creadivo.md\/ru\/wp-json\/wp\/v2\/product\/45627\/revisions"}],"wp:featuredmedia":[{"embeddable":true,"href":"https:\/\/creadivo.md\/ru\/wp-json\/wp\/v2\/media\/45628"}],"wp:attachment":[{"href":"https:\/\/creadivo.md\/ru\/wp-json\/wp\/v2\/media?parent=45627"}],"wp:term":[{"taxonomy":"product_brand","embeddable":true,"href":"https:\/\/creadivo.md\/ru\/wp-json\/wp\/v2\/product_brand?post=45627"},{"taxonomy":"product_cat","embeddable":true,"href":"https:\/\/creadivo.md\/ru\/wp-json\/wp\/v2\/product_cat?post=45627"},{"taxonomy":"product_tag","embeddable":true,"href":"https:\/\/creadivo.md\/ru\/wp-json\/wp\/v2\/product_tag?post=45627"}],"curies":[{"name":"wp","href":"https:\/\/api.w.org\/{rel}","templated":true}]}}