{"id":45762,"date":"2024-06-10T20:43:43","date_gmt":"2024-06-10T20:43:43","guid":{"rendered":"https:\/\/creadivo.md\/?post_type=product&#038;p=45762"},"modified":"2026-02-23T13:40:36","modified_gmt":"2026-02-23T13:40:36","slug":"set-de-dus-incastrat-lugano-blackbox","status":"publish","type":"product","link":"https:\/\/creadivo.md\/ru\/product\/set-de-dus-incastrat-lugano-blackbox\/","title":{"rendered":"\u0414\u0423\u0428\u0415\u0412\u0410\u042f \u0421\u0418\u0421\u0422\u0415\u041c\u0410 LUGANO BLACK+BOX"},"content":{"rendered":"<p>Setul de du\u0219 Lugano Black a fost conceput pentru confort \u0219i func\u021bionalitate. Designul modern \u0219i unic \u0219i calitatea \u00eenalt\u0103 a materialelor utilizate asigur\u0103 durabilitate \u0219i fiabilitate pentru mul\u021bi ani.<\/p>\n<div style=\"margin: 20px 0;\"><div class=\"qrcswholewtapper\" style=\"text-align:left;\"><div class=\"qrcprowrapper\"  id=\"qrcwraa2leds\"><div class=\"qrc_canvass\" id=\"qrc_cuttenpages_2\" style=\"display:inline-block\" data-text=\"https:\/\/creadivo.md\/ru\/product\/set-de-dus-incastrat-lugano-blackbox\/\"><\/div><\/div><\/div><\/div>","protected":false},"excerpt":{"rendered":"<p>Setul de du\u0219 Lugano Black a fost conceput pentru confort \u0219i func\u021bionalitate. Designul modern \u0219i unic \u0219i calitatea \u00eenalt\u0103 a<\/p>","protected":false},"featured_media":45763,"template":"","meta":[],"product_brand":[],"product_cat":[1650,2085],"product_tag":[],"class_list":{"0":"post-45762","1":"product","2":"type-product","3":"status-publish","4":"has-post-thumbnail","6":"product_cat-seturi-de-dus","7":"product_cat-sisteme-de-dus","8":"pa_cap-ceramica-cu-mixer","9":"pa_conexiune-1-2-inch","10":"pa_inaltime-960-mm","11":"pa_informatii-suplimentare-sistem-anti-calc-articulatia-sferica-permite-orice-pozitionare-a-dusului-cu-ploaie","12":"pa_instalare-montate-pe-perete","14":"first","15":"instock","16":"purchasable","17":"product-type-simple"},"_links":{"self":[{"href":"https:\/\/creadivo.md\/ru\/wp-json\/wp\/v2\/product\/45762","targetHints":{"allow":["GET"]}}],"collection":[{"href":"https:\/\/creadivo.md\/ru\/wp-json\/wp\/v2\/product"}],"about":[{"href":"https:\/\/creadivo.md\/ru\/wp-json\/wp\/v2\/types\/product"}],"version-history":[{"count":0,"href":"https:\/\/creadivo.md\/ru\/wp-json\/wp\/v2\/product\/45762\/revisions"}],"wp:featuredmedia":[{"embeddable":true,"href":"https:\/\/creadivo.md\/ru\/wp-json\/wp\/v2\/media\/45763"}],"wp:attachment":[{"href":"https:\/\/creadivo.md\/ru\/wp-json\/wp\/v2\/media?parent=45762"}],"wp:term":[{"taxonomy":"product_brand","embeddable":true,"href":"https:\/\/creadivo.md\/ru\/wp-json\/wp\/v2\/product_brand?post=45762"},{"taxonomy":"product_cat","embeddable":true,"href":"https:\/\/creadivo.md\/ru\/wp-json\/wp\/v2\/product_cat?post=45762"},{"taxonomy":"product_tag","embeddable":true,"href":"https:\/\/creadivo.md\/ru\/wp-json\/wp\/v2\/product_tag?post=45762"}],"curies":[{"name":"wp","href":"https:\/\/api.w.org\/{rel}","templated":true}]}}