{"id":45803,"date":"2024-06-10T20:44:39","date_gmt":"2024-06-10T20:44:39","guid":{"rendered":"https:\/\/creadivo.md\/?post_type=product&#038;p=45803"},"modified":"2026-04-11T00:10:57","modified_gmt":"2026-04-11T00:10:57","slug":"lavoar-pe-blat-denis","status":"publish","type":"product","link":"https:\/\/creadivo.md\/ru\/product\/lavoar-pe-blat-denis\/","title":{"rendered":"\u0423\u041c\u042b\u0412\u0410\u041b\u042c\u041d\u0418\u041a DENIS"},"content":{"rendered":"<p>Lavoarul Denis este un produs pentru persoanele care cauta elemente ceramice sanitare spatioase si functionale. Forma sa modern\u0103 \u0219i clasic\u0103 \u00eenseamn\u0103 c\u0103 poate fi instalat\u0103 \u00een aproape orice baie. Va func\u021biona mai ales bine acolo unde nu trebuie s\u0103 face\u021bi compromisuri cu dimensiunea echipamentului.<\/p>\n<p>O chiuvet\u0103 de blat, precum Denis, este o solu\u021bie din ce \u00een ce mai popular\u0103. Permite o amenajare atractiva din punct de vedere vizual a incaperii si in acelasi timp asigura o functionalitate ridicata. Lavoarul Denis este foarte comod de utilizat, iar dac\u0103 alegi robinetul potrivit pentru acesta, confortul t\u0103u va cre\u0219te \u0219i mai mult.<\/p>\n<div style=\"margin: 20px 0;\"><div class=\"qrcswholewtapper\" style=\"text-align:left;\"><div class=\"qrcprowrapper\"  id=\"qrcwraa2leds\"><div class=\"qrc_canvass\" id=\"qrc_cuttenpages_2\" style=\"display:inline-block\" data-text=\"https:\/\/creadivo.md\/ru\/product\/lavoar-pe-blat-denis\/\"><\/div><\/div><\/div><\/div>","protected":false},"excerpt":{"rendered":"<p>Lavoarul Denis este un produs pentru persoanele care cauta elemente ceramice sanitare spatioase si functionale. Forma sa modern\u0103 \u0219i clasic\u0103<\/p>","protected":false},"featured_media":45804,"template":"","meta":[],"product_brand":[],"product_cat":[21,286],"product_tag":[],"class_list":{"0":"post-45803","1":"product","2":"type-product","3":"status-publish","4":"has-post-thumbnail","6":"product_cat-lavoare","7":"product_cat-lavoar-pe-blat","8":"pa_gaura-baterie-nu","9":"pa_gaura-de-deversare-nu","10":"pa_marimea-615x350x110-mm","12":"first","13":"instock","14":"purchasable","15":"product-type-simple"},"_links":{"self":[{"href":"https:\/\/creadivo.md\/ru\/wp-json\/wp\/v2\/product\/45803","targetHints":{"allow":["GET"]}}],"collection":[{"href":"https:\/\/creadivo.md\/ru\/wp-json\/wp\/v2\/product"}],"about":[{"href":"https:\/\/creadivo.md\/ru\/wp-json\/wp\/v2\/types\/product"}],"version-history":[{"count":0,"href":"https:\/\/creadivo.md\/ru\/wp-json\/wp\/v2\/product\/45803\/revisions"}],"wp:featuredmedia":[{"embeddable":true,"href":"https:\/\/creadivo.md\/ru\/wp-json\/wp\/v2\/media\/45804"}],"wp:attachment":[{"href":"https:\/\/creadivo.md\/ru\/wp-json\/wp\/v2\/media?parent=45803"}],"wp:term":[{"taxonomy":"product_brand","embeddable":true,"href":"https:\/\/creadivo.md\/ru\/wp-json\/wp\/v2\/product_brand?post=45803"},{"taxonomy":"product_cat","embeddable":true,"href":"https:\/\/creadivo.md\/ru\/wp-json\/wp\/v2\/product_cat?post=45803"},{"taxonomy":"product_tag","embeddable":true,"href":"https:\/\/creadivo.md\/ru\/wp-json\/wp\/v2\/product_tag?post=45803"}],"curies":[{"name":"wp","href":"https:\/\/api.w.org\/{rel}","templated":true}]}}