{"id":45811,"date":"2024-06-10T20:44:47","date_gmt":"2024-06-10T20:44:47","guid":{"rendered":"https:\/\/creadivo.md\/?post_type=product&#038;p=45811"},"modified":"2025-11-05T12:16:25","modified_gmt":"2025-11-05T12:16:25","slug":"coloana-de-dus-milan-black","status":"publish","type":"product","link":"https:\/\/creadivo.md\/ru\/product\/coloana-de-dus-milan-black\/","title":{"rendered":"\u0414\u0423\u0428\u0415\u0412\u0410\u042f \u0421\u0422\u041e\u0419\u041a\u0410 MILAN BLACK"},"content":{"rendered":"<p>Coloana de du\u0219 Milan Black Mat a fost conceput\u0103 pentru confort \u0219i func\u021bionalitate. Bra\u021bul coloanei de du\u0219 are o reglare lin\u0103 a \u00een\u0103l\u021bimii, astfel \u00eenc\u00e2t pute\u021bi regla cu u\u0219urin\u021b\u0103 \u00een\u0103l\u021bimea capului de du\u0219 \u00een func\u021bie de nevoile dvs. Designul modern \u0219i unic \u0219i calitatea \u00eenalt\u0103 a materialelor utilizate asigur\u0103 durabilitate \u0219i fiabilitate pentru mul\u021bi ani.<\/p>\n<p>Aparatul prezentat impresioneaz\u0103 prin designul modern, care va fi o completare eficient\u0103 a amenaj\u0103rii b\u0103ii. Coloana de du\u0219 Milan se caracterizeaz\u0103 printr-un design geometric \u0219i este disponibil \u00een culorile negre cu finisaj mat. Acest lucru \u00eel face o solu\u021bie perfect\u0103 care se va potrivi cu orice decor. Setul de du\u0219 este echipat \u0219i cu facilit\u0103\u021bi suplimentare, cum ar fi sistemul Anti-Calc \u0219i un termostat. Acest lucru se traduce prin durabilitate \u0219i siguran\u021b\u0103 \u00een timpul utiliz\u0103rii.<\/p>\n<div style=\"margin: 20px 0;\"><div class=\"qrcswholewtapper\" style=\"text-align:left;\"><div class=\"qrcprowrapper\"  id=\"qrcwraa2leds\"><div class=\"qrc_canvass\" id=\"qrc_cuttenpages_2\" style=\"display:inline-block\" data-text=\"https:\/\/creadivo.md\/ru\/product\/coloana-de-dus-milan-black\/\"><\/div><\/div><\/div><\/div>","protected":false},"excerpt":{"rendered":"<p>Coloana de du\u0219 Milan Black Mat a fost conceput\u0103 pentru confort \u0219i func\u021bionalitate. Bra\u021bul coloanei de du\u0219 are o reglare<\/p>","protected":false},"featured_media":45812,"template":"","meta":[],"product_brand":[],"product_cat":[100,2085],"product_tag":[],"class_list":{"0":"post-45811","1":"product","2":"type-product","3":"status-publish","4":"has-post-thumbnail","6":"product_cat-coloane-de-dus","7":"product_cat-sisteme-de-dus","8":"pa_cap-termostatic","9":"pa_conexiune-1-2-inch","10":"pa_inaltime-725-1165mm","11":"pa_informatii-suplimentare-sistem-anti-calc-articulatia-sferica-permite-orice-pozitionare-a-dusului-cu-ploaie","12":"pa_instalare-montat-la-suprafata","14":"first","15":"outofstock","16":"purchasable","17":"product-type-simple"},"_links":{"self":[{"href":"https:\/\/creadivo.md\/ru\/wp-json\/wp\/v2\/product\/45811","targetHints":{"allow":["GET"]}}],"collection":[{"href":"https:\/\/creadivo.md\/ru\/wp-json\/wp\/v2\/product"}],"about":[{"href":"https:\/\/creadivo.md\/ru\/wp-json\/wp\/v2\/types\/product"}],"version-history":[{"count":0,"href":"https:\/\/creadivo.md\/ru\/wp-json\/wp\/v2\/product\/45811\/revisions"}],"wp:featuredmedia":[{"embeddable":true,"href":"https:\/\/creadivo.md\/ru\/wp-json\/wp\/v2\/media\/45812"}],"wp:attachment":[{"href":"https:\/\/creadivo.md\/ru\/wp-json\/wp\/v2\/media?parent=45811"}],"wp:term":[{"taxonomy":"product_brand","embeddable":true,"href":"https:\/\/creadivo.md\/ru\/wp-json\/wp\/v2\/product_brand?post=45811"},{"taxonomy":"product_cat","embeddable":true,"href":"https:\/\/creadivo.md\/ru\/wp-json\/wp\/v2\/product_cat?post=45811"},{"taxonomy":"product_tag","embeddable":true,"href":"https:\/\/creadivo.md\/ru\/wp-json\/wp\/v2\/product_tag?post=45811"}],"curies":[{"name":"wp","href":"https:\/\/api.w.org\/{rel}","templated":true}]}}