{"id":45821,"date":"2024-06-10T20:44:47","date_gmt":"2024-06-10T20:44:47","guid":{"rendered":"https:\/\/creadivo.md\/?post_type=product&#038;p=45821"},"modified":"2026-03-27T00:12:05","modified_gmt":"2026-03-27T00:12:05","slug":"coloana-de-dus-vigo-black","status":"publish","type":"product","link":"https:\/\/creadivo.md\/ru\/product\/coloana-de-dus-vigo-black\/","title":{"rendered":"\u0414\u0423\u0428\u0415\u0412\u0410\u042f \u0421\u0422\u041e\u0419\u041a\u0410 VIGO BLACK"},"content":{"rendered":"<p>Setul de du\u0219 Vigo Black a fost conceput pentru confort \u0219i func\u021bionalitate. \u00cen produc\u021bia termostatelor noastre, am folosit cele mai bune \u0219i de v\u00e2rf tehnologii pentru a garanta siguran\u021b\u0103 \u0219i confort maxim \u00een utilizarea de zi cu zi.<\/p>\n<p>Dispozitivul prezentat este simplu de instalat \u0219i u\u0219or de utilizat. Setul de du\u0219 negru Vigo include un du\u0219 cu efect de ploaie, un robinet \u0219i un receptor de du\u0219, \u00een care fluxul de ap\u0103 este controlat printr-o p\u00e2rghie. Aparatul este fabricat din o\u021bel inoxidabil, alam\u0103 \u0219i ABS, ceea ce \u00eei garanteaz\u0103 durabilitatea \u0219i rezisten\u021ba la factorii adversi. Mai mult, setul de dus oferit are un design elegant, ceea ce il face potrivit pentru orice amenajare de baie.<\/p>\n<p>Designul modern \u0219i unic \u0219i calitatea \u00eenalt\u0103 a materialelor utilizate asigur\u0103 durabilitate \u0219i fiabilitate pentru mul\u021bi ani. Setul va satisface cu siguran\u021b\u0103 a\u0219tept\u0103rile celor mai preten\u021bio\u0219i clien\u021bi.<\/p>\n<div style=\"margin: 20px 0;\"><div class=\"qrcswholewtapper\" style=\"text-align:left;\"><div class=\"qrcprowrapper\"  id=\"qrcwraa2leds\"><div class=\"qrc_canvass\" id=\"qrc_cuttenpages_2\" style=\"display:inline-block\" data-text=\"https:\/\/creadivo.md\/ru\/product\/coloana-de-dus-vigo-black\/\"><\/div><\/div><\/div><\/div>","protected":false},"excerpt":{"rendered":"<p>Setul de du\u0219 Vigo Black a fost conceput pentru confort \u0219i func\u021bionalitate. \u00cen produc\u021bia termostatelor noastre, am folosit cele mai<\/p>","protected":false},"featured_media":45822,"template":"","meta":[],"product_brand":[],"product_cat":[100,2085],"product_tag":[],"class_list":{"0":"post-45821","1":"product","2":"type-product","3":"status-publish","4":"has-post-thumbnail","6":"product_cat-coloane-de-dus","7":"product_cat-sisteme-de-dus","8":"pa_cap-ceramica-cu-mixer","9":"pa_conexiune-1-2-inch","10":"pa_inaltime-990-mm","11":"pa_informatii-suplimentare-sistem-anti-calc-rotula-permite-orice-pozitionare-a-dusului-de-ploaie","12":"pa_instalare-montat-la-suprafata","14":"first","15":"instock","16":"purchasable","17":"product-type-simple"},"_links":{"self":[{"href":"https:\/\/creadivo.md\/ru\/wp-json\/wp\/v2\/product\/45821","targetHints":{"allow":["GET"]}}],"collection":[{"href":"https:\/\/creadivo.md\/ru\/wp-json\/wp\/v2\/product"}],"about":[{"href":"https:\/\/creadivo.md\/ru\/wp-json\/wp\/v2\/types\/product"}],"version-history":[{"count":0,"href":"https:\/\/creadivo.md\/ru\/wp-json\/wp\/v2\/product\/45821\/revisions"}],"wp:featuredmedia":[{"embeddable":true,"href":"https:\/\/creadivo.md\/ru\/wp-json\/wp\/v2\/media\/45822"}],"wp:attachment":[{"href":"https:\/\/creadivo.md\/ru\/wp-json\/wp\/v2\/media?parent=45821"}],"wp:term":[{"taxonomy":"product_brand","embeddable":true,"href":"https:\/\/creadivo.md\/ru\/wp-json\/wp\/v2\/product_brand?post=45821"},{"taxonomy":"product_cat","embeddable":true,"href":"https:\/\/creadivo.md\/ru\/wp-json\/wp\/v2\/product_cat?post=45821"},{"taxonomy":"product_tag","embeddable":true,"href":"https:\/\/creadivo.md\/ru\/wp-json\/wp\/v2\/product_tag?post=45821"}],"curies":[{"name":"wp","href":"https:\/\/api.w.org\/{rel}","templated":true}]}}