{"id":45985,"date":"2024-06-10T20:48:45","date_gmt":"2024-06-10T20:48:45","guid":{"rendered":"https:\/\/creadivo.md\/?post_type=product&#038;p=45985"},"modified":"2026-03-27T00:12:12","modified_gmt":"2026-03-27T00:12:12","slug":"vas-wc-carlo-mini-flat-black","status":"publish","type":"product","link":"https:\/\/creadivo.md\/ru\/product\/vas-wc-carlo-mini-flat-black\/","title":{"rendered":"\u041f\u041e\u0414\u0412\u0415\u0421\u041d\u041e\u0419 \u0423\u041d\u0418\u0422\u0410\u0417 CARLO MINI FLAT BLACK"},"content":{"rendered":"<p>Vasul de toalet\u0103 suspendat negru Carlo Mini Flat se distinge prin designul s\u0103u remarcabil. Arat\u0103 grozav \u00een combina\u021bie cu alte articole de interior pentru baie.<\/p>\n<div style=\"margin: 20px 0;\"><div class=\"qrcswholewtapper\" style=\"text-align:left;\"><div class=\"qrcprowrapper\"  id=\"qrcwraa2leds\"><div class=\"qrc_canvass\" id=\"qrc_cuttenpages_2\" style=\"display:inline-block\" data-text=\"https:\/\/creadivo.md\/ru\/product\/vas-wc-carlo-mini-flat-black\/\"><\/div><\/div><\/div><\/div>","protected":false},"excerpt":{"rendered":"<p>Vasul de toalet\u0103 suspendat negru Carlo Mini Flat se distinge prin designul s\u0103u remarcabil. Arat\u0103 grozav \u00een combina\u021bie cu alte<\/p>","protected":false},"featured_media":45986,"template":"","meta":[],"product_brand":[],"product_cat":[17,91],"product_tag":[],"class_list":{"0":"post-45985","1":"product","2":"type-product","3":"status-publish","4":"has-post-thumbnail","6":"product_cat-vase-wc","7":"product_cat-vase-wc-suspendate","8":"pa_informatii-suplimentare-vas-fara-rama-dimensiune-conexiune-140-mm","9":"pa_marimea-495x370x320-mm","10":"pa_slow-drop-board-da","11":"pa_spatiul-suruburilor-de-fixare-180-mm","12":"pa_tip-placa-duroplast-apartament-detasabil","14":"first","15":"outofstock","16":"purchasable","17":"product-type-simple"},"_links":{"self":[{"href":"https:\/\/creadivo.md\/ru\/wp-json\/wp\/v2\/product\/45985","targetHints":{"allow":["GET"]}}],"collection":[{"href":"https:\/\/creadivo.md\/ru\/wp-json\/wp\/v2\/product"}],"about":[{"href":"https:\/\/creadivo.md\/ru\/wp-json\/wp\/v2\/types\/product"}],"version-history":[{"count":0,"href":"https:\/\/creadivo.md\/ru\/wp-json\/wp\/v2\/product\/45985\/revisions"}],"wp:featuredmedia":[{"embeddable":true,"href":"https:\/\/creadivo.md\/ru\/wp-json\/wp\/v2\/media\/45986"}],"wp:attachment":[{"href":"https:\/\/creadivo.md\/ru\/wp-json\/wp\/v2\/media?parent=45985"}],"wp:term":[{"taxonomy":"product_brand","embeddable":true,"href":"https:\/\/creadivo.md\/ru\/wp-json\/wp\/v2\/product_brand?post=45985"},{"taxonomy":"product_cat","embeddable":true,"href":"https:\/\/creadivo.md\/ru\/wp-json\/wp\/v2\/product_cat?post=45985"},{"taxonomy":"product_tag","embeddable":true,"href":"https:\/\/creadivo.md\/ru\/wp-json\/wp\/v2\/product_tag?post=45985"}],"curies":[{"name":"wp","href":"https:\/\/api.w.org\/{rel}","templated":true}]}}