{"id":45990,"date":"2024-06-10T20:48:55","date_gmt":"2024-06-10T20:48:55","guid":{"rendered":"https:\/\/creadivo.md\/?post_type=product&#038;p=45990"},"modified":"2026-04-08T00:11:28","modified_gmt":"2026-04-08T00:11:28","slug":"sifon-lavoar-universal-click-clack-gold-rose","status":"publish","type":"product","link":"https:\/\/creadivo.md\/ru\/product\/sifon-lavoar-universal-click-clack-gold-rose\/","title":{"rendered":"\u0421\u0418\u0424\u041e\u041d \u0423\u041d\u0418\u0412\u0415\u0420\u0421\u0410\u041b\u042c\u041d\u042b\u0419 \u0414\u041b\u042f \u0420\u0410\u041a\u041e\u0412\u0418\u041d\u042b CLICK-CLACK GOLD ROSE"},"content":{"rendered":"<p>V\u0103 prezent\u0103m un sifon pentru lavoar pentru sticle de \u00eenalt\u0103 clas\u0103 din alam\u0103. Sifonul se potrive\u0219te tuturor lavoarelor cu orificiu de scurgere standard de 45 mm. Ad\u0103ug\u0103m un dop Click-Clack gratuit la sifon! Setul include toate piesele \u0219i garniturile necesare pentru asamblare \u0219i utilizare.<\/p>\n<div style=\"margin: 20px 0;\"><div class=\"qrcswholewtapper\" style=\"text-align:left;\"><div class=\"qrcprowrapper\"  id=\"qrcwraa2leds\"><div class=\"qrc_canvass\" id=\"qrc_cuttenpages_2\" style=\"display:inline-block\" data-text=\"https:\/\/creadivo.md\/ru\/product\/sifon-lavoar-universal-click-clack-gold-rose\/\"><\/div><\/div><\/div><\/div>","protected":false},"excerpt":{"rendered":"<p>V\u0103 prezent\u0103m un sifon pentru lavoar pentru sticle de \u00eenalt\u0103 clas\u0103 din alam\u0103. Sifonul se potrive\u0219te tuturor lavoarelor cu orificiu<\/p>","protected":false},"featured_media":45991,"template":"","meta":[],"product_brand":[],"product_cat":[102],"product_tag":[],"class_list":{"0":"post-45990","1":"product","2":"type-product","3":"status-publish","4":"has-post-thumbnail","6":"product_cat-sifoane-si-rigole","7":"pa_informatii-suplimentare-capacul-se-inchide-cu-un-buton-de-inchidere","9":"first","10":"instock","11":"purchasable","12":"product-type-simple"},"_links":{"self":[{"href":"https:\/\/creadivo.md\/ru\/wp-json\/wp\/v2\/product\/45990","targetHints":{"allow":["GET"]}}],"collection":[{"href":"https:\/\/creadivo.md\/ru\/wp-json\/wp\/v2\/product"}],"about":[{"href":"https:\/\/creadivo.md\/ru\/wp-json\/wp\/v2\/types\/product"}],"version-history":[{"count":0,"href":"https:\/\/creadivo.md\/ru\/wp-json\/wp\/v2\/product\/45990\/revisions"}],"wp:featuredmedia":[{"embeddable":true,"href":"https:\/\/creadivo.md\/ru\/wp-json\/wp\/v2\/media\/45991"}],"wp:attachment":[{"href":"https:\/\/creadivo.md\/ru\/wp-json\/wp\/v2\/media?parent=45990"}],"wp:term":[{"taxonomy":"product_brand","embeddable":true,"href":"https:\/\/creadivo.md\/ru\/wp-json\/wp\/v2\/product_brand?post=45990"},{"taxonomy":"product_cat","embeddable":true,"href":"https:\/\/creadivo.md\/ru\/wp-json\/wp\/v2\/product_cat?post=45990"},{"taxonomy":"product_tag","embeddable":true,"href":"https:\/\/creadivo.md\/ru\/wp-json\/wp\/v2\/product_tag?post=45990"}],"curies":[{"name":"wp","href":"https:\/\/api.w.org\/{rel}","templated":true}]}}