{"id":46009,"date":"2024-06-10T20:49:12","date_gmt":"2024-06-10T20:49:12","guid":{"rendered":"https:\/\/creadivo.md\/?post_type=product&#038;p=46009"},"modified":"2026-04-08T00:11:28","modified_gmt":"2026-04-08T00:11:28","slug":"dop-universal-click-clack-chrome","status":"publish","type":"product","link":"https:\/\/creadivo.md\/ru\/product\/dop-universal-click-clack-chrome\/","title":{"rendered":"\u0414\u041e\u041d\u041d\u042b\u0419 \u041a\u041b\u0410\u041f\u0410\u041d CLICK-CLACK CHROME"},"content":{"rendered":"<p>Pluta este o alegere excelent\u0103 pentru proprietarii oric\u0103rei buc\u0103t\u0103rie sau baie. A fost acoperit cu un strat argintiu de 4 ori de calitate superioar\u0103. dopul click-clack este universal \u0219i se potrive\u0219te at\u00e2t la chiuvete cu ori f\u0103r\u0103 orificiu de preaplin.<\/p>\n<p>Datorit\u0103 acestei tehnici, produsul este protejat \u00eempotriva coroziunii, p\u0103t\u0103rii \u0219i decolor\u0103rii.<\/p>\n<div style=\"margin: 20px 0;\"><div class=\"qrcswholewtapper\" style=\"text-align:left;\"><div class=\"qrcprowrapper\"  id=\"qrcwraa2leds\"><div class=\"qrc_canvass\" id=\"qrc_cuttenpages_2\" style=\"display:inline-block\" data-text=\"https:\/\/creadivo.md\/ru\/product\/dop-universal-click-clack-chrome\/\"><\/div><\/div><\/div><\/div>","protected":false},"excerpt":{"rendered":"<p>Pluta este o alegere excelent\u0103 pentru proprietarii oric\u0103rei buc\u0103t\u0103rie sau baie. A fost acoperit cu un strat argintiu de 4<\/p>","protected":false},"featured_media":46010,"template":"","meta":[],"product_brand":[],"product_cat":[102],"product_tag":[],"class_list":{"0":"post-46009","1":"product","2":"type-product","3":"status-publish","4":"has-post-thumbnail","6":"product_cat-sifoane-si-rigole","7":"pa_informatii-suplimentare-blocat-prin-apasare","9":"first","10":"instock","11":"purchasable","12":"product-type-simple"},"_links":{"self":[{"href":"https:\/\/creadivo.md\/ru\/wp-json\/wp\/v2\/product\/46009","targetHints":{"allow":["GET"]}}],"collection":[{"href":"https:\/\/creadivo.md\/ru\/wp-json\/wp\/v2\/product"}],"about":[{"href":"https:\/\/creadivo.md\/ru\/wp-json\/wp\/v2\/types\/product"}],"version-history":[{"count":0,"href":"https:\/\/creadivo.md\/ru\/wp-json\/wp\/v2\/product\/46009\/revisions"}],"wp:featuredmedia":[{"embeddable":true,"href":"https:\/\/creadivo.md\/ru\/wp-json\/wp\/v2\/media\/46010"}],"wp:attachment":[{"href":"https:\/\/creadivo.md\/ru\/wp-json\/wp\/v2\/media?parent=46009"}],"wp:term":[{"taxonomy":"product_brand","embeddable":true,"href":"https:\/\/creadivo.md\/ru\/wp-json\/wp\/v2\/product_brand?post=46009"},{"taxonomy":"product_cat","embeddable":true,"href":"https:\/\/creadivo.md\/ru\/wp-json\/wp\/v2\/product_cat?post=46009"},{"taxonomy":"product_tag","embeddable":true,"href":"https:\/\/creadivo.md\/ru\/wp-json\/wp\/v2\/product_tag?post=46009"}],"curies":[{"name":"wp","href":"https:\/\/api.w.org\/{rel}","templated":true}]}}