{"id":46016,"date":"2024-06-10T20:49:23","date_gmt":"2024-06-10T20:49:23","guid":{"rendered":"https:\/\/creadivo.md\/?post_type=product&#038;p=46016"},"modified":"2024-09-11T15:02:48","modified_gmt":"2024-09-11T15:02:48","slug":"buton-h-pentru-cadru-wc-e3650-black","status":"publish","type":"product","link":"https:\/\/creadivo.md\/ru\/product\/buton-h-pentru-cadru-wc-e3650-black\/","title":{"rendered":"\u0418\u041d\u0421\u0422\u0410\u041b\u041b\u042f\u0426\u0418\u042f \u0414\u041b\u042f \u0423\u041d\u0418\u0422\u0410\u0417\u0410 E3650 BLACK"},"content":{"rendered":"<p>V\u0103 prezent\u0103m un cadru de toalet\u0103 ascuns extrem de func\u021bional. Acesta este un produs care va umple perfect spa\u021biul b\u0103ii p\u0103str\u00e2nd \u00een acela\u0219i timp aspectul \u0219i estetica impecabile a interiorului. Cadrul este proiectat pentru montaj \u00eencastrat.<\/p>\n<p>Datorit\u0103 unei faze speciale de produc\u021bie, este extrem de durabil. Cadrul este echipat cu un buton de sp\u0103lare cu dou\u0103 func\u021bii, un covora\u0219 de izolare fonic\u0103, un set de \u021bevi, un set pentru montarea cadrului \u0219i un kit de asamblare pentru ag\u0103\u021barea vasului de toalet\u0103.<\/p>\n<div style=\"margin: 20px 0;\"><div class=\"qrcswholewtapper\" style=\"text-align:left;\"><div class=\"qrcprowrapper\"  id=\"qrcwraa2leds\"><div class=\"qrc_canvass\" id=\"qrc_cuttenpages_2\" style=\"display:inline-block\" data-text=\"https:\/\/creadivo.md\/ru\/product\/buton-h-pentru-cadru-wc-e3650-black\/\"><\/div><\/div><\/div><\/div>","protected":false},"excerpt":{"rendered":"<p>V\u0103 prezent\u0103m un cadru de toalet\u0103 ascuns extrem de func\u021bional. Acesta este un produs care va umple perfect spa\u021biul b\u0103ii<\/p>","protected":false},"featured_media":46017,"template":"","meta":[],"product_brand":[],"product_cat":[27,109],"product_tag":[],"class_list":{"0":"post-46016","1":"product","2":"type-product","3":"status-publish","4":"has-post-thumbnail","6":"product_cat-accesorii-pentru-casa","7":"product_cat-instalatii-sanitare-wc","8":"pa_informatii-suplimentare-spalare-3-6-litri-adancimea-minima-de-instalare-90-mm","10":"first","11":"instock","12":"purchasable","13":"product-type-simple"},"_links":{"self":[{"href":"https:\/\/creadivo.md\/ru\/wp-json\/wp\/v2\/product\/46016","targetHints":{"allow":["GET"]}}],"collection":[{"href":"https:\/\/creadivo.md\/ru\/wp-json\/wp\/v2\/product"}],"about":[{"href":"https:\/\/creadivo.md\/ru\/wp-json\/wp\/v2\/types\/product"}],"version-history":[{"count":0,"href":"https:\/\/creadivo.md\/ru\/wp-json\/wp\/v2\/product\/46016\/revisions"}],"wp:featuredmedia":[{"embeddable":true,"href":"https:\/\/creadivo.md\/ru\/wp-json\/wp\/v2\/media\/46017"}],"wp:attachment":[{"href":"https:\/\/creadivo.md\/ru\/wp-json\/wp\/v2\/media?parent=46016"}],"wp:term":[{"taxonomy":"product_brand","embeddable":true,"href":"https:\/\/creadivo.md\/ru\/wp-json\/wp\/v2\/product_brand?post=46016"},{"taxonomy":"product_cat","embeddable":true,"href":"https:\/\/creadivo.md\/ru\/wp-json\/wp\/v2\/product_cat?post=46016"},{"taxonomy":"product_tag","embeddable":true,"href":"https:\/\/creadivo.md\/ru\/wp-json\/wp\/v2\/product_tag?post=46016"}],"curies":[{"name":"wp","href":"https:\/\/api.w.org\/{rel}","templated":true}]}}