{"id":46053,"date":"2024-06-10T20:50:15","date_gmt":"2024-06-10T20:50:15","guid":{"rendered":"https:\/\/creadivo.md\/?post_type=product&#038;p=46053"},"modified":"2026-03-31T00:11:28","modified_gmt":"2026-03-31T00:11:28","slug":"sifon-universal-click-clack-gold","status":"publish","type":"product","link":"https:\/\/creadivo.md\/ru\/product\/sifon-universal-click-clack-gold\/","title":{"rendered":"\u0421\u0418\u0424\u041e\u041d \u0423\u041d\u0418\u0412\u0415\u0420\u0421\u0410\u041b\u042c\u041d\u042b\u0419 \u0414\u041b\u042f \u0420\u0410\u041a\u041e\u0412\u0418\u041d\u042b CLICK-CLACK GOLD"},"content":{"rendered":"<p>V\u0103 prezent\u0103m un sifon de lavoar cu sticle de \u00eenalt\u0103 clas\u0103 din alam\u0103. Sifonul se potrive\u0219te tuturor chiuvetelor cu orificiu de scurgere standard de 45 mm. Ad\u0103ug\u0103m gratuit un dop Klik-Klak la sifon! Setul include toate piuli\u021bele \u0219i garniturile necesare pentru asamblare \u0219i utilizare.<\/p>\n<div style=\"margin: 20px 0;\"><div class=\"qrcswholewtapper\" style=\"text-align:left;\"><div class=\"qrcprowrapper\"  id=\"qrcwraa2leds\"><div class=\"qrc_canvass\" id=\"qrc_cuttenpages_2\" style=\"display:inline-block\" data-text=\"https:\/\/creadivo.md\/ru\/product\/sifon-universal-click-clack-gold\/\"><\/div><\/div><\/div><\/div>","protected":false},"excerpt":{"rendered":"<p>V\u0103 prezent\u0103m un sifon de lavoar cu sticle de \u00eenalt\u0103 clas\u0103 din alam\u0103. Sifonul se potrive\u0219te tuturor chiuvetelor cu orificiu<\/p>","protected":false},"featured_media":46054,"template":"","meta":[],"product_brand":[],"product_cat":[102],"product_tag":[],"class_list":{"0":"post-46053","1":"product","2":"type-product","3":"status-publish","4":"has-post-thumbnail","6":"product_cat-sifoane-si-rigole","7":"pa_informatii-suplimentare-capacul-se-inchide-cu-un-buton-de-inchidere","9":"first","10":"instock","11":"purchasable","12":"product-type-simple"},"_links":{"self":[{"href":"https:\/\/creadivo.md\/ru\/wp-json\/wp\/v2\/product\/46053","targetHints":{"allow":["GET"]}}],"collection":[{"href":"https:\/\/creadivo.md\/ru\/wp-json\/wp\/v2\/product"}],"about":[{"href":"https:\/\/creadivo.md\/ru\/wp-json\/wp\/v2\/types\/product"}],"version-history":[{"count":0,"href":"https:\/\/creadivo.md\/ru\/wp-json\/wp\/v2\/product\/46053\/revisions"}],"wp:featuredmedia":[{"embeddable":true,"href":"https:\/\/creadivo.md\/ru\/wp-json\/wp\/v2\/media\/46054"}],"wp:attachment":[{"href":"https:\/\/creadivo.md\/ru\/wp-json\/wp\/v2\/media?parent=46053"}],"wp:term":[{"taxonomy":"product_brand","embeddable":true,"href":"https:\/\/creadivo.md\/ru\/wp-json\/wp\/v2\/product_brand?post=46053"},{"taxonomy":"product_cat","embeddable":true,"href":"https:\/\/creadivo.md\/ru\/wp-json\/wp\/v2\/product_cat?post=46053"},{"taxonomy":"product_tag","embeddable":true,"href":"https:\/\/creadivo.md\/ru\/wp-json\/wp\/v2\/product_tag?post=46053"}],"curies":[{"name":"wp","href":"https:\/\/api.w.org\/{rel}","templated":true}]}}