{"id":46115,"date":"2024-06-10T20:51:18","date_gmt":"2024-06-10T20:51:18","guid":{"rendered":"https:\/\/creadivo.md\/?post_type=product&#038;p=46115"},"modified":"2026-03-27T00:20:04","modified_gmt":"2026-03-27T00:20:04","slug":"cabina-de-dus-diamond-black-90x90","status":"publish","type":"product","link":"https:\/\/creadivo.md\/ru\/product\/cabina-de-dus-diamond-black-90x90\/","title":{"rendered":"\u0414\u0423\u0428\u0415\u0412\u0410\u042f \u041a\u0410\u0411\u0418\u041d\u0410 DIAMOND BLACK 90\u00d790"},"content":{"rendered":"<p>Minunata cabin\u0103 Diamond cu o not\u0103 de geometrie va re\u00eemprosp\u0103ta cu siguran\u021b\u0103 orice decor de baie \u0219i va introduce o atmosfer\u0103 uimitoare, indiferent dac\u0103 designul interior este modern, stil mansard\u0103 sau oricare altul. Profilele negre combinate cu sticla transparenta nu sunt altceva decat un echilibru perfect in designul intregului produs. Liniile negre care trec de-a lungul peretelui, cre\u00e2nd un model perfect echilibrat, este un alt avantaj care \u00eenc\u00e2nt\u0103 ochiul chiar \u0219i celor mai rafinate gusturi. Bra\u021bul reglabil din aluminiu completeaz\u0103 \u00eentreaga compozi\u021bie cu minimalismul s\u0103u.<\/p>\n<p>Acoperirea Nano Easy Clean, cu care am acoperit sticla \u00een etapa de produc\u021bie, face ca apa s\u0103 se condenseze pe suprafa\u021ba sticlei \u0219i s\u0103 se scurg\u0103 \u00eempreun\u0103 cu toate impurit\u0103\u021bile. Datorit\u0103 acestui lucru, \u00ee\u021bi po\u021bi p\u0103stra cu u\u0219urin\u021b\u0103 baia impecabil de curat\u0103.<\/p>\n<div style=\"margin: 20px 0;\"><div class=\"qrcswholewtapper\" style=\"text-align:left;\"><div class=\"qrcprowrapper\"  id=\"qrcwraa2leds\"><div class=\"qrc_canvass\" id=\"qrc_cuttenpages_2\" style=\"display:inline-block\" data-text=\"https:\/\/creadivo.md\/ru\/product\/cabina-de-dus-diamond-black-90x90\/\"><\/div><\/div><\/div><\/div>","protected":false},"excerpt":{"rendered":"<p>Minunata cabin\u0103 Diamond cu o not\u0103 de geometrie va re\u00eemprosp\u0103ta cu siguran\u021b\u0103 orice decor de baie \u0219i va introduce o<\/p>","protected":false},"featured_media":46116,"template":"","meta":[],"product_brand":[],"product_cat":[24,298],"product_tag":[],"class_list":{"0":"post-46115","1":"product","2":"type-product","3":"status-publish","4":"has-post-thumbnail","6":"product_cat-cabine-de-dus","7":"product_cat-cabine-de-colt","8":"pa_acoperire-usor-curatat","9":"pa_directia-de-instalare-universal","10":"pa_grosime-de-sticla-6-mm-intarit","11":"pa_inaltime-195-cm","12":"pa_informatii-suplimentare-usile-se-deschid-spre-exterior","13":"pa_instalare-pe-cada-de-dus-sau-direct-pe-podea","14":"pa_tip-cabina-colt-pentagonal-deschis","16":"first","17":"instock","18":"purchasable","19":"product-type-simple"},"_links":{"self":[{"href":"https:\/\/creadivo.md\/ru\/wp-json\/wp\/v2\/product\/46115","targetHints":{"allow":["GET"]}}],"collection":[{"href":"https:\/\/creadivo.md\/ru\/wp-json\/wp\/v2\/product"}],"about":[{"href":"https:\/\/creadivo.md\/ru\/wp-json\/wp\/v2\/types\/product"}],"version-history":[{"count":0,"href":"https:\/\/creadivo.md\/ru\/wp-json\/wp\/v2\/product\/46115\/revisions"}],"wp:featuredmedia":[{"embeddable":true,"href":"https:\/\/creadivo.md\/ru\/wp-json\/wp\/v2\/media\/46116"}],"wp:attachment":[{"href":"https:\/\/creadivo.md\/ru\/wp-json\/wp\/v2\/media?parent=46115"}],"wp:term":[{"taxonomy":"product_brand","embeddable":true,"href":"https:\/\/creadivo.md\/ru\/wp-json\/wp\/v2\/product_brand?post=46115"},{"taxonomy":"product_cat","embeddable":true,"href":"https:\/\/creadivo.md\/ru\/wp-json\/wp\/v2\/product_cat?post=46115"},{"taxonomy":"product_tag","embeddable":true,"href":"https:\/\/creadivo.md\/ru\/wp-json\/wp\/v2\/product_tag?post=46115"}],"curies":[{"name":"wp","href":"https:\/\/api.w.org\/{rel}","templated":true}]}}