{"id":46145,"date":"2024-06-10T20:51:54","date_gmt":"2024-06-10T20:51:54","guid":{"rendered":"https:\/\/creadivo.md\/?post_type=product&#038;p=46145"},"modified":"2026-03-27T00:20:06","modified_gmt":"2026-03-27T00:20:06","slug":"paravan-pentru-cada-lagos-fix-black-70","status":"publish","type":"product","link":"https:\/\/creadivo.md\/ru\/product\/paravan-pentru-cada-lagos-fix-black-70\/","title":{"rendered":"\u0428\u0422\u041e\u0420\u041a\u0410 \u0414\u041b\u042f \u0412\u0410\u041d\u041d\u042b LAGOS FIX BLACK 70"},"content":{"rendered":"<p>Paravanul pentru cada de \u00eenalt\u0103 calitate Lagos Fix Black se caracterizeaz\u0103 prin universalitatea utiliz\u0103rii. Poate fi instalat cu succes atat pe marginea dreapta cat si pe cea din stanga a cazii.<\/p>\n<div style=\"margin: 20px 0;\"><div class=\"qrcswholewtapper\" style=\"text-align:left;\"><div class=\"qrcprowrapper\"  id=\"qrcwraa2leds\"><div class=\"qrc_canvass\" id=\"qrc_cuttenpages_2\" style=\"display:inline-block\" data-text=\"https:\/\/creadivo.md\/ru\/product\/paravan-pentru-cada-lagos-fix-black-70\/\"><\/div><\/div><\/div><\/div>","protected":false},"excerpt":{"rendered":"<p>Paravanul pentru cada de \u00eenalt\u0103 calitate Lagos Fix Black se caracterizeaz\u0103 prin universalitatea utiliz\u0103rii. Poate fi instalat cu succes atat<\/p>","protected":false},"featured_media":46146,"template":"","meta":[],"product_brand":[],"product_cat":[23,2068],"product_tag":[],"class_list":{"0":"post-46145","1":"product","2":"type-product","3":"status-publish","4":"has-post-thumbnail","6":"product_cat-cazi-de-baie","7":"product_cat-paravane-pentru-cazi-de-baie","8":"pa_directia-de-instalare-universal","9":"pa_grosime-de-sticla-5-mm-intarit","10":"pa_informatii-suplimentare-ecran-cu-o-singura-foaie","11":"pa_pliere-nu","13":"first","14":"instock","15":"purchasable","16":"product-type-simple"},"_links":{"self":[{"href":"https:\/\/creadivo.md\/ru\/wp-json\/wp\/v2\/product\/46145","targetHints":{"allow":["GET"]}}],"collection":[{"href":"https:\/\/creadivo.md\/ru\/wp-json\/wp\/v2\/product"}],"about":[{"href":"https:\/\/creadivo.md\/ru\/wp-json\/wp\/v2\/types\/product"}],"version-history":[{"count":0,"href":"https:\/\/creadivo.md\/ru\/wp-json\/wp\/v2\/product\/46145\/revisions"}],"wp:featuredmedia":[{"embeddable":true,"href":"https:\/\/creadivo.md\/ru\/wp-json\/wp\/v2\/media\/46146"}],"wp:attachment":[{"href":"https:\/\/creadivo.md\/ru\/wp-json\/wp\/v2\/media?parent=46145"}],"wp:term":[{"taxonomy":"product_brand","embeddable":true,"href":"https:\/\/creadivo.md\/ru\/wp-json\/wp\/v2\/product_brand?post=46145"},{"taxonomy":"product_cat","embeddable":true,"href":"https:\/\/creadivo.md\/ru\/wp-json\/wp\/v2\/product_cat?post=46145"},{"taxonomy":"product_tag","embeddable":true,"href":"https:\/\/creadivo.md\/ru\/wp-json\/wp\/v2\/product_tag?post=46145"}],"curies":[{"name":"wp","href":"https:\/\/api.w.org\/{rel}","templated":true}]}}