{"id":46365,"date":"2024-06-10T20:56:23","date_gmt":"2024-06-10T20:56:23","guid":{"rendered":"https:\/\/creadivo.md\/?post_type=product&#038;p=46365"},"modified":"2026-03-27T00:20:15","modified_gmt":"2026-03-27T00:20:15","slug":"coloana-de-dus-jack-black","status":"publish","type":"product","link":"https:\/\/creadivo.md\/ru\/product\/coloana-de-dus-jack-black\/","title":{"rendered":"\u0414\u0423\u0428\u0415\u0412\u0410\u042f \u0421\u0422\u041e\u0419\u041a\u0410 JACK BLACK"},"content":{"rendered":"<p>Coloana de du\u0219 a fost conceput\u0103 pentru confort \u0219i func\u021bionalitate. Culoarea coloanei va sublinia unicitatea fiecarei bai. \u00cen produc\u021bia seturilor noastre de du\u0219, am folosit cele mai bune tehnologii de v\u00e2rf pentru a garanta siguran\u021b\u0103 \u0219i confort maxim \u00een utilizarea de zi cu zi. Designul unic \u0219i calitatea \u00eenalt\u0103 a materialelor utilizate garanteaz\u0103 durabilitate \u0219i fiabilitate pentru mul\u021bi ani.<\/p>\n<p>Dispozitivul prezentat se remarc\u0103 prin designul s\u0103u elegant \u0219i finisarea detaliat\u0103. Coloana de du\u0219 Jack Black se caracterizeaz\u0103 printr-un design geometric care se \u00eencadreaz\u0103 \u00een tendin\u021bele actuale de design interior. Pe langa aspectul sau atractiv, aparatul este dotat cu solutii care usureaza folosirea dusului. Duzele incluse in setul de dus folosesc sistemul Anti-Calc, care previne depunerile de calcar. Mai mult, inaltimea dusului cu efect de ploaie si a capului de dus pot fi controlate prin aranjarea elementelor in functie de nevoile dumneavoastra.<\/p>\n<div style=\"margin: 20px 0;\"><div class=\"qrcswholewtapper\" style=\"text-align:left;\"><div class=\"qrcprowrapper\"  id=\"qrcwraa2leds\"><div class=\"qrc_canvass\" id=\"qrc_cuttenpages_2\" style=\"display:inline-block\" data-text=\"https:\/\/creadivo.md\/ru\/product\/coloana-de-dus-jack-black\/\"><\/div><\/div><\/div><\/div>","protected":false},"excerpt":{"rendered":"<p>Coloana de du\u0219 a fost conceput\u0103 pentru confort \u0219i func\u021bionalitate. Culoarea coloanei va sublinia unicitatea fiecarei bai. \u00cen produc\u021bia seturilor<\/p>","protected":false},"featured_media":46366,"template":"","meta":[],"product_brand":[],"product_cat":[100,2085],"product_tag":[],"class_list":{"0":"post-46365","1":"product","2":"type-product","3":"status-publish","4":"has-post-thumbnail","6":"product_cat-coloane-de-dus","7":"product_cat-sisteme-de-dus","8":"pa_cap-ceramica-cu-mixer","9":"pa_conexiune-1-2-inch","10":"pa_inaltime-1020-mm","11":"pa_informatii-suplimentare-sistem-anti-calc-articulatia-sferica-permite-orice-pozitionare-a-dusului-cu-ploaie","12":"pa_instalare-montat-pe-perete-montat-la-suprafata","14":"first","15":"instock","16":"purchasable","17":"product-type-simple"},"_links":{"self":[{"href":"https:\/\/creadivo.md\/ru\/wp-json\/wp\/v2\/product\/46365","targetHints":{"allow":["GET"]}}],"collection":[{"href":"https:\/\/creadivo.md\/ru\/wp-json\/wp\/v2\/product"}],"about":[{"href":"https:\/\/creadivo.md\/ru\/wp-json\/wp\/v2\/types\/product"}],"version-history":[{"count":0,"href":"https:\/\/creadivo.md\/ru\/wp-json\/wp\/v2\/product\/46365\/revisions"}],"wp:featuredmedia":[{"embeddable":true,"href":"https:\/\/creadivo.md\/ru\/wp-json\/wp\/v2\/media\/46366"}],"wp:attachment":[{"href":"https:\/\/creadivo.md\/ru\/wp-json\/wp\/v2\/media?parent=46365"}],"wp:term":[{"taxonomy":"product_brand","embeddable":true,"href":"https:\/\/creadivo.md\/ru\/wp-json\/wp\/v2\/product_brand?post=46365"},{"taxonomy":"product_cat","embeddable":true,"href":"https:\/\/creadivo.md\/ru\/wp-json\/wp\/v2\/product_cat?post=46365"},{"taxonomy":"product_tag","embeddable":true,"href":"https:\/\/creadivo.md\/ru\/wp-json\/wp\/v2\/product_tag?post=46365"}],"curies":[{"name":"wp","href":"https:\/\/api.w.org\/{rel}","templated":true}]}}