{"id":46377,"date":"2024-06-10T20:56:23","date_gmt":"2024-06-10T20:56:23","guid":{"rendered":"https:\/\/creadivo.md\/?post_type=product&#038;p=46377"},"modified":"2026-04-10T00:11:16","modified_gmt":"2026-04-10T00:11:16","slug":"baterie-lavoar-lungo-gold-low","status":"publish","type":"product","link":"https:\/\/creadivo.md\/ru\/product\/baterie-lavoar-lungo-gold-low\/","title":{"rendered":"\u0421\u041c\u0415\u0421\u0418\u0422\u0415\u041b\u042c \u0414\u041b\u042f \u0423\u041c\u042b\u0412\u0410\u041b\u042c\u041d\u0418\u041a\u0410 LUNGO GOLD LOW"},"content":{"rendered":"<p>V\u0103 prezent\u0103m o baterie modern\u0103 \u0219i extrem de func\u021bional\u0103 Lungo Gold. Acesta este un produs care \u00ee\u021bi va umple perfect spa\u021biul de baie, p\u0103str\u00e2nd \u00een acela\u0219i timp aspectul \u0219i estetica impecabile a interiorului. Robinetul este proiectat pentru a fi montat pe blat sau lavoar. A fost realizat din alam\u0103 \u0219i acoperit cu culoarea aurie d\u00e2nd un efect fenomenal. Datorit\u0103 unei faze speciale de produc\u021bie, este durabil \u0219i u\u0219or de cur\u0103\u021bat.<\/p>\n<p>Robinetul de lavoar Lungo Gold, mic, auriu, se remarc\u0103 prin utilizarea sa universal\u0103. Se potrive\u0219te perfect cu alte elemente interioare decorate at\u00e2t \u00een stil clasic, c\u00e2t \u0219i \u00een stil modern. Accesoriul este potrivit pentru instalarea pe chiuvete de blat. \u00cel pute\u021bi instala singur. \u00centregul proces dureaz\u0103 doar c\u00e2teva momente. Suprafa\u021ba bateriei este rezistent\u0103 la zg\u00e2rieturi \u0219i deterior\u0103ri mecanice. Aeratorul deasupra capului inclus cu accesoriul reduce eficient consumul de ap\u0103 care curge de la robinet.<\/p>\n<div style=\"margin: 20px 0;\"><div class=\"qrcswholewtapper\" style=\"text-align:left;\"><div class=\"qrcprowrapper\"  id=\"qrcwraa2leds\"><div class=\"qrc_canvass\" id=\"qrc_cuttenpages_2\" style=\"display:inline-block\" data-text=\"https:\/\/creadivo.md\/ru\/product\/baterie-lavoar-lungo-gold-low\/\"><\/div><\/div><\/div><\/div>","protected":false},"excerpt":{"rendered":"<p>V\u0103 prezent\u0103m o baterie modern\u0103 \u0219i extrem de func\u021bional\u0103 Lungo Gold. Acesta este un produs care \u00ee\u021bi va umple perfect<\/p>","protected":false},"featured_media":46378,"template":"","meta":[],"product_brand":[],"product_cat":[29,289],"product_tag":[],"class_list":{"0":"post-46377","1":"product","2":"type-product","3":"status-publish","4":"has-post-thumbnail","6":"product_cat-baterii-sanitare","7":"product_cat-pentru-lavoar","8":"pa_cap-ceramica-cu-mixer","9":"pa_conexiune-3-8-inch","10":"pa_inaltime-165-mm","11":"pa_informatii-suplimentare-duza-fixa-aerator-de-aerare","12":"pa_instalare-pentru-lavoar-sau-blat","14":"first","15":"instock","16":"purchasable","17":"product-type-simple"},"_links":{"self":[{"href":"https:\/\/creadivo.md\/ru\/wp-json\/wp\/v2\/product\/46377","targetHints":{"allow":["GET"]}}],"collection":[{"href":"https:\/\/creadivo.md\/ru\/wp-json\/wp\/v2\/product"}],"about":[{"href":"https:\/\/creadivo.md\/ru\/wp-json\/wp\/v2\/types\/product"}],"version-history":[{"count":0,"href":"https:\/\/creadivo.md\/ru\/wp-json\/wp\/v2\/product\/46377\/revisions"}],"wp:featuredmedia":[{"embeddable":true,"href":"https:\/\/creadivo.md\/ru\/wp-json\/wp\/v2\/media\/46378"}],"wp:attachment":[{"href":"https:\/\/creadivo.md\/ru\/wp-json\/wp\/v2\/media?parent=46377"}],"wp:term":[{"taxonomy":"product_brand","embeddable":true,"href":"https:\/\/creadivo.md\/ru\/wp-json\/wp\/v2\/product_brand?post=46377"},{"taxonomy":"product_cat","embeddable":true,"href":"https:\/\/creadivo.md\/ru\/wp-json\/wp\/v2\/product_cat?post=46377"},{"taxonomy":"product_tag","embeddable":true,"href":"https:\/\/creadivo.md\/ru\/wp-json\/wp\/v2\/product_tag?post=46377"}],"curies":[{"name":"wp","href":"https:\/\/api.w.org\/{rel}","templated":true}]}}