{"id":46383,"date":"2024-06-10T20:56:47","date_gmt":"2024-06-10T20:56:47","guid":{"rendered":"https:\/\/creadivo.md\/?post_type=product&#038;p=46383"},"modified":"2026-03-31T00:11:34","modified_gmt":"2026-03-31T00:11:34","slug":"dop-universal-click-clack-old-black","status":"publish","type":"product","link":"https:\/\/creadivo.md\/ru\/product\/dop-universal-click-clack-old-black\/","title":{"rendered":"\u0414\u041e\u041d\u041d\u042b\u0419 \u041a\u041b\u0410\u041f\u0410\u041d CLICK-CLACK OLD BLACK"},"content":{"rendered":"<p>Pluta este o alegere excelent\u0103 pentru proprietarii oric\u0103rei buc\u0103t\u0103rie sau baie. A fost acoperit cu un strat negru de 4 ori de calitate superioar\u0103.<\/p>\n<p>Datorit\u0103 acestei tehnici, produsul este protejat \u00eempotriva coroziunii, p\u0103t\u0103rii \u0219i decolor\u0103rii. Ve\u021bi g\u0103si lavoare potrivite la celelalte licita\u021bii ale noastre. V\u0103 invit\u0103m s\u0103 vede\u021bi oferta noastr\u0103.<\/p>\n<div style=\"margin: 20px 0;\"><div class=\"qrcswholewtapper\" style=\"text-align:left;\"><div class=\"qrcprowrapper\"  id=\"qrcwraa2leds\"><div class=\"qrc_canvass\" id=\"qrc_cuttenpages_2\" style=\"display:inline-block\" data-text=\"https:\/\/creadivo.md\/ru\/product\/dop-universal-click-clack-old-black\/\"><\/div><\/div><\/div><\/div>","protected":false},"excerpt":{"rendered":"<p>Pluta este o alegere excelent\u0103 pentru proprietarii oric\u0103rei buc\u0103t\u0103rie sau baie. A fost acoperit cu un strat negru de 4<\/p>","protected":false},"featured_media":46384,"template":"","meta":[],"product_brand":[],"product_cat":[102],"product_tag":[],"class_list":{"0":"post-46383","1":"product","2":"type-product","3":"status-publish","4":"has-post-thumbnail","6":"product_cat-sifoane-si-rigole","7":"pa_informatii-suplimentare-blocat-prin-apasare","9":"first","10":"instock","11":"purchasable","12":"product-type-simple"},"_links":{"self":[{"href":"https:\/\/creadivo.md\/ru\/wp-json\/wp\/v2\/product\/46383","targetHints":{"allow":["GET"]}}],"collection":[{"href":"https:\/\/creadivo.md\/ru\/wp-json\/wp\/v2\/product"}],"about":[{"href":"https:\/\/creadivo.md\/ru\/wp-json\/wp\/v2\/types\/product"}],"version-history":[{"count":0,"href":"https:\/\/creadivo.md\/ru\/wp-json\/wp\/v2\/product\/46383\/revisions"}],"wp:featuredmedia":[{"embeddable":true,"href":"https:\/\/creadivo.md\/ru\/wp-json\/wp\/v2\/media\/46384"}],"wp:attachment":[{"href":"https:\/\/creadivo.md\/ru\/wp-json\/wp\/v2\/media?parent=46383"}],"wp:term":[{"taxonomy":"product_brand","embeddable":true,"href":"https:\/\/creadivo.md\/ru\/wp-json\/wp\/v2\/product_brand?post=46383"},{"taxonomy":"product_cat","embeddable":true,"href":"https:\/\/creadivo.md\/ru\/wp-json\/wp\/v2\/product_cat?post=46383"},{"taxonomy":"product_tag","embeddable":true,"href":"https:\/\/creadivo.md\/ru\/wp-json\/wp\/v2\/product_tag?post=46383"}],"curies":[{"name":"wp","href":"https:\/\/api.w.org\/{rel}","templated":true}]}}