{"id":46401,"date":"2024-06-10T20:57:08","date_gmt":"2024-06-10T20:57:08","guid":{"rendered":"https:\/\/creadivo.md\/?post_type=product&#038;p=46401"},"modified":"2026-03-27T00:20:17","modified_gmt":"2026-03-27T00:20:17","slug":"baterie-lavoar-bona-olg-gold-high","status":"publish","type":"product","link":"https:\/\/creadivo.md\/ru\/product\/baterie-lavoar-bona-olg-gold-high\/","title":{"rendered":"\u0421\u041c\u0415\u0421\u0418\u0422\u0415\u041b\u042c \u0414\u041b\u042f \u0423\u041c\u042b\u0412\u0410\u041b\u042c\u041d\u0418\u041a\u0410 BONA OLG GOLD HIGH"},"content":{"rendered":"<p>Robinetul Bona nu este doar stil \u0219i clas\u0103 unice, ci mai presus de toate, finisajul perfect al corpului din alam\u0103 \u0219i un aspect clasic, f\u0103r\u0103 cusur. Robinetul folose\u0219te capul ceramic de cea mai bun\u0103 calitate, care garanteaz\u0103 o func\u021bionare pe termen lung, f\u0103r\u0103 probleme, timp de mul\u021bi ani.<\/p>\n<p>Avansarea celor mai bune tehnologii va face ca ac\u0163ionarea manetei s\u0103 fie \u00eentotdeauna pl\u0103cut simpl\u0103 \u015fi extrem de precis\u0103. Duza de la robinet este echipata cu un aerator care economiseste apa cu pana la 50%. Acest lucru face ca bateria s\u0103 fie ecologic\u0103.<\/p>\n<div style=\"margin: 20px 0;\"><div class=\"qrcswholewtapper\" style=\"text-align:left;\"><div class=\"qrcprowrapper\"  id=\"qrcwraa2leds\"><div class=\"qrc_canvass\" id=\"qrc_cuttenpages_2\" style=\"display:inline-block\" data-text=\"https:\/\/creadivo.md\/ru\/product\/baterie-lavoar-bona-olg-gold-high\/\"><\/div><\/div><\/div><\/div>","protected":false},"excerpt":{"rendered":"<p>Robinetul Bona nu este doar stil \u0219i clas\u0103 unice, ci mai presus de toate, finisajul perfect al corpului din alam\u0103<\/p>","protected":false},"featured_media":46402,"template":"","meta":[],"product_brand":[],"product_cat":[29,289],"product_tag":[],"class_list":{"0":"post-46401","1":"product","2":"type-product","3":"status-publish","4":"has-post-thumbnail","6":"product_cat-baterii-sanitare","7":"product_cat-pentru-lavoar","8":"pa_cap-ceramica-cu-mixer","9":"pa_conexiune-3-8-inch","10":"pa_inaltime-280-mm","11":"pa_informatii-suplimentare-duza-mobila-si-aerator-de-aerare","12":"pa_instalare-pentru-o-chiuveta-chiuveta-sau-blat","14":"first","15":"instock","16":"purchasable","17":"product-type-simple"},"_links":{"self":[{"href":"https:\/\/creadivo.md\/ru\/wp-json\/wp\/v2\/product\/46401","targetHints":{"allow":["GET"]}}],"collection":[{"href":"https:\/\/creadivo.md\/ru\/wp-json\/wp\/v2\/product"}],"about":[{"href":"https:\/\/creadivo.md\/ru\/wp-json\/wp\/v2\/types\/product"}],"version-history":[{"count":0,"href":"https:\/\/creadivo.md\/ru\/wp-json\/wp\/v2\/product\/46401\/revisions"}],"wp:featuredmedia":[{"embeddable":true,"href":"https:\/\/creadivo.md\/ru\/wp-json\/wp\/v2\/media\/46402"}],"wp:attachment":[{"href":"https:\/\/creadivo.md\/ru\/wp-json\/wp\/v2\/media?parent=46401"}],"wp:term":[{"taxonomy":"product_brand","embeddable":true,"href":"https:\/\/creadivo.md\/ru\/wp-json\/wp\/v2\/product_brand?post=46401"},{"taxonomy":"product_cat","embeddable":true,"href":"https:\/\/creadivo.md\/ru\/wp-json\/wp\/v2\/product_cat?post=46401"},{"taxonomy":"product_tag","embeddable":true,"href":"https:\/\/creadivo.md\/ru\/wp-json\/wp\/v2\/product_tag?post=46401"}],"curies":[{"name":"wp","href":"https:\/\/api.w.org\/{rel}","templated":true}]}}