{"id":46408,"date":"2024-06-10T20:57:19","date_gmt":"2024-06-10T20:57:19","guid":{"rendered":"https:\/\/creadivo.md\/?post_type=product&#038;p=46408"},"modified":"2026-03-27T00:20:17","modified_gmt":"2026-03-27T00:20:17","slug":"lavoar-goya-60","status":"publish","type":"product","link":"https:\/\/creadivo.md\/ru\/product\/lavoar-goya-60\/","title":{"rendered":"\u0423\u041c\u042b\u0412\u0410\u041b\u042c\u041d\u0418\u041a GOYA 60"},"content":{"rendered":"<p>Lavoarul este un element modern \u0219i elegant, ideal pentru b\u0103ile contemporane. Montat direct pe suprafa\u021ba blatului, acest tip de lavoar adaug\u0103 un plus de stil \u0219i spa\u021bialitate, oferind totodat\u0103 func\u021bionalitate. Disponibil \u00eentr-o varietate de forme \u0219i materiale, lavoarul pe blat este u\u0219or de integrat \u00een diferite stiluri de design interior, fiind o alegere popular\u0103 pentru cei care doresc s\u0103 transforme baia \u00eentr-un spa\u021biu sofisticat \u0219i practic.<\/p>\n<div style=\"margin: 20px 0;\"><div class=\"qrcswholewtapper\" style=\"text-align:left;\"><div class=\"qrcprowrapper\"  id=\"qrcwraa2leds\"><div class=\"qrc_canvass\" id=\"qrc_cuttenpages_2\" style=\"display:inline-block\" data-text=\"https:\/\/creadivo.md\/ru\/product\/lavoar-goya-60\/\"><\/div><\/div><\/div><\/div>","protected":false},"excerpt":{"rendered":"<p>Lavoarul este un element modern \u0219i elegant, ideal pentru b\u0103ile contemporane. Montat direct pe suprafa\u021ba blatului, acest tip de lavoar<\/p>","protected":false},"featured_media":46409,"template":"","meta":[],"product_brand":[],"product_cat":[21,286],"product_tag":[],"class_list":{"0":"post-46408","1":"product","2":"type-product","3":"status-publish","4":"has-post-thumbnail","6":"product_cat-lavoare","7":"product_cat-lavoar-pe-blat","9":"first","10":"instock","11":"purchasable","12":"product-type-simple"},"_links":{"self":[{"href":"https:\/\/creadivo.md\/ru\/wp-json\/wp\/v2\/product\/46408","targetHints":{"allow":["GET"]}}],"collection":[{"href":"https:\/\/creadivo.md\/ru\/wp-json\/wp\/v2\/product"}],"about":[{"href":"https:\/\/creadivo.md\/ru\/wp-json\/wp\/v2\/types\/product"}],"version-history":[{"count":1,"href":"https:\/\/creadivo.md\/ru\/wp-json\/wp\/v2\/product\/46408\/revisions"}],"predecessor-version":[{"id":62438,"href":"https:\/\/creadivo.md\/ru\/wp-json\/wp\/v2\/product\/46408\/revisions\/62438"}],"wp:featuredmedia":[{"embeddable":true,"href":"https:\/\/creadivo.md\/ru\/wp-json\/wp\/v2\/media\/46409"}],"wp:attachment":[{"href":"https:\/\/creadivo.md\/ru\/wp-json\/wp\/v2\/media?parent=46408"}],"wp:term":[{"taxonomy":"product_brand","embeddable":true,"href":"https:\/\/creadivo.md\/ru\/wp-json\/wp\/v2\/product_brand?post=46408"},{"taxonomy":"product_cat","embeddable":true,"href":"https:\/\/creadivo.md\/ru\/wp-json\/wp\/v2\/product_cat?post=46408"},{"taxonomy":"product_tag","embeddable":true,"href":"https:\/\/creadivo.md\/ru\/wp-json\/wp\/v2\/product_tag?post=46408"}],"curies":[{"name":"wp","href":"https:\/\/api.w.org\/{rel}","templated":true}]}}