{"id":46681,"date":"2024-06-10T21:02:37","date_gmt":"2024-06-10T21:02:37","guid":{"rendered":"https:\/\/creadivo.md\/?post_type=product&#038;p=46681"},"modified":"2026-03-31T00:11:43","modified_gmt":"2026-03-31T00:11:43","slug":"dop-universal-click-clack-gold","status":"publish","type":"product","link":"https:\/\/creadivo.md\/ru\/product\/dop-universal-click-clack-gold\/","title":{"rendered":"\u0414\u041e\u041d\u041d\u042b\u0419 \u041a\u041b\u0410\u041f\u0410\u041d CLICK-CLACK GOLD"},"content":{"rendered":"<p>Dopucul click-clack este universal \u0219i se potrive\u0219te at\u00e2t la chiuvete cu ori f\u0103r\u0103 orificiu de preaplin. Datorit\u0103 unei faze speciale de produc\u021bie, pluta este protejat\u0103 \u00eempotriva coroziunii, p\u0103t\u0103rii \u0219i decolor\u0103rii.<\/p>\n<div style=\"margin: 20px 0;\"><div class=\"qrcswholewtapper\" style=\"text-align:left;\"><div class=\"qrcprowrapper\"  id=\"qrcwraa2leds\"><div class=\"qrc_canvass\" id=\"qrc_cuttenpages_2\" style=\"display:inline-block\" data-text=\"https:\/\/creadivo.md\/ru\/product\/dop-universal-click-clack-gold\/\"><\/div><\/div><\/div><\/div>","protected":false},"excerpt":{"rendered":"<p>Dopucul click-clack este universal \u0219i se potrive\u0219te at\u00e2t la chiuvete cu ori f\u0103r\u0103 orificiu de preaplin. Datorit\u0103 unei faze speciale<\/p>","protected":false},"featured_media":46682,"template":"","meta":[],"product_brand":[],"product_cat":[102],"product_tag":[],"class_list":{"0":"post-46681","1":"product","2":"type-product","3":"status-publish","4":"has-post-thumbnail","6":"product_cat-sifoane-si-rigole","7":"pa_informatii-suplimentare-blocat-prin-apasare","9":"first","10":"instock","11":"purchasable","12":"product-type-simple"},"_links":{"self":[{"href":"https:\/\/creadivo.md\/ru\/wp-json\/wp\/v2\/product\/46681","targetHints":{"allow":["GET"]}}],"collection":[{"href":"https:\/\/creadivo.md\/ru\/wp-json\/wp\/v2\/product"}],"about":[{"href":"https:\/\/creadivo.md\/ru\/wp-json\/wp\/v2\/types\/product"}],"version-history":[{"count":0,"href":"https:\/\/creadivo.md\/ru\/wp-json\/wp\/v2\/product\/46681\/revisions"}],"wp:featuredmedia":[{"embeddable":true,"href":"https:\/\/creadivo.md\/ru\/wp-json\/wp\/v2\/media\/46682"}],"wp:attachment":[{"href":"https:\/\/creadivo.md\/ru\/wp-json\/wp\/v2\/media?parent=46681"}],"wp:term":[{"taxonomy":"product_brand","embeddable":true,"href":"https:\/\/creadivo.md\/ru\/wp-json\/wp\/v2\/product_brand?post=46681"},{"taxonomy":"product_cat","embeddable":true,"href":"https:\/\/creadivo.md\/ru\/wp-json\/wp\/v2\/product_cat?post=46681"},{"taxonomy":"product_tag","embeddable":true,"href":"https:\/\/creadivo.md\/ru\/wp-json\/wp\/v2\/product_tag?post=46681"}],"curies":[{"name":"wp","href":"https:\/\/api.w.org\/{rel}","templated":true}]}}