{"id":46690,"date":"2024-06-10T21:02:49","date_gmt":"2024-06-10T21:02:49","guid":{"rendered":"https:\/\/creadivo.md\/?post_type=product&#038;p=46690"},"modified":"2026-04-08T00:11:45","modified_gmt":"2026-04-08T00:11:45","slug":"baterie-pentru-cada-glen-black-low","status":"publish","type":"product","link":"https:\/\/creadivo.md\/ru\/product\/baterie-pentru-cada-glen-black-low\/","title":{"rendered":"\u0421\u041c\u0415\u0421\u0418\u0422\u0415\u041b\u042c \u0414\u041b\u042f \u0412\u0410\u041d\u041d\u042b GLEN BLACK LOW"},"content":{"rendered":"<p>Un set excelent format din trei p\u0103r\u021bi. Acest set se va potrivi perfect \u00een orice spa\u021biu de baie. Negrul mat cu aspect excelent va spori elegan\u021ba \u0219i valoarea fiec\u0103rei b\u0103i. Fiecare parte a setului este realizat\u0103 din alam\u0103 \u0219i acoperit\u0103 cu un strat negru foarte rezistent, care \u00eei permite s\u0103 fie p\u0103strat curat \u0219i protejeaz\u0103 \u00eempotriva zg\u00e2rieturilor \u0219i deterior\u0103rii.<\/p>\n<div style=\"margin: 20px 0;\"><div class=\"qrcswholewtapper\" style=\"text-align:left;\"><div class=\"qrcprowrapper\"  id=\"qrcwraa2leds\"><div class=\"qrc_canvass\" id=\"qrc_cuttenpages_2\" style=\"display:inline-block\" data-text=\"https:\/\/creadivo.md\/ru\/product\/baterie-pentru-cada-glen-black-low\/\"><\/div><\/div><\/div><\/div>","protected":false},"excerpt":{"rendered":"<p>Un set excelent format din trei p\u0103r\u021bi. Acest set se va potrivi perfect \u00een orice spa\u021biu de baie. Negrul mat<\/p>","protected":false},"featured_media":46691,"template":"","meta":[],"product_brand":[],"product_cat":[29,290],"product_tag":[],"class_list":{"0":"post-46690","1":"product","2":"type-product","3":"status-publish","4":"has-post-thumbnail","6":"product_cat-baterii-sanitare","7":"product_cat-pentru-cada","8":"pa_cap-ceramica-cu-mixer","9":"pa_conexiune-3-8-inch","10":"pa_informatii-suplimentare-aerator-de-aerisire-comutator-cu-2-functii","11":"pa_instalare-pentru-cada-sau-blat","13":"first","14":"instock","15":"purchasable","16":"product-type-simple"},"_links":{"self":[{"href":"https:\/\/creadivo.md\/ru\/wp-json\/wp\/v2\/product\/46690","targetHints":{"allow":["GET"]}}],"collection":[{"href":"https:\/\/creadivo.md\/ru\/wp-json\/wp\/v2\/product"}],"about":[{"href":"https:\/\/creadivo.md\/ru\/wp-json\/wp\/v2\/types\/product"}],"version-history":[{"count":0,"href":"https:\/\/creadivo.md\/ru\/wp-json\/wp\/v2\/product\/46690\/revisions"}],"wp:featuredmedia":[{"embeddable":true,"href":"https:\/\/creadivo.md\/ru\/wp-json\/wp\/v2\/media\/46691"}],"wp:attachment":[{"href":"https:\/\/creadivo.md\/ru\/wp-json\/wp\/v2\/media?parent=46690"}],"wp:term":[{"taxonomy":"product_brand","embeddable":true,"href":"https:\/\/creadivo.md\/ru\/wp-json\/wp\/v2\/product_brand?post=46690"},{"taxonomy":"product_cat","embeddable":true,"href":"https:\/\/creadivo.md\/ru\/wp-json\/wp\/v2\/product_cat?post=46690"},{"taxonomy":"product_tag","embeddable":true,"href":"https:\/\/creadivo.md\/ru\/wp-json\/wp\/v2\/product_tag?post=46690"}],"curies":[{"name":"wp","href":"https:\/\/api.w.org\/{rel}","templated":true}]}}