{"id":46693,"date":"2024-06-10T21:02:49","date_gmt":"2024-06-10T21:02:49","guid":{"rendered":"https:\/\/creadivo.md\/?post_type=product&#038;p=46693"},"modified":"2026-03-27T00:20:30","modified_gmt":"2026-03-27T00:20:30","slug":"baterie-pentru-cada-glen-gold-low","status":"publish","type":"product","link":"https:\/\/creadivo.md\/ru\/product\/baterie-pentru-cada-glen-gold-low\/","title":{"rendered":"\u0421\u041c\u0415\u0421\u0418\u0422\u0415\u041b\u042c \u0414\u041b\u042f \u0412\u0410\u041d\u041d\u042b GLEN GOLD LOW"},"content":{"rendered":"<p>Un set excelent format din trei p\u0103r\u021bi. Acest set se va potrivi perfect \u00een orice spa\u021biu de baie. Aurul minunat va spori elegan\u021ba \u0219i valoarea fiec\u0103rei b\u0103i. Fiecare parte a setului este realizat\u0103 din alam\u0103 \u0219i acoperit\u0103 cu un strat de aur foarte rezistent, care permite men\u021binerea cur\u0103\u021beniei corespunz\u0103toare \u0219i protejeaz\u0103 \u00eempotriva zg\u00e2rieturilor \u0219i deterior\u0103rii.<\/p>\n<div style=\"margin: 20px 0;\"><div class=\"qrcswholewtapper\" style=\"text-align:left;\"><div class=\"qrcprowrapper\"  id=\"qrcwraa2leds\"><div class=\"qrc_canvass\" id=\"qrc_cuttenpages_2\" style=\"display:inline-block\" data-text=\"https:\/\/creadivo.md\/ru\/product\/baterie-pentru-cada-glen-gold-low\/\"><\/div><\/div><\/div><\/div>","protected":false},"excerpt":{"rendered":"<p>Un set excelent format din trei p\u0103r\u021bi. Acest set se va potrivi perfect \u00een orice spa\u021biu de baie. Aurul minunat<\/p>","protected":false},"featured_media":46694,"template":"","meta":[],"product_brand":[],"product_cat":[29,290],"product_tag":[],"class_list":{"0":"post-46693","1":"product","2":"type-product","3":"status-publish","4":"has-post-thumbnail","6":"product_cat-baterii-sanitare","7":"product_cat-pentru-cada","8":"pa_cap-ceramica-cu-mixer","9":"pa_conexiune-3-8-inch","10":"pa_informatii-suplimentare-aerator-de-aerisire-comutator-cu-2-functii","11":"pa_instalare-pentru-cada-sau-blat","13":"first","14":"outofstock","15":"purchasable","16":"product-type-simple"},"_links":{"self":[{"href":"https:\/\/creadivo.md\/ru\/wp-json\/wp\/v2\/product\/46693","targetHints":{"allow":["GET"]}}],"collection":[{"href":"https:\/\/creadivo.md\/ru\/wp-json\/wp\/v2\/product"}],"about":[{"href":"https:\/\/creadivo.md\/ru\/wp-json\/wp\/v2\/types\/product"}],"version-history":[{"count":0,"href":"https:\/\/creadivo.md\/ru\/wp-json\/wp\/v2\/product\/46693\/revisions"}],"wp:featuredmedia":[{"embeddable":true,"href":"https:\/\/creadivo.md\/ru\/wp-json\/wp\/v2\/media\/46694"}],"wp:attachment":[{"href":"https:\/\/creadivo.md\/ru\/wp-json\/wp\/v2\/media?parent=46693"}],"wp:term":[{"taxonomy":"product_brand","embeddable":true,"href":"https:\/\/creadivo.md\/ru\/wp-json\/wp\/v2\/product_brand?post=46693"},{"taxonomy":"product_cat","embeddable":true,"href":"https:\/\/creadivo.md\/ru\/wp-json\/wp\/v2\/product_cat?post=46693"},{"taxonomy":"product_tag","embeddable":true,"href":"https:\/\/creadivo.md\/ru\/wp-json\/wp\/v2\/product_tag?post=46693"}],"curies":[{"name":"wp","href":"https:\/\/api.w.org\/{rel}","templated":true}]}}