{"id":46754,"date":"2024-06-10T21:04:33","date_gmt":"2024-06-10T21:04:33","guid":{"rendered":"https:\/\/creadivo.md\/?post_type=product&#038;p=46754"},"modified":"2026-03-27T00:20:33","modified_gmt":"2026-03-27T00:20:33","slug":"paravan-pentru-cada-lagpers-1-fix-black-70","status":"publish","type":"product","link":"https:\/\/creadivo.md\/ru\/product\/paravan-pentru-cada-lagpers-1-fix-black-70\/","title":{"rendered":"\u0428\u0422\u041e\u0420\u041a\u0410 \u0414\u041b\u042f \u0412\u0410\u041d\u041d\u042b LAGPERS-1 FIX BLACK 70"},"content":{"rendered":"<p>Un ecran inovator \u0219i universal de la Lagos-1 Fix, realizat pe un profil puternic, fix. Designul paravanului se potrive\u0219te perfect c\u0103zii de baie. Finisajul negru al ecranului este un element decorativ uimitor \u00een fiecare baie la mod\u0103. Am depus toate eforturile pentru a ne asigura c\u0103, pe l\u00e2ng\u0103 func\u021bionalitatea de \u00eenalt\u0103 clas\u0103, produsul este \u0219i un element unic \u00een baia dumneavoastr\u0103 \u0219i aduce pl\u0103cere nu numai corpului, ci \u0219i ochilor.<\/p>\n<p>Garant\u0103m aspectul perfect \u0219i durabilitatea acoperirii pentru mul\u021bi ani. Culoarea neagr\u0103 se aplic\u0103 \u00een timpul procesului de produc\u021bie \u0219i apoi se \u00eent\u0103re\u0219te de dou\u0103 ori \u00eempreun\u0103 cu frunza la o temperatur\u0103 de 600-800\u00b0C. Acest lucru garanteaz\u0103 durabilitate 100% \u0219i rezisten\u021b\u0103 la zg\u00e2rieturi \u0219i deterior\u0103ri mecanice. Aceasta este singura metod\u0103 care asigur\u0103 cea mai \u00eenalt\u0103 calitate \u0219i durabilitate.<\/p>\n<p>O paravan\u0103 elegant\u0103 \u0219i stilat\u0103 v\u0103 va permite s\u0103 v\u0103 transforma\u021bi cada \u00eentr-o cabin\u0103 de du\u0219, prevenind stropirea \u00een baie \u0219i \u00eembun\u0103t\u0103\u021bindu-i propriet\u0103\u021bile vizuale. Profilele din aluminiu \u00een negru vor face baia elegant\u0103 \u0219i vor \u00eenc\u00e2nta fiecare oaspete. Paravanul pentru cada Lagos-1, datorit\u0103 designului s\u0103u simplu \u0219i construc\u021biei unui singur geam de sticl\u0103, va fi o alegere ideal\u0103 pentru orice baie, iar datorit\u0103 instal\u0103rii sale universale, poate fi instalat at\u00e2t pe partea dreapt\u0103, c\u00e2t \u0219i pe partea st\u00e2ng\u0103 a c\u0103zii.<\/p>\n<p>Decorat cu o subtil\u0103 nuan\u021b\u0103 de geometrie, va \u00eemprosp\u0103ta cu siguran\u021b\u0103 orice decor de baie \u0219i va introduce o atmosfer\u0103 uimitoare, indiferent dac\u0103 designul interior este modern, mansard\u0103 sau orice alt stil. Profilele negre combinate cu sticla transparenta nu sunt altceva decat un echilibru perfect in designul intregului produs. Liniile negre care trec de-a lungul peretelui, cre\u00e2nd un model perfect echilibrat, este un alt avantaj care \u00eenc\u00e2nt\u0103 ochiul chiar \u0219i celor mai rafinate gusturi.<\/p>\n<div style=\"margin: 20px 0;\"><div class=\"qrcswholewtapper\" style=\"text-align:left;\"><div class=\"qrcprowrapper\"  id=\"qrcwraa2leds\"><div class=\"qrc_canvass\" id=\"qrc_cuttenpages_2\" style=\"display:inline-block\" data-text=\"https:\/\/creadivo.md\/ru\/product\/paravan-pentru-cada-lagpers-1-fix-black-70\/\"><\/div><\/div><\/div><\/div>","protected":false},"excerpt":{"rendered":"<p>Un ecran inovator \u0219i universal de la Lagos-1 Fix, realizat pe un profil puternic, fix. Designul paravanului se potrive\u0219te perfect<\/p>","protected":false},"featured_media":46755,"template":"","meta":[],"product_brand":[],"product_cat":[23,2068],"product_tag":[],"class_list":{"0":"post-46754","1":"product","2":"type-product","3":"status-publish","4":"has-post-thumbnail","6":"product_cat-cazi-de-baie","7":"product_cat-paravane-pentru-cazi-de-baie","8":"pa_directia-de-instalare-universal","9":"pa_grosime-de-sticla-5-mm-intarit","10":"pa_informatii-suplimentare-ecran-cu-o-singura-foaie","11":"pa_pliere-nu","13":"first","14":"instock","15":"purchasable","16":"product-type-simple"},"_links":{"self":[{"href":"https:\/\/creadivo.md\/ru\/wp-json\/wp\/v2\/product\/46754","targetHints":{"allow":["GET"]}}],"collection":[{"href":"https:\/\/creadivo.md\/ru\/wp-json\/wp\/v2\/product"}],"about":[{"href":"https:\/\/creadivo.md\/ru\/wp-json\/wp\/v2\/types\/product"}],"version-history":[{"count":0,"href":"https:\/\/creadivo.md\/ru\/wp-json\/wp\/v2\/product\/46754\/revisions"}],"wp:featuredmedia":[{"embeddable":true,"href":"https:\/\/creadivo.md\/ru\/wp-json\/wp\/v2\/media\/46755"}],"wp:attachment":[{"href":"https:\/\/creadivo.md\/ru\/wp-json\/wp\/v2\/media?parent=46754"}],"wp:term":[{"taxonomy":"product_brand","embeddable":true,"href":"https:\/\/creadivo.md\/ru\/wp-json\/wp\/v2\/product_brand?post=46754"},{"taxonomy":"product_cat","embeddable":true,"href":"https:\/\/creadivo.md\/ru\/wp-json\/wp\/v2\/product_cat?post=46754"},{"taxonomy":"product_tag","embeddable":true,"href":"https:\/\/creadivo.md\/ru\/wp-json\/wp\/v2\/product_tag?post=46754"}],"curies":[{"name":"wp","href":"https:\/\/api.w.org\/{rel}","templated":true}]}}