{"id":46769,"date":"2024-06-10T21:04:53","date_gmt":"2024-06-10T21:04:53","guid":{"rendered":"https:\/\/creadivo.md\/?post_type=product&#038;p=46769"},"modified":"2025-01-10T08:29:05","modified_gmt":"2025-01-10T08:29:05","slug":"paravan-de-dus-mobil-lagos-1-black-80","status":"publish","type":"product","link":"https:\/\/creadivo.md\/ru\/product\/paravan-de-dus-mobil-lagos-1-black-80\/","title":{"rendered":"\u0414\u0423\u0428\u0415\u0412\u0410\u042f \u0421\u0422\u0415\u041d\u041a\u0410 MOBIL LAGOS-1 BLACK 80"},"content":{"rendered":"<p>Paravanul mobil pentru cad\u0103 LAGOS-1 Black poate fi instalat cu succes at\u00e2t pe marginea dreapt\u0103, c\u00e2t \u0219i pe marginea st\u00e2ng\u0103 a c\u0103zii. Modelul se potrive\u0219te perfect cu alte elemente de design interior.<\/p>\n<div style=\"margin: 20px 0;\"><div class=\"qrcswholewtapper\" style=\"text-align:left;\"><div class=\"qrcprowrapper\"  id=\"qrcwraa2leds\"><div class=\"qrc_canvass\" id=\"qrc_cuttenpages_2\" style=\"display:inline-block\" data-text=\"https:\/\/creadivo.md\/ru\/product\/paravan-de-dus-mobil-lagos-1-black-80\/\"><\/div><\/div><\/div><\/div>","protected":false},"excerpt":{"rendered":"<p>Paravanul mobil pentru cad\u0103 LAGOS-1 Black poate fi instalat cu succes at\u00e2t pe marginea dreapt\u0103, c\u00e2t \u0219i pe marginea st\u00e2ng\u0103<\/p>","protected":false},"featured_media":46770,"template":"","meta":[],"product_brand":[],"product_cat":[23,2068],"product_tag":[],"class_list":{"0":"post-46769","1":"product","2":"type-product","3":"status-publish","4":"has-post-thumbnail","6":"product_cat-cazi-de-baie","7":"product_cat-paravane-pentru-cazi-de-baie","8":"pa_directia-de-instalare-universal","9":"pa_grosime-de-sticla-5mm-intarit","10":"pa_informatii-suplimentare-ecran-cu-o-singura-frunza-cu-etansare-inferioara","11":"pa_pliere-in-afara","13":"first","14":"instock","15":"purchasable","16":"product-type-simple"},"_links":{"self":[{"href":"https:\/\/creadivo.md\/ru\/wp-json\/wp\/v2\/product\/46769","targetHints":{"allow":["GET"]}}],"collection":[{"href":"https:\/\/creadivo.md\/ru\/wp-json\/wp\/v2\/product"}],"about":[{"href":"https:\/\/creadivo.md\/ru\/wp-json\/wp\/v2\/types\/product"}],"version-history":[{"count":0,"href":"https:\/\/creadivo.md\/ru\/wp-json\/wp\/v2\/product\/46769\/revisions"}],"wp:featuredmedia":[{"embeddable":true,"href":"https:\/\/creadivo.md\/ru\/wp-json\/wp\/v2\/media\/46770"}],"wp:attachment":[{"href":"https:\/\/creadivo.md\/ru\/wp-json\/wp\/v2\/media?parent=46769"}],"wp:term":[{"taxonomy":"product_brand","embeddable":true,"href":"https:\/\/creadivo.md\/ru\/wp-json\/wp\/v2\/product_brand?post=46769"},{"taxonomy":"product_cat","embeddable":true,"href":"https:\/\/creadivo.md\/ru\/wp-json\/wp\/v2\/product_cat?post=46769"},{"taxonomy":"product_tag","embeddable":true,"href":"https:\/\/creadivo.md\/ru\/wp-json\/wp\/v2\/product_tag?post=46769"}],"curies":[{"name":"wp","href":"https:\/\/api.w.org\/{rel}","templated":true}]}}