{"id":46813,"date":"2024-06-10T21:06:31","date_gmt":"2024-06-10T21:06:31","guid":{"rendered":"https:\/\/creadivo.md\/?post_type=product&#038;p=46813"},"modified":"2026-01-24T00:20:12","modified_gmt":"2026-01-24T00:20:12","slug":"paravan-de-dus-aero-black-120","status":"publish","type":"product","link":"https:\/\/creadivo.md\/ru\/product\/paravan-de-dus-aero-black-120\/","title":{"rendered":"\u0414\u0423\u0428\u0415\u0412\u0410\u042f \u0421\u0422\u0415\u041d\u041a\u0410 AERO BLACK 120"},"content":{"rendered":"<p>Va prezentam un perete de dus frumos, extrem de functional si modern. Acesta este un produs care \u00ee\u021bi va umple perfect spa\u021biul de baie, p\u0103str\u00e2nd \u00een acela\u0219i timp aspectul \u0219i estetica impecabile a interiorului. Peretele este potrivit pentru instalare pe o cad\u0103 de du\u0219 sau cu scurgere liniar\u0103. Este realizat din sticla securizata de inalta calitate.<\/p>\n<p>Elementele negre au fost acoperite cu laser cu un strat de 4 ori din email de cea mai \u00eenalt\u0103 calitate. Datorit\u0103 acestei tehnici, elementele de aluminiu ale sticlei sunt protejate \u00eempotriva coroziunii, p\u0103t\u0103rii \u0219i decolor\u0103rii. Datorit\u0103 unei faze speciale de produc\u021bie, este durabil \u0219i u\u0219or de cur\u0103\u021bat. Pute\u021bi g\u0103si c\u0103zi de du\u0219 \u0219i scurgeri liniare potrivite la celelalte licita\u021bii ale noastre. V\u0103 invit\u0103m s\u0103 vede\u021bi oferta noastr\u0103.<\/p>\n<div style=\"margin: 20px 0;\"><div class=\"qrcswholewtapper\" style=\"text-align:left;\"><div class=\"qrcprowrapper\"  id=\"qrcwraa2leds\"><div class=\"qrc_canvass\" id=\"qrc_cuttenpages_2\" style=\"display:inline-block\" data-text=\"https:\/\/creadivo.md\/ru\/product\/paravan-de-dus-aero-black-120\/\"><\/div><\/div><\/div><\/div>","protected":false},"excerpt":{"rendered":"<p>Va prezentam un perete de dus frumos, extrem de functional si modern. Acesta este un produs care \u00ee\u021bi va umple<\/p>","protected":false},"featured_media":46814,"template":"","meta":[],"product_brand":[],"product_cat":[24,297],"product_tag":[],"class_list":{"0":"post-46813","1":"product","2":"type-product","3":"status-publish","4":"has-post-thumbnail","6":"product_cat-cabine-de-dus","7":"product_cat-paravan-pentru-dus","8":"pa_acoperire-usor-curatat","9":"pa_directia-de-instalare-universal","10":"pa_grosime-de-sticla-8-mm-intarit","11":"pa_inaltime-195-cm","12":"pa_informatii-suplimentare-posibilitatea-de-a-monta-suportul-pe-perete-sau-tavan","13":"pa_instalare-pe-cabina-de-dus-sau-direct-pe-podea","14":"pa_suport-superior-articulat","16":"first","17":"outofstock","18":"purchasable","19":"product-type-simple"},"_links":{"self":[{"href":"https:\/\/creadivo.md\/ru\/wp-json\/wp\/v2\/product\/46813","targetHints":{"allow":["GET"]}}],"collection":[{"href":"https:\/\/creadivo.md\/ru\/wp-json\/wp\/v2\/product"}],"about":[{"href":"https:\/\/creadivo.md\/ru\/wp-json\/wp\/v2\/types\/product"}],"version-history":[{"count":0,"href":"https:\/\/creadivo.md\/ru\/wp-json\/wp\/v2\/product\/46813\/revisions"}],"wp:featuredmedia":[{"embeddable":true,"href":"https:\/\/creadivo.md\/ru\/wp-json\/wp\/v2\/media\/46814"}],"wp:attachment":[{"href":"https:\/\/creadivo.md\/ru\/wp-json\/wp\/v2\/media?parent=46813"}],"wp:term":[{"taxonomy":"product_brand","embeddable":true,"href":"https:\/\/creadivo.md\/ru\/wp-json\/wp\/v2\/product_brand?post=46813"},{"taxonomy":"product_cat","embeddable":true,"href":"https:\/\/creadivo.md\/ru\/wp-json\/wp\/v2\/product_cat?post=46813"},{"taxonomy":"product_tag","embeddable":true,"href":"https:\/\/creadivo.md\/ru\/wp-json\/wp\/v2\/product_tag?post=46813"}],"curies":[{"name":"wp","href":"https:\/\/api.w.org\/{rel}","templated":true}]}}