{"id":46929,"date":"2024-06-10T21:09:04","date_gmt":"2024-06-10T21:09:04","guid":{"rendered":"https:\/\/creadivo.md\/?post_type=product&#038;p=46929"},"modified":"2026-03-31T00:11:48","modified_gmt":"2026-03-31T00:11:48","slug":"usa-de-dus-alex-black-100","status":"publish","type":"product","link":"https:\/\/creadivo.md\/ru\/product\/usa-de-dus-alex-black-100\/","title":{"rendered":"\u0414\u0423\u0428\u0415\u0412\u0410\u042f \u0414\u0412\u0415\u0420\u042c ALEX BLACK 100"},"content":{"rendered":"<p>Va prezentam o usa de dus de tip Alex moderna si extrem de functionala. Acesta este un produs care \u00ee\u021bi va umple perfect spa\u021biul de baie, p\u0103str\u00e2nd \u00een acela\u0219i timp aspectul \u0219i estetica impecabile a interiorului. Datorit\u0103 designului lor, u\u0219a poate fi instalat\u0103 pe o cad\u0103 de du\u0219 sau direct pe podea cu o scurgere liniar\u0103. Datorit\u0103 elementelor de finisaj negre, produsul nostru este extrem de elegant \u0219i \u00een acela\u0219i timp universal \u0219i cu siguran\u021b\u0103 se va potrivi \u00een decorul camerei tale, indiferent dac\u0103 este o baie modern\u0103 sau clasic\u0103.<\/p>\n<p>U\u0219ile Alex constau dintr-un element fix \u0219i dou\u0103 elemente glisante. \u00cen cele din urm\u0103, direc\u021bia u\u0219ii este pe dreapta. Pentru a schimba direc\u021bia u\u0219ii spre st\u00e2nga, de\u0219uruba\u021bi profilele verticale din elementul mobil cel mai exterior, cu banda proeminent\u0103 sub form\u0103 de m\u00e2ner, \u0219i muta\u021bi-le pe cealalt\u0103 parte a geamului.<\/p>\n<div style=\"margin: 20px 0;\"><div class=\"qrcswholewtapper\" style=\"text-align:left;\"><div class=\"qrcprowrapper\"  id=\"qrcwraa2leds\"><div class=\"qrc_canvass\" id=\"qrc_cuttenpages_2\" style=\"display:inline-block\" data-text=\"https:\/\/creadivo.md\/ru\/product\/usa-de-dus-alex-black-100\/\"><\/div><\/div><\/div><\/div>","protected":false},"excerpt":{"rendered":"<p>Va prezentam o usa de dus de tip Alex moderna si extrem de functionala. Acesta este un produs care \u00ee\u021bi<\/p>","protected":false},"featured_media":46930,"template":"","meta":[],"product_brand":[],"product_cat":[24,1335],"product_tag":[],"class_list":{"0":"post-46929","1":"product","2":"type-product","3":"status-publish","4":"has-post-thumbnail","6":"product_cat-cabine-de-dus","7":"product_cat-usi-pentru-cabine-de-dus","8":"pa_acoperire-usor-de-curatat","9":"pa_directia-de-instalare-universal","10":"pa_grosime-de-sticla-4mm-intarit","11":"pa_inaltime-190-cm","12":"pa_informatii-suplimentare-usa-din-3-piese-1-parte-fixa-si-2-parti-glisante","13":"pa_instalare-pe-cabina-de-dus-sau-direct-pe-podea","14":"pa_posibilitate-de-prelungire-nu","15":"pa_tip-de-usa-alunecare","17":"first","18":"instock","19":"purchasable","20":"product-type-simple"},"_links":{"self":[{"href":"https:\/\/creadivo.md\/ru\/wp-json\/wp\/v2\/product\/46929","targetHints":{"allow":["GET"]}}],"collection":[{"href":"https:\/\/creadivo.md\/ru\/wp-json\/wp\/v2\/product"}],"about":[{"href":"https:\/\/creadivo.md\/ru\/wp-json\/wp\/v2\/types\/product"}],"version-history":[{"count":0,"href":"https:\/\/creadivo.md\/ru\/wp-json\/wp\/v2\/product\/46929\/revisions"}],"wp:featuredmedia":[{"embeddable":true,"href":"https:\/\/creadivo.md\/ru\/wp-json\/wp\/v2\/media\/46930"}],"wp:attachment":[{"href":"https:\/\/creadivo.md\/ru\/wp-json\/wp\/v2\/media?parent=46929"}],"wp:term":[{"taxonomy":"product_brand","embeddable":true,"href":"https:\/\/creadivo.md\/ru\/wp-json\/wp\/v2\/product_brand?post=46929"},{"taxonomy":"product_cat","embeddable":true,"href":"https:\/\/creadivo.md\/ru\/wp-json\/wp\/v2\/product_cat?post=46929"},{"taxonomy":"product_tag","embeddable":true,"href":"https:\/\/creadivo.md\/ru\/wp-json\/wp\/v2\/product_tag?post=46929"}],"curies":[{"name":"wp","href":"https:\/\/api.w.org\/{rel}","templated":true}]}}