{"id":46988,"date":"2024-06-10T21:10:32","date_gmt":"2024-06-10T21:10:32","guid":{"rendered":"https:\/\/creadivo.md\/?post_type=product&#038;p=46988"},"modified":"2026-03-27T00:20:41","modified_gmt":"2026-03-27T00:20:41","slug":"buton-f-pentru-cadru-wc-gold","status":"publish","type":"product","link":"https:\/\/creadivo.md\/ru\/product\/buton-f-pentru-cadru-wc-gold\/","title":{"rendered":"\u041a\u041d\u041e\u041f\u041a\u0410 F \u0421\u041c\u042b\u0412\u0410 \u0414\u041b\u042f \u0418\u041d\u0421\u0422\u0410\u041b\u041b\u042f\u0426\u0418\u0418 GOLD"},"content":{"rendered":"<p>V\u0103 prezent\u0103m butoane elegante \u0219i extrem de func\u021bionale pentru un cadru de toalet\u0103 ascuns. Sunt produse care \u00ee\u021bi vor umple perfect spa\u021biul de baie, p\u0103str\u00e2nd \u00een acela\u0219i timp aspectul \u0219i estetica impecabile a interiorului.<\/p>\n<p>Butoanele sunt fabricate din plastic de \u00eenalt\u0103 calitate.<\/p>\n<div style=\"margin: 20px 0;\"><div class=\"qrcswholewtapper\" style=\"text-align:left;\"><div class=\"qrcprowrapper\"  id=\"qrcwraa2leds\"><div class=\"qrc_canvass\" id=\"qrc_cuttenpages_2\" style=\"display:inline-block\" data-text=\"https:\/\/creadivo.md\/ru\/product\/buton-f-pentru-cadru-wc-gold\/\"><\/div><\/div><\/div><\/div>","protected":false},"excerpt":{"rendered":"<p>V\u0103 prezent\u0103m butoane elegante \u0219i extrem de func\u021bionale pentru un cadru de toalet\u0103 ascuns. Sunt produse care \u00ee\u021bi vor umple<\/p>","protected":false},"featured_media":46989,"template":"","meta":[],"product_brand":[],"product_cat":[109,27],"product_tag":[],"class_list":{"0":"post-46988","1":"product","2":"type-product","3":"status-publish","4":"has-post-thumbnail","6":"product_cat-instalatii-sanitare-wc","7":"product_cat-accesorii-pentru-casa","9":"first","10":"outofstock","11":"purchasable","12":"product-type-simple"},"_links":{"self":[{"href":"https:\/\/creadivo.md\/ru\/wp-json\/wp\/v2\/product\/46988","targetHints":{"allow":["GET"]}}],"collection":[{"href":"https:\/\/creadivo.md\/ru\/wp-json\/wp\/v2\/product"}],"about":[{"href":"https:\/\/creadivo.md\/ru\/wp-json\/wp\/v2\/types\/product"}],"version-history":[{"count":0,"href":"https:\/\/creadivo.md\/ru\/wp-json\/wp\/v2\/product\/46988\/revisions"}],"wp:featuredmedia":[{"embeddable":true,"href":"https:\/\/creadivo.md\/ru\/wp-json\/wp\/v2\/media\/46989"}],"wp:attachment":[{"href":"https:\/\/creadivo.md\/ru\/wp-json\/wp\/v2\/media?parent=46988"}],"wp:term":[{"taxonomy":"product_brand","embeddable":true,"href":"https:\/\/creadivo.md\/ru\/wp-json\/wp\/v2\/product_brand?post=46988"},{"taxonomy":"product_cat","embeddable":true,"href":"https:\/\/creadivo.md\/ru\/wp-json\/wp\/v2\/product_cat?post=46988"},{"taxonomy":"product_tag","embeddable":true,"href":"https:\/\/creadivo.md\/ru\/wp-json\/wp\/v2\/product_tag?post=46988"}],"curies":[{"name":"wp","href":"https:\/\/api.w.org\/{rel}","templated":true}]}}