{"id":47006,"date":"2024-06-10T21:11:43","date_gmt":"2024-06-10T21:11:43","guid":{"rendered":"https:\/\/creadivo.md\/?post_type=product&#038;p=47006"},"modified":"2026-04-01T17:26:06","modified_gmt":"2026-04-01T17:26:06","slug":"lavoar-pe-blat-sofia-mini","status":"publish","type":"product","link":"https:\/\/creadivo.md\/ru\/product\/lavoar-pe-blat-sofia-mini\/","title":{"rendered":"\u0423\u041c\u042b\u0412\u0410\u041b\u042c\u041d\u0418\u041a SOFIA MINI"},"content":{"rendered":"<p>Lavoarul Sofia Mini este realizat din materiale de \u00eenalt\u0103 calitate, astfel \u00eenc\u00e2t va \u00eendeplini cerin\u021bele persoanelor care apreciaz\u0103 cea mai \u00eenalt\u0103 calitate \u0219i aspectul frumos. Datorit\u0103 liniei sale armonioase, se potrive\u0219te perfect \u00een orice stil, at\u00e2t modern, c\u00e2t \u0219i clasic. Forma ra\u021bionalizat\u0103 \u00eel face u\u0219or, ceea ce \u00eenseamn\u0103 c\u0103 clien\u021bii no\u0219tri instaleaz\u0103 adesea dou\u0103 chiuvete una l\u00e2ng\u0103 alta. V\u0103 recomand\u0103m \u00een special s\u0103 combina\u021bi chiuveta Sofia cu robinetul \u00eenalt Tess.<\/p>\n<p>Lavoarul de blat Sofia Mini are dimensiuni reduse, deci este perfect pentru locurile in care nu este mult spatiu. Aceasta este o solu\u021bie bun\u0103 pentru camerele din cafenele sau birouri mici, unde adesea nu v\u0103 pute\u021bi permite s\u0103 instala\u021bi elemente mari. \u00cen ciuda dimensiunilor sale modeste, lavoarul Sofia Mini este foarte confortabil de utilizat, iar instalarea unui robinet bine selectat \u00eei spore\u0219te \u0219i mai mult valorile practice.<\/p>\n<div style=\"margin: 20px 0;\"><div class=\"qrcswholewtapper\" style=\"text-align:left;\"><div class=\"qrcprowrapper\"  id=\"qrcwraa2leds\"><div class=\"qrc_canvass\" id=\"qrc_cuttenpages_2\" style=\"display:inline-block\" data-text=\"https:\/\/creadivo.md\/ru\/product\/lavoar-pe-blat-sofia-mini\/\"><\/div><\/div><\/div><\/div>","protected":false},"excerpt":{"rendered":"<p>Lavoarul Sofia Mini este realizat din materiale de \u00eenalt\u0103 calitate, astfel \u00eenc\u00e2t va \u00eendeplini cerin\u021bele persoanelor care apreciaz\u0103 cea mai<\/p>","protected":false},"featured_media":47007,"template":"","meta":[],"product_brand":[],"product_cat":[21,286],"product_tag":[],"class_list":{"0":"post-47006","1":"product","2":"type-product","3":"status-publish","4":"has-post-thumbnail","6":"product_cat-lavoare","7":"product_cat-lavoar-pe-blat","8":"pa_gaura-baterie-nu","9":"pa_gaura-de-deversare-nu","10":"pa_marimea-340x270x130-mm","12":"first","13":"instock","14":"purchasable","15":"product-type-simple"},"_links":{"self":[{"href":"https:\/\/creadivo.md\/ru\/wp-json\/wp\/v2\/product\/47006","targetHints":{"allow":["GET"]}}],"collection":[{"href":"https:\/\/creadivo.md\/ru\/wp-json\/wp\/v2\/product"}],"about":[{"href":"https:\/\/creadivo.md\/ru\/wp-json\/wp\/v2\/types\/product"}],"version-history":[{"count":0,"href":"https:\/\/creadivo.md\/ru\/wp-json\/wp\/v2\/product\/47006\/revisions"}],"wp:featuredmedia":[{"embeddable":true,"href":"https:\/\/creadivo.md\/ru\/wp-json\/wp\/v2\/media\/47007"}],"wp:attachment":[{"href":"https:\/\/creadivo.md\/ru\/wp-json\/wp\/v2\/media?parent=47006"}],"wp:term":[{"taxonomy":"product_brand","embeddable":true,"href":"https:\/\/creadivo.md\/ru\/wp-json\/wp\/v2\/product_brand?post=47006"},{"taxonomy":"product_cat","embeddable":true,"href":"https:\/\/creadivo.md\/ru\/wp-json\/wp\/v2\/product_cat?post=47006"},{"taxonomy":"product_tag","embeddable":true,"href":"https:\/\/creadivo.md\/ru\/wp-json\/wp\/v2\/product_tag?post=47006"}],"curies":[{"name":"wp","href":"https:\/\/api.w.org\/{rel}","templated":true}]}}