{"id":47038,"date":"2024-06-10T21:12:16","date_gmt":"2024-06-10T21:12:16","guid":{"rendered":"https:\/\/creadivo.md\/?post_type=product&#038;p=47038"},"modified":"2024-12-11T05:11:41","modified_gmt":"2024-12-11T05:11:41","slug":"impregnat-hidrofob-pentru-sticla-si-ceramica","status":"publish","type":"product","link":"https:\/\/creadivo.md\/ru\/product\/impregnat-hidrofob-pentru-sticla-si-ceramica\/","title":{"rendered":"\u0413\u0418\u0414\u0420\u041e\u0424\u041e\u0411\u041d\u0410\u042f \u041f\u0420\u041e\u041f\u0418\u0422\u041a\u0410 \u0414\u041b\u042f \u0421\u0422\u0415\u041a\u041b\u0410 \u0418 \u041a\u0415\u0420\u0410\u041c\u0418\u041a\u0418"},"content":{"rendered":"<p>Un agent de impregnare hidrofob pentru protejarea cabinelor de du\u0219 \u0219i a ceramicii protejeaz\u0103 produsul \u00eempotriva depunerilor de ap\u0103, s\u0103pun \u0219i calcar. Ofer\u0103 propriet\u0103\u021bi de autocur\u0103\u021bare, astfel \u00eenc\u00e2t sticla \u0219i alte suprafe\u021be lungi s\u0103 r\u0103m\u00e2n\u0103 curate \u0219i transparente. Preparatul con\u021bine nanoparticule de argint.<\/p>\n<div style=\"margin: 20px 0;\"><div class=\"qrcswholewtapper\" style=\"text-align:left;\"><div class=\"qrcprowrapper\"  id=\"qrcwraa2leds\"><div class=\"qrc_canvass\" id=\"qrc_cuttenpages_2\" style=\"display:inline-block\" data-text=\"https:\/\/creadivo.md\/ru\/product\/impregnat-hidrofob-pentru-sticla-si-ceramica\/\"><\/div><\/div><\/div><\/div>","protected":false},"excerpt":{"rendered":"<p>Un agent de impregnare hidrofob pentru protejarea cabinelor de du\u0219 \u0219i a ceramicii protejeaz\u0103 produsul \u00eempotriva depunerilor de ap\u0103, s\u0103pun<\/p>","protected":false},"featured_media":47039,"template":"","meta":[],"product_brand":[],"product_cat":[27,103],"product_tag":[],"class_list":{"0":"post-47038","1":"product","2":"type-product","3":"status-publish","4":"has-post-thumbnail","6":"product_cat-accesorii-pentru-casa","7":"product_cat-accesorii-de-baie","9":"first","10":"outofstock","11":"purchasable","12":"product-type-simple"},"_links":{"self":[{"href":"https:\/\/creadivo.md\/ru\/wp-json\/wp\/v2\/product\/47038","targetHints":{"allow":["GET"]}}],"collection":[{"href":"https:\/\/creadivo.md\/ru\/wp-json\/wp\/v2\/product"}],"about":[{"href":"https:\/\/creadivo.md\/ru\/wp-json\/wp\/v2\/types\/product"}],"version-history":[{"count":0,"href":"https:\/\/creadivo.md\/ru\/wp-json\/wp\/v2\/product\/47038\/revisions"}],"wp:featuredmedia":[{"embeddable":true,"href":"https:\/\/creadivo.md\/ru\/wp-json\/wp\/v2\/media\/47039"}],"wp:attachment":[{"href":"https:\/\/creadivo.md\/ru\/wp-json\/wp\/v2\/media?parent=47038"}],"wp:term":[{"taxonomy":"product_brand","embeddable":true,"href":"https:\/\/creadivo.md\/ru\/wp-json\/wp\/v2\/product_brand?post=47038"},{"taxonomy":"product_cat","embeddable":true,"href":"https:\/\/creadivo.md\/ru\/wp-json\/wp\/v2\/product_cat?post=47038"},{"taxonomy":"product_tag","embeddable":true,"href":"https:\/\/creadivo.md\/ru\/wp-json\/wp\/v2\/product_tag?post=47038"}],"curies":[{"name":"wp","href":"https:\/\/api.w.org\/{rel}","templated":true}]}}