{"id":47115,"date":"2024-06-10T21:13:46","date_gmt":"2024-06-10T21:13:46","guid":{"rendered":"https:\/\/creadivo.md\/?post_type=product&#038;p=47115"},"modified":"2026-04-09T00:11:34","modified_gmt":"2026-04-09T00:11:34","slug":"cabina-de-dus-punto-black-80x100","status":"publish","type":"product","link":"https:\/\/creadivo.md\/ru\/product\/cabina-de-dus-punto-black-80x100\/","title":{"rendered":"\u0414\u0423\u0428\u0415\u0412\u0410\u042f \u041a\u0410\u0411\u0418\u041d\u0410 PUNTO BLACK 80\u00d7100"},"content":{"rendered":"<p>Func\u021bionalitate \u0219i estetic\u0103 &#8211; aceste cuvinte descriu cel mai bine cabina noastr\u0103 de du\u0219 Punto. Cabina se va potrivi cu siguran\u021b\u0103 cu alte elemente ale decorului b\u0103ii. V\u0103 rug\u0103m s\u0103 verifica\u021bi \u0219i celelalte oferte din magazinul nostru!<\/p>\n<div style=\"margin: 20px 0;\"><div class=\"qrcswholewtapper\" style=\"text-align:left;\"><div class=\"qrcprowrapper\"  id=\"qrcwraa2leds\"><div class=\"qrc_canvass\" id=\"qrc_cuttenpages_2\" style=\"display:inline-block\" data-text=\"https:\/\/creadivo.md\/ru\/product\/cabina-de-dus-punto-black-80x100\/\"><\/div><\/div><\/div><\/div>","protected":false},"excerpt":{"rendered":"<p>Func\u021bionalitate \u0219i estetic\u0103 &#8211; aceste cuvinte descriu cel mai bine cabina noastr\u0103 de du\u0219 Punto. Cabina se va potrivi cu<\/p>","protected":false},"featured_media":47116,"template":"","meta":[],"product_brand":[],"product_cat":[24,298],"product_tag":[],"class_list":{"0":"post-47115","1":"product","2":"type-product","3":"status-publish","4":"has-post-thumbnail","6":"product_cat-cabine-de-dus","7":"product_cat-cabine-de-colt","8":"pa_directia-de-instalare-universal","9":"pa_grosime-de-sticla-5-mm-sticla-mobila-4-mm-sticla-fixa-intarit","10":"pa_inaltime-190-cm","11":"pa_instalare-pe-cabina-de-dus-sau-direct-pe-podea","12":"pa_tip-cabina-colt-alunecare","14":"first","15":"instock","16":"purchasable","17":"product-type-simple"},"_links":{"self":[{"href":"https:\/\/creadivo.md\/ru\/wp-json\/wp\/v2\/product\/47115","targetHints":{"allow":["GET"]}}],"collection":[{"href":"https:\/\/creadivo.md\/ru\/wp-json\/wp\/v2\/product"}],"about":[{"href":"https:\/\/creadivo.md\/ru\/wp-json\/wp\/v2\/types\/product"}],"version-history":[{"count":0,"href":"https:\/\/creadivo.md\/ru\/wp-json\/wp\/v2\/product\/47115\/revisions"}],"wp:featuredmedia":[{"embeddable":true,"href":"https:\/\/creadivo.md\/ru\/wp-json\/wp\/v2\/media\/47116"}],"wp:attachment":[{"href":"https:\/\/creadivo.md\/ru\/wp-json\/wp\/v2\/media?parent=47115"}],"wp:term":[{"taxonomy":"product_brand","embeddable":true,"href":"https:\/\/creadivo.md\/ru\/wp-json\/wp\/v2\/product_brand?post=47115"},{"taxonomy":"product_cat","embeddable":true,"href":"https:\/\/creadivo.md\/ru\/wp-json\/wp\/v2\/product_cat?post=47115"},{"taxonomy":"product_tag","embeddable":true,"href":"https:\/\/creadivo.md\/ru\/wp-json\/wp\/v2\/product_tag?post=47115"}],"curies":[{"name":"wp","href":"https:\/\/api.w.org\/{rel}","templated":true}]}}