{"id":47141,"date":"2024-06-10T21:14:11","date_gmt":"2024-06-10T21:14:11","guid":{"rendered":"https:\/\/creadivo.md\/?post_type=product&#038;p=47141"},"modified":"2026-04-03T00:11:36","modified_gmt":"2026-04-03T00:11:36","slug":"lavoar-de-sine-statator-blanka-natural-mat-marble","status":"publish","type":"product","link":"https:\/\/creadivo.md\/ru\/product\/lavoar-de-sine-statator-blanka-natural-mat-marble\/","title":{"rendered":"\u0423\u041c\u042b\u0412\u0410\u041b\u042c\u041d\u0418\u041a \u041d\u0410\u041f\u041e\u041b\u042c\u041d\u042b\u0419 BLANKA NATURAL MAT MARBLE"},"content":{"rendered":"<p>Lavoarul ceramic freestanding Blanka Natural Matt este un produs monolit unic sub form\u0103 de piedestal. Designul extrem de modern se va potrivi perfect \u00een orice baie cu design elegant. Dimensiunile mari \u0219i forma clasic\u0103, rotund\u0103 a vasului \u00eel fac un accesoriu ideal \u00een baia ta.<\/p>\n<p>Culoarea unic\u0103, natural\u0103, se potrive\u0219te perfect cu alte palete de culori, cum ar fi maro, verde, alb clasic \u0219i negru extrem de \u00eendr\u0103zne\u021b.<\/p>\n<div style=\"margin: 20px 0;\"><div class=\"qrcswholewtapper\" style=\"text-align:left;\"><div class=\"qrcprowrapper\"  id=\"qrcwraa2leds\"><div class=\"qrc_canvass\" id=\"qrc_cuttenpages_2\" style=\"display:inline-block\" data-text=\"https:\/\/creadivo.md\/ru\/product\/lavoar-de-sine-statator-blanka-natural-mat-marble\/\"><\/div><\/div><\/div><\/div>","protected":false},"excerpt":{"rendered":"<p>Lavoarul ceramic freestanding Blanka Natural Matt este un produs monolit unic sub form\u0103 de piedestal. Designul extrem de modern se<\/p>","protected":false},"featured_media":47142,"template":"","meta":[],"product_brand":[],"product_cat":[21,288],"product_tag":[],"class_list":{"0":"post-47141","1":"product","2":"type-product","3":"status-publish","4":"has-post-thumbnail","6":"product_cat-lavoare","7":"product_cat-lavoar-freestanding","8":"pa_gaura-baterie-da","9":"pa_gaura-de-deversare-da","10":"pa_marimea-400x400x850mm","12":"first","13":"instock","14":"purchasable","15":"product-type-simple"},"_links":{"self":[{"href":"https:\/\/creadivo.md\/ru\/wp-json\/wp\/v2\/product\/47141","targetHints":{"allow":["GET"]}}],"collection":[{"href":"https:\/\/creadivo.md\/ru\/wp-json\/wp\/v2\/product"}],"about":[{"href":"https:\/\/creadivo.md\/ru\/wp-json\/wp\/v2\/types\/product"}],"version-history":[{"count":0,"href":"https:\/\/creadivo.md\/ru\/wp-json\/wp\/v2\/product\/47141\/revisions"}],"wp:featuredmedia":[{"embeddable":true,"href":"https:\/\/creadivo.md\/ru\/wp-json\/wp\/v2\/media\/47142"}],"wp:attachment":[{"href":"https:\/\/creadivo.md\/ru\/wp-json\/wp\/v2\/media?parent=47141"}],"wp:term":[{"taxonomy":"product_brand","embeddable":true,"href":"https:\/\/creadivo.md\/ru\/wp-json\/wp\/v2\/product_brand?post=47141"},{"taxonomy":"product_cat","embeddable":true,"href":"https:\/\/creadivo.md\/ru\/wp-json\/wp\/v2\/product_cat?post=47141"},{"taxonomy":"product_tag","embeddable":true,"href":"https:\/\/creadivo.md\/ru\/wp-json\/wp\/v2\/product_tag?post=47141"}],"curies":[{"name":"wp","href":"https:\/\/api.w.org\/{rel}","templated":true}]}}