{"id":47201,"date":"2024-06-10T21:15:31","date_gmt":"2024-06-10T21:15:31","guid":{"rendered":"https:\/\/creadivo.md\/?post_type=product&#038;p=47201"},"modified":"2026-04-10T00:11:33","modified_gmt":"2026-04-10T00:11:33","slug":"cabina-de-dus-diamond-gold-90x90","status":"publish","type":"product","link":"https:\/\/creadivo.md\/ru\/product\/cabina-de-dus-diamond-gold-90x90\/","title":{"rendered":"\u0414\u0423\u0428\u0415\u0412\u0410\u042f \u041a\u0410\u0411\u0418\u041d\u0410 DIAMOND GOLD 90\u00d790"},"content":{"rendered":"<p>Minunata cabin\u0103 Diamond cu un strop de geometrie va re\u00eemprosp\u0103ta cu siguran\u021b\u0103 orice decor de baie \u0219i va introduce o atmosfer\u0103 uimitoare, indiferent dac\u0103 designul interior este modern, mansard\u0103 sau orice alt stil. Profilele aurii combinate cu sticla transparenta nu sunt altceva decat un echilibru perfect in designul intregului produs.<\/p>\n<p>Cabina de dus eleganta Rea Diamond Gold cu dimensiunile de 90\u00d790 cm este realizata din sticla securizata, transparenta. Modelul este potrivit pentru instalare pe podea. A fost folosit aluminiu de \u00eenalt\u0103 calitate pentru a produce profile cu grosimea de 20 mm.<\/p>\n<p>Cabina de col\u021b se deschide basculant folosind m\u00e2nere de o\u021bel la \u00eendem\u00e2n\u0103. Suprafa\u021ba produsului este acoperit\u0103 cu un strat func\u021bional Easy Clean. Acest lucru \u00eel face u\u0219or de p\u0103strat curat. Se vinde \u0219i un set de sigilii \u00eempreun\u0103 cu cabina.<\/p>\n<div style=\"margin: 20px 0;\"><div class=\"qrcswholewtapper\" style=\"text-align:left;\"><div class=\"qrcprowrapper\"  id=\"qrcwraa2leds\"><div class=\"qrc_canvass\" id=\"qrc_cuttenpages_2\" style=\"display:inline-block\" data-text=\"https:\/\/creadivo.md\/ru\/product\/cabina-de-dus-diamond-gold-90x90\/\"><\/div><\/div><\/div><\/div>","protected":false},"excerpt":{"rendered":"<p>Minunata cabin\u0103 Diamond cu un strop de geometrie va re\u00eemprosp\u0103ta cu siguran\u021b\u0103 orice decor de baie \u0219i va introduce o<\/p>","protected":false},"featured_media":47202,"template":"","meta":[],"product_brand":[],"product_cat":[24,298],"product_tag":[],"class_list":{"0":"post-47201","1":"product","2":"type-product","3":"status-publish","4":"has-post-thumbnail","6":"product_cat-cabine-de-dus","7":"product_cat-cabine-de-colt","8":"pa_acoperire-usor-curatat","9":"pa_directia-de-instalare-universal","10":"pa_grosime-de-sticla-6-mm-intarit","11":"pa_inaltime-195-cm","12":"pa_informatii-suplimentare-usile-se-deschid-spre-exterior","13":"pa_instalare-pe-cabina-de-dus-sau-direct-pe-podea","14":"pa_tip-cabina-colt-pentagonal-deschis","16":"first","17":"instock","18":"purchasable","19":"product-type-simple"},"_links":{"self":[{"href":"https:\/\/creadivo.md\/ru\/wp-json\/wp\/v2\/product\/47201","targetHints":{"allow":["GET"]}}],"collection":[{"href":"https:\/\/creadivo.md\/ru\/wp-json\/wp\/v2\/product"}],"about":[{"href":"https:\/\/creadivo.md\/ru\/wp-json\/wp\/v2\/types\/product"}],"version-history":[{"count":0,"href":"https:\/\/creadivo.md\/ru\/wp-json\/wp\/v2\/product\/47201\/revisions"}],"wp:featuredmedia":[{"embeddable":true,"href":"https:\/\/creadivo.md\/ru\/wp-json\/wp\/v2\/media\/47202"}],"wp:attachment":[{"href":"https:\/\/creadivo.md\/ru\/wp-json\/wp\/v2\/media?parent=47201"}],"wp:term":[{"taxonomy":"product_brand","embeddable":true,"href":"https:\/\/creadivo.md\/ru\/wp-json\/wp\/v2\/product_brand?post=47201"},{"taxonomy":"product_cat","embeddable":true,"href":"https:\/\/creadivo.md\/ru\/wp-json\/wp\/v2\/product_cat?post=47201"},{"taxonomy":"product_tag","embeddable":true,"href":"https:\/\/creadivo.md\/ru\/wp-json\/wp\/v2\/product_tag?post=47201"}],"curies":[{"name":"wp","href":"https:\/\/api.w.org\/{rel}","templated":true}]}}