{"id":47226,"date":"2024-06-10T21:16:16","date_gmt":"2024-06-10T21:16:16","guid":{"rendered":"https:\/\/creadivo.md\/?post_type=product&#038;p=47226"},"modified":"2026-03-27T00:20:52","modified_gmt":"2026-03-27T00:20:52","slug":"lavoar-pe-blat-sofia-shiny-aiax-marble","status":"publish","type":"product","link":"https:\/\/creadivo.md\/ru\/product\/lavoar-pe-blat-sofia-shiny-aiax-marble\/","title":{"rendered":"\u0423\u041c\u042b\u0412\u0410\u041b\u042c\u041d\u0418\u041a SOFIA SHINY AIAX MARBLE"},"content":{"rendered":"<p>Lavoarul Sofia Shiny Aiax realizat din materiale de \u00eenalt\u0103 calitate va \u00eendeplini cerin\u021bele oamenilor care pre\u021buiesc calitatea. Datorit\u0103 tehnicii \u00een care a fost realizat stratul superior al lavoarului, fiecare pies\u0103 are un model unic \u0219i unic. Acest efect imit\u0103 piatra natural\u0103.<\/p>\n<div style=\"margin: 20px 0;\"><div class=\"qrcswholewtapper\" style=\"text-align:left;\"><div class=\"qrcprowrapper\"  id=\"qrcwraa2leds\"><div class=\"qrc_canvass\" id=\"qrc_cuttenpages_2\" style=\"display:inline-block\" data-text=\"https:\/\/creadivo.md\/ru\/product\/lavoar-pe-blat-sofia-shiny-aiax-marble\/\"><\/div><\/div><\/div><\/div>","protected":false},"excerpt":{"rendered":"<p>Lavoarul Sofia Shiny Aiax realizat din materiale de \u00eenalt\u0103 calitate va \u00eendeplini cerin\u021bele oamenilor care pre\u021buiesc calitatea. Datorit\u0103 tehnicii \u00een<\/p>","protected":false},"featured_media":47227,"template":"","meta":[],"product_brand":[],"product_cat":[21,286],"product_tag":[],"class_list":{"0":"post-47226","1":"product","2":"type-product","3":"status-publish","4":"has-post-thumbnail","6":"product_cat-lavoare","7":"product_cat-lavoar-pe-blat","8":"pa_gaura-baterie-nu","9":"pa_gaura-de-deversare-nu","10":"pa_marimea-410x345x150-mm","12":"first","13":"instock","14":"purchasable","15":"product-type-simple"},"_links":{"self":[{"href":"https:\/\/creadivo.md\/ru\/wp-json\/wp\/v2\/product\/47226","targetHints":{"allow":["GET"]}}],"collection":[{"href":"https:\/\/creadivo.md\/ru\/wp-json\/wp\/v2\/product"}],"about":[{"href":"https:\/\/creadivo.md\/ru\/wp-json\/wp\/v2\/types\/product"}],"version-history":[{"count":0,"href":"https:\/\/creadivo.md\/ru\/wp-json\/wp\/v2\/product\/47226\/revisions"}],"wp:featuredmedia":[{"embeddable":true,"href":"https:\/\/creadivo.md\/ru\/wp-json\/wp\/v2\/media\/47227"}],"wp:attachment":[{"href":"https:\/\/creadivo.md\/ru\/wp-json\/wp\/v2\/media?parent=47226"}],"wp:term":[{"taxonomy":"product_brand","embeddable":true,"href":"https:\/\/creadivo.md\/ru\/wp-json\/wp\/v2\/product_brand?post=47226"},{"taxonomy":"product_cat","embeddable":true,"href":"https:\/\/creadivo.md\/ru\/wp-json\/wp\/v2\/product_cat?post=47226"},{"taxonomy":"product_tag","embeddable":true,"href":"https:\/\/creadivo.md\/ru\/wp-json\/wp\/v2\/product_tag?post=47226"}],"curies":[{"name":"wp","href":"https:\/\/api.w.org\/{rel}","templated":true}]}}